{"id":9363,"date":"2019-01-22T21:26:59","date_gmt":"2019-01-22T21:26:59","guid":{"rendered":"http:\/\/laplumedeloiseaulyre.com\/?page_id=9363"},"modified":"2019-02-23T20:41:05","modified_gmt":"2019-02-23T20:41:05","slug":"nigelle-de-damas","status":"publish","type":"page","link":"https:\/\/laplumedeloiseaulyre.com\/?page_id=9363","title":{"rendered":"Nigelle de Damas (2018)"},"content":{"rendered":"<p style=\"text-align: justify;\"><span style=\"color: #3366ff;\">Offert comme cadeau de No\u00ebl \u00e0 une jeune fille aimant la po\u00e9sie, cette fleur de <em><strong>Nigelle de Damas<\/strong><\/em>, appel\u00e9e aussi &laquo;&nbsp;Belle-aux-Cheveux-D\u00e9nou\u00e9s&nbsp;&raquo;, \u00e9pouse parfaitement le cadre ancien en bois de ch\u00eane qui lui sert d&rsquo;\u00e9crin. Les fines d\u00e9coupures du feuillage apparaissent dans toute leur d\u00e9licatesse en laissant le regard vagabonder au sein du bleu qui rayonne. Ce cyanotype tient dans le creux de la main comme un tr\u00e9sor rare et unique.<\/span><\/p>\n<div id=\"attachment_9364\" style=\"width: 2033px\" class=\"wp-caption aligncenter\"><img aria-describedby=\"caption-attachment-9364\" loading=\"lazy\" class=\"size-full wp-image-9364\" src=\"https:\/\/i2.wp.com\/laplumedeloiseaulyre.com\/wp-content\/uploads\/2019\/01\/IMG_4641.jpg?resize=860%2C1679\" alt=\"\" width=\"860\" height=\"1679\" srcset=\"https:\/\/i2.wp.com\/laplumedeloiseaulyre.com\/wp-content\/uploads\/2019\/01\/IMG_4641.jpg?w=2023&amp;ssl=1 2023w, https:\/\/i2.wp.com\/laplumedeloiseaulyre.com\/wp-content\/uploads\/2019\/01\/IMG_4641.jpg?resize=154%2C300&amp;ssl=1 154w, https:\/\/i2.wp.com\/laplumedeloiseaulyre.com\/wp-content\/uploads\/2019\/01\/IMG_4641.jpg?resize=768%2C1500&amp;ssl=1 768w, https:\/\/i2.wp.com\/laplumedeloiseaulyre.com\/wp-content\/uploads\/2019\/01\/IMG_4641.jpg?resize=524%2C1024&amp;ssl=1 524w, https:\/\/i2.wp.com\/laplumedeloiseaulyre.com\/wp-content\/uploads\/2019\/01\/IMG_4641.jpg?resize=512%2C999&amp;ssl=1 512w, https:\/\/i2.wp.com\/laplumedeloiseaulyre.com\/wp-content\/uploads\/2019\/01\/IMG_4641.jpg?resize=160%2C312&amp;ssl=1 160w, https:\/\/i2.wp.com\/laplumedeloiseaulyre.com\/wp-content\/uploads\/2019\/01\/IMG_4641.jpg?w=1720 1720w\" sizes=\"(max-width: 860px) 100vw, 860px\" data-recalc-dims=\"1\" \/><p id=\"caption-attachment-9364\" class=\"wp-caption-text\"><strong>Nigelle (<em>Nigella damascena<\/em>, Ranunculaceae)<\/strong> cyanotype, 18&#215;8.5cm, cadre ancien en ch\u00eane, 2018, collection M.du F.de L. \u00a9GLSG<\/p><\/div>\n<div id=\"attachment_9365\" style=\"width: 3034px\" class=\"wp-caption aligncenter\"><img aria-describedby=\"caption-attachment-9365\" loading=\"lazy\" class=\"wp-image-9365 size-full\" src=\"https:\/\/i1.wp.com\/laplumedeloiseaulyre.com\/wp-content\/uploads\/2019\/01\/IMG_4640.jpg?resize=860%2C1147\" width=\"860\" height=\"1147\" srcset=\"https:\/\/i1.wp.com\/laplumedeloiseaulyre.com\/wp-content\/uploads\/2019\/01\/IMG_4640.jpg?w=3024&amp;ssl=1 3024w, https:\/\/i1.wp.com\/laplumedeloiseaulyre.com\/wp-content\/uploads\/2019\/01\/IMG_4640.jpg?resize=225%2C300&amp;ssl=1 225w, https:\/\/i1.wp.com\/laplumedeloiseaulyre.com\/wp-content\/uploads\/2019\/01\/IMG_4640.jpg?resize=768%2C1024&amp;ssl=1 768w, https:\/\/i1.wp.com\/laplumedeloiseaulyre.com\/wp-content\/uploads\/2019\/01\/IMG_4640.jpg?resize=560%2C747&amp;ssl=1 560w, https:\/\/i1.wp.com\/laplumedeloiseaulyre.com\/wp-content\/uploads\/2019\/01\/IMG_4640.jpg?resize=160%2C213&amp;ssl=1 160w, https:\/\/i1.wp.com\/laplumedeloiseaulyre.com\/wp-content\/uploads\/2019\/01\/IMG_4640.jpg?w=1720 1720w, https:\/\/i1.wp.com\/laplumedeloiseaulyre.com\/wp-content\/uploads\/2019\/01\/IMG_4640.jpg?w=2580 2580w\" sizes=\"(max-width: 860px) 100vw, 860px\" data-recalc-dims=\"1\" \/><p id=\"caption-attachment-9365\" class=\"wp-caption-text\"><strong>Nigelle (<em>Nigella damascena<\/em>, Ranunculaceae)<\/strong> cyanotype, 18&#215;8.5cm, cadre ancien en ch\u00eane, 2018, collection M.du F. de L. \u00a9GLSG<\/p><\/div>\n","protected":false},"excerpt":{"rendered":"<p>Offert comme cadeau de No\u00ebl \u00e0 une jeune fille aimant la po\u00e9sie, cette fleur de Nigelle de Damas, appel\u00e9e aussi &laquo;&nbsp;Belle-aux-Cheveux-D\u00e9nou\u00e9s&nbsp;&raquo;, \u00e9pouse parfaitement le cadre ancien en bois de ch\u00eane qui lui sert d&rsquo;\u00e9crin. Les fines d\u00e9coupures du feuillage apparaissent&hellip;<\/p>\n<p class=\"more-link-p\"><a class=\"more-link\" href=\"https:\/\/laplumedeloiseaulyre.com\/?page_id=9363\">Read more &rarr;<\/a><\/p>\n","protected":false},"author":1,"featured_media":0,"parent":0,"menu_order":0,"comment_status":"closed","ping_status":"closed","template":"","meta":{"spay_email":""},"jetpack_shortlink":"https:\/\/wp.me\/P4lzfC-2r1","_links":{"self":[{"href":"https:\/\/laplumedeloiseaulyre.com\/index.php?rest_route=\/wp\/v2\/pages\/9363"}],"collection":[{"href":"https:\/\/laplumedeloiseaulyre.com\/index.php?rest_route=\/wp\/v2\/pages"}],"about":[{"href":"https:\/\/laplumedeloiseaulyre.com\/index.php?rest_route=\/wp\/v2\/types\/page"}],"author":[{"embeddable":true,"href":"https:\/\/laplumedeloiseaulyre.com\/index.php?rest_route=\/wp\/v2\/users\/1"}],"replies":[{"embeddable":true,"href":"https:\/\/laplumedeloiseaulyre.com\/index.php?rest_route=%2Fwp%2Fv2%2Fcomments&post=9363"}],"version-history":[{"count":2,"href":"https:\/\/laplumedeloiseaulyre.com\/index.php?rest_route=\/wp\/v2\/pages\/9363\/revisions"}],"predecessor-version":[{"id":9532,"href":"https:\/\/laplumedeloiseaulyre.com\/index.php?rest_route=\/wp\/v2\/pages\/9363\/revisions\/9532"}],"wp:attachment":[{"href":"https:\/\/laplumedeloiseaulyre.com\/index.php?rest_route=%2Fwp%2Fv2%2Fmedia&parent=9363"}],"curies":[{"name":"wp","href":"https:\/\/api.w.org\/{rel}","templated":true}]}}