{"id":9215,"date":"2018-11-05T22:04:40","date_gmt":"2018-11-05T22:04:40","guid":{"rendered":"http:\/\/laplumedeloiseaulyre.com\/?page_id=9215"},"modified":"2020-11-11T14:12:55","modified_gmt":"2020-11-11T14:12:55","slug":"series","status":"publish","type":"page","link":"https:\/\/laplumedeloiseaulyre.com\/?page_id=9215","title":{"rendered":"S\u00c9RIES"},"content":{"rendered":"<p style=\"text-align: justify; padding-left: 30px;\"><span style=\"color: #3366ff;\"><a style=\"color: #3366ff;\" href=\"http:\/\/laplumedeloiseaulyre.com\/?page_id=8553\" target=\"_blank\"><em>Arboretum<\/em><\/a><\/span><span style=\"color: #3366ff;\"><a style=\"color: #3366ff;\" href=\"http:\/\/laplumedeloiseaulyre.com\/?page_id=8553\" target=\"_blank\"> (s\u00e9rie d&rsquo;arbres qui murmurent &#8211; \u00e9t\u00e9 2018)<\/a><\/span><span style=\"color: #3366ff;\">\u00a0<\/span><\/p>\n<p style=\"text-align: justify; padding-left: 30px;\"><span style=\"color: #3366ff;\"><a style=\"color: #3366ff;\" href=\"http:\/\/laplumedeloiseaulyre.com\/?page_id=8595\" target=\"_blank\"><em>Jardins de Dentelles<\/em><\/a><\/span><span style=\"color: #3366ff;\"><a style=\"color: #3366ff;\" href=\"http:\/\/laplumedeloiseaulyre.com\/?page_id=8595\" target=\"_blank\">\u00a0(s\u00e9rie de fabuleux textiles du temps pass\u00e9 &#8211; \u00e9t\u00e9 2018)\u00a0<\/a><\/span><\/p>\n<p style=\"text-align: justify; padding-left: 30px;\"><span style=\"color: #3366ff;\"><a style=\"color: #3366ff;\" href=\"http:\/\/laplumedeloiseaulyre.com\/?page_id=8620\" target=\"_blank\"><em>Hortus Deliciarum<\/em><\/a><\/span><span style=\"color: #3366ff;\"><a style=\"color: #3366ff;\" href=\"http:\/\/laplumedeloiseaulyre.com\/?page_id=8620\" target=\"_blank\"> (s\u00e9rie de constellations botaniques &#8211; \u00e9t\u00e9 2018)<\/a><\/span><span style=\"color: #3366ff;\">\u00a0<\/span><\/p>\n<p style=\"text-align: justify; padding-left: 30px;\"><span style=\"color: #3366ff;\"><a style=\"color: #3366ff;\" href=\"http:\/\/laplumedeloiseaulyre.com\/?page_id=8639\" target=\"_blank\"><em>Variation de Plumes<\/em><\/a><\/span><span style=\"color: #3366ff;\"><a style=\"color: #3366ff;\" href=\"http:\/\/laplumedeloiseaulyre.com\/?page_id=8639\" target=\"_blank\"> (s\u00e9rie de plumes envol\u00e9es &#8211; \u00e9t\u00e9 2018)<\/a><\/span><span style=\"color: #3366ff;\">\u00a0\u00a0<\/span><\/p>\n<p style=\"text-align: justify; padding-left: 30px;\"><span style=\"color: #3366ff;\"><a style=\"color: #3366ff;\" href=\"http:\/\/laplumedeloiseaulyre.com\/?page_id=8743\" target=\"_blank\"><em>Feuillages philosophiques <\/em><\/a><\/span><span style=\"color: #3366ff;\"><a style=\"color: #3366ff;\" href=\"http:\/\/laplumedeloiseaulyre.com\/?page_id=8743\" target=\"_blank\">(s\u00e9rie de feuilles paradoxales &#8211; \u00e9t\u00e9 2018)<\/a><\/span><\/p>\n<p style=\"text-align: justify; padding-left: 30px;\"><span style=\"color: #3366ff;\"><a style=\"color: #3366ff;\" href=\"http:\/\/laplumedeloiseaulyre.com\/?page_id=8793\" target=\"_blank\"><em>Herbes des chemins et des champs<\/em><\/a><\/span><span style=\"color: #3366ff;\"><a style=\"color: #3366ff;\" href=\"http:\/\/laplumedeloiseaulyre.com\/?page_id=8793\" target=\"_blank\"> (s\u00e9rie de merveilles agrestes &#8211; \u00e9t\u00e9 2018)<\/a><\/span><\/p>\n<p style=\"text-align: justify; padding-left: 30px;\"><span style=\"color: #3366ff;\"><a style=\"color: #3366ff;\" href=\"http:\/\/laplumedeloiseaulyre.com\/?page_id=8851\" target=\"_blank\"><em>Soliflores et Solifeuilles<\/em><\/a><\/span><span style=\"color: #3366ff;\"><a style=\"color: #3366ff;\" href=\"http:\/\/laplumedeloiseaulyre.com\/?page_id=8851\" target=\"_blank\"> (s\u00e9rie de tatouages botaniques &#8211; \u00e9t\u00e9 2018)<\/a><\/span><span style=\"color: #3366ff;\"><strong><br \/>\n<\/strong><\/span><\/p>\n<p style=\"text-align: justify; padding-left: 30px;\"><span style=\"color: #3366ff;\"><a style=\"color: #3366ff;\" href=\"http:\/\/laplumedeloiseaulyre.com\/?page_id=8774\" target=\"_blank\"><em>Jardins de Morph\u00e9e<\/em><\/a><a style=\"color: #3366ff;\" href=\"http:\/\/laplumedeloiseaulyre.com\/?page_id=8774\" target=\"_blank\"> (s\u00e9rie du domaine myst\u00e9rieux des songes &#8211; \u00e9t\u00e9 2018) \u00a0<\/a><\/span><\/p>\n<p style=\"text-align: justify; padding-left: 30px;\"><span style=\"color: #3366ff;\"><a style=\"color: #3366ff;\" href=\"http:\/\/laplumedeloiseaulyre.com\/?page_id=8891\" target=\"_blank\"><em>Hortus Azureus<\/em><\/a><a style=\"color: #3366ff;\" href=\"http:\/\/laplumedeloiseaulyre.com\/?page_id=8891\" target=\"_blank\"> (s\u00e9rie de cyano-po\u00e8mes \u2013 \u00e9t\u00e9 2018)\u00a0<\/a><\/span><\/p>\n<p style=\"text-align: justify; padding-left: 30px;\"><span style=\"color: #3366ff;\"><a style=\"color: #3366ff;\" href=\"http:\/\/laplumedeloiseaulyre.com\/?page_id=9179\" target=\"_blank\"><em>Jardins de Pondich\u00e9ry<\/em><\/a><a style=\"color: #3366ff;\" href=\"http:\/\/laplumedeloiseaulyre.com\/?page_id=9179\" target=\"_blank\"> (s\u00e9rie botanique de l&rsquo;Inde du Sud \u2013 octobre 2018)<\/a><\/span><\/p>\n<p style=\"text-align: justify; padding-left: 30px;\"><span style=\"color: #3366ff;\"><a style=\"color: #3366ff;\" href=\"http:\/\/laplumedeloiseaulyre.com\/?page_id=9484\" target=\"_blank\"><em>Abbaye Saint-Andr\u00e9<\/em><\/a><a style=\"color: #3366ff;\" href=\"http:\/\/laplumedeloiseaulyre.com\/?page_id=9484\" target=\"_blank\"> (s\u00e9rie de Villeneuve-L\u00e9s-Avignon &#8211; f\u00e9vrier 2019)<\/a><\/span><\/p>\n<p style=\"text-align: justify; padding-left: 30px;\"><span style=\"color: #3366ff;\"><a style=\"color: #3366ff;\" href=\"http:\/\/laplumedeloiseaulyre.com\/?page_id=9760\" target=\"_blank\"><em>La Chambre Bleue<\/em><\/a><a style=\"color: #3366ff;\" href=\"http:\/\/laplumedeloiseaulyre.com\/?page_id=9760\" target=\"_blank\"> (s\u00e9rie de papiers-peints imaginaires &#8211; mars 2019)\u00a0<\/a><\/span><\/p>\n<p style=\"text-align: justify; padding-left: 30px;\"><span style=\"color: #3366ff;\"><a style=\"color: #3366ff;\" href=\"http:\/\/laplumedeloiseaulyre.com\/?page_id=10317\" target=\"_blank\"><em>L\u2019Herbier des R\u00e9miniscences<\/em> (s\u00e9rie des maisons d\u2019\u00e9crivains \u2013 2020)<\/a><\/span><\/p>\n<p style=\"text-align: justify; padding-left: 30px;\"><span style=\"color: #3366ff;\"><a style=\"color: #3366ff;\" href=\"http:\/\/laplumedeloiseaulyre.com\/?page_id=10967\" target=\"_blank\"><em>Algae<\/em> (s\u00e9rie d\u2019algues subtiles \u2013 2020)<\/a><\/span><\/p>\n<p>&nbsp;<\/p>\n<div id=\"attachment_11286\" style=\"width: 778px\" class=\"wp-caption aligncenter\"><img aria-describedby=\"caption-attachment-11286\" loading=\"lazy\" class=\"wp-image-11286 size-large\" src=\"https:\/\/i2.wp.com\/laplumedeloiseaulyre.com\/wp-content\/uploads\/2018\/08\/Houlque-1-e1601828881730-768x1024.jpg?resize=768%2C1024\" width=\"768\" height=\"1024\" srcset=\"https:\/\/i1.wp.com\/laplumedeloiseaulyre.com\/wp-content\/uploads\/2018\/08\/Houlque-1-e1601828881730.jpg?resize=768%2C1024&amp;ssl=1 768w, https:\/\/i1.wp.com\/laplumedeloiseaulyre.com\/wp-content\/uploads\/2018\/08\/Houlque-1-e1601828881730.jpg?resize=225%2C300&amp;ssl=1 225w, https:\/\/i1.wp.com\/laplumedeloiseaulyre.com\/wp-content\/uploads\/2018\/08\/Houlque-1-e1601828881730.jpg?resize=560%2C747&amp;ssl=1 560w, https:\/\/i1.wp.com\/laplumedeloiseaulyre.com\/wp-content\/uploads\/2018\/08\/Houlque-1-e1601828881730.jpg?resize=160%2C213&amp;ssl=1 160w, https:\/\/i1.wp.com\/laplumedeloiseaulyre.com\/wp-content\/uploads\/2018\/08\/Houlque-1-e1601828881730.jpg?w=1720 1720w, https:\/\/i1.wp.com\/laplumedeloiseaulyre.com\/wp-content\/uploads\/2018\/08\/Houlque-1-e1601828881730.jpg?w=2580 2580w\" sizes=\"(max-width: 768px) 100vw, 768px\" data-recalc-dims=\"1\" \/><p id=\"caption-attachment-11286\" class=\"wp-caption-text\"><em>Houlque laineuse<\/em> 2 (<em>Holcus lanata<\/em>, Poaceae)cyanotype, 24x32cm, \u00e9t\u00e9 2020, collection P.W.R. \u00a9GLSG<\/p><\/div>\n","protected":false},"excerpt":{"rendered":"<p>Arboretum (s\u00e9rie d&rsquo;arbres qui murmurent &#8211; \u00e9t\u00e9 2018)\u00a0 Jardins de Dentelles\u00a0(s\u00e9rie de fabuleux textiles du temps pass\u00e9 &#8211; \u00e9t\u00e9 2018)\u00a0 Hortus Deliciarum (s\u00e9rie de constellations botaniques &#8211; \u00e9t\u00e9 2018)\u00a0 Variation de Plumes (s\u00e9rie de plumes envol\u00e9es &#8211; \u00e9t\u00e9 2018)\u00a0\u00a0 Feuillages&hellip;<\/p>\n<p class=\"more-link-p\"><a class=\"more-link\" href=\"https:\/\/laplumedeloiseaulyre.com\/?page_id=9215\">Read more &rarr;<\/a><\/p>\n","protected":false},"author":1,"featured_media":11286,"parent":0,"menu_order":0,"comment_status":"closed","ping_status":"closed","template":"","meta":{"spay_email":""},"jetpack_shortlink":"https:\/\/wp.me\/P4lzfC-2oD","_links":{"self":[{"href":"https:\/\/laplumedeloiseaulyre.com\/index.php?rest_route=\/wp\/v2\/pages\/9215"}],"collection":[{"href":"https:\/\/laplumedeloiseaulyre.com\/index.php?rest_route=\/wp\/v2\/pages"}],"about":[{"href":"https:\/\/laplumedeloiseaulyre.com\/index.php?rest_route=\/wp\/v2\/types\/page"}],"author":[{"embeddable":true,"href":"https:\/\/laplumedeloiseaulyre.com\/index.php?rest_route=\/wp\/v2\/users\/1"}],"replies":[{"embeddable":true,"href":"https:\/\/laplumedeloiseaulyre.com\/index.php?rest_route=%2Fwp%2Fv2%2Fcomments&post=9215"}],"version-history":[{"count":6,"href":"https:\/\/laplumedeloiseaulyre.com\/index.php?rest_route=\/wp\/v2\/pages\/9215\/revisions"}],"predecessor-version":[{"id":11311,"href":"https:\/\/laplumedeloiseaulyre.com\/index.php?rest_route=\/wp\/v2\/pages\/9215\/revisions\/11311"}],"wp:featuredmedia":[{"embeddable":true,"href":"https:\/\/laplumedeloiseaulyre.com\/index.php?rest_route=\/wp\/v2\/media\/11286"}],"wp:attachment":[{"href":"https:\/\/laplumedeloiseaulyre.com\/index.php?rest_route=%2Fwp%2Fv2%2Fmedia&parent=9215"}],"curies":[{"name":"wp","href":"https:\/\/api.w.org\/{rel}","templated":true}]}}