{"id":8474,"date":"2018-07-28T15:22:06","date_gmt":"2018-07-28T15:22:06","guid":{"rendered":"http:\/\/laplumedeloiseaulyre.com\/?page_id=8474"},"modified":"2018-07-28T15:22:06","modified_gmt":"2018-07-28T15:22:06","slug":"langlaise-dazur","status":"publish","type":"page","link":"https:\/\/laplumedeloiseaulyre.com\/?page_id=8474","title":{"rendered":"L&rsquo;ANGLAISE D&rsquo;AZUR"},"content":{"rendered":"<p style=\"text-align: justify;\"><em>L&rsquo;Anglaise d&rsquo;Azur<\/em> est le premier roman biographique publi\u00e9 par Gabrielle de Lassus Saint-Geni\u00e8s le 23 ao\u00fbt 2018, aux \u00e9ditions Erick Bonnier. Il raconte la vie d&rsquo;Anna Atkins, l&rsquo;une des premi\u00e8res femmes photographe \u00e0 l&rsquo;\u00e9poque victorienne.<\/p>\n","protected":false},"excerpt":{"rendered":"<p>L&rsquo;Anglaise d&rsquo;Azur est le premier roman biographique publi\u00e9 par Gabrielle de Lassus Saint-Geni\u00e8s le 23 ao\u00fbt 2018, aux \u00e9ditions Erick Bonnier. Il raconte la vie d&rsquo;Anna Atkins, l&rsquo;une des premi\u00e8res femmes photographe \u00e0 l&rsquo;\u00e9poque victorienne.<\/p>\n<p class=\"more-link-p\"><a class=\"more-link\" href=\"https:\/\/laplumedeloiseaulyre.com\/?page_id=8474\">Read more &rarr;<\/a><\/p>\n","protected":false},"author":1,"featured_media":0,"parent":0,"menu_order":0,"comment_status":"closed","ping_status":"closed","template":"","meta":{"spay_email":""},"jetpack_shortlink":"https:\/\/wp.me\/P4lzfC-2cG","_links":{"self":[{"href":"https:\/\/laplumedeloiseaulyre.com\/index.php?rest_route=\/wp\/v2\/pages\/8474"}],"collection":[{"href":"https:\/\/laplumedeloiseaulyre.com\/index.php?rest_route=\/wp\/v2\/pages"}],"about":[{"href":"https:\/\/laplumedeloiseaulyre.com\/index.php?rest_route=\/wp\/v2\/types\/page"}],"author":[{"embeddable":true,"href":"https:\/\/laplumedeloiseaulyre.com\/index.php?rest_route=\/wp\/v2\/users\/1"}],"replies":[{"embeddable":true,"href":"https:\/\/laplumedeloiseaulyre.com\/index.php?rest_route=%2Fwp%2Fv2%2Fcomments&post=8474"}],"version-history":[{"count":1,"href":"https:\/\/laplumedeloiseaulyre.com\/index.php?rest_route=\/wp\/v2\/pages\/8474\/revisions"}],"predecessor-version":[{"id":8475,"href":"https:\/\/laplumedeloiseaulyre.com\/index.php?rest_route=\/wp\/v2\/pages\/8474\/revisions\/8475"}],"wp:attachment":[{"href":"https:\/\/laplumedeloiseaulyre.com\/index.php?rest_route=%2Fwp%2Fv2%2Fmedia&parent=8474"}],"curies":[{"name":"wp","href":"https:\/\/api.w.org\/{rel}","templated":true}]}}