{"id":16190,"date":"2025-01-08T17:03:40","date_gmt":"2025-01-08T17:03:40","guid":{"rendered":"http:\/\/laplumedeloiseaulyre.com\/?page_id=16190"},"modified":"2025-01-08T21:00:12","modified_gmt":"2025-01-08T21:00:12","slug":"precher-aux-oiseaux-le-charisme-de-saint-francois-dassise-vu-par-le-peintre-alexandre-de-riquer","status":"publish","type":"page","link":"https:\/\/laplumedeloiseaulyre.com\/?page_id=16190","title":{"rendered":"Pr\u00eacher aux oiseaux. Un charisme de saint Fran\u00e7ois d\u2019Assise (un tableau d&rsquo;Alexandre de Riquer)"},"content":{"rendered":"\n<div class=\"wp-block-image\"><figure class=\"aligncenter size-large\"><img loading=\"lazy\" width=\"564\" height=\"852\" src=\"https:\/\/i1.wp.com\/laplumedeloiseaulyre.com\/wp-content\/uploads\/2025\/01\/Riquer_St_Francois_1890.jpg?resize=564%2C852\" alt=\"\" class=\"wp-image-16191\" srcset=\"https:\/\/i1.wp.com\/laplumedeloiseaulyre.com\/wp-content\/uploads\/2025\/01\/Riquer_St_Francois_1890.jpg?w=564&amp;ssl=1 564w, https:\/\/i1.wp.com\/laplumedeloiseaulyre.com\/wp-content\/uploads\/2025\/01\/Riquer_St_Francois_1890.jpg?resize=199%2C300&amp;ssl=1 199w, https:\/\/i1.wp.com\/laplumedeloiseaulyre.com\/wp-content\/uploads\/2025\/01\/Riquer_St_Francois_1890.jpg?resize=560%2C846&amp;ssl=1 560w, https:\/\/i1.wp.com\/laplumedeloiseaulyre.com\/wp-content\/uploads\/2025\/01\/Riquer_St_Francois_1890.jpg?resize=160%2C242&amp;ssl=1 160w\" sizes=\"(max-width: 564px) 100vw, 564px\" data-recalc-dims=\"1\" \/><figcaption><strong>Alexandre de Riquer (1856-1920),&nbsp;<em>Saint Fran\u00e7ois pr\u00eachant aux oiseaux<\/em><\/strong>,<br> 1890, huile sur toile, 212,5&#215;123 cm&nbsp;\u00a9Barcelone, Mus\u00e9e National d\u2019Art de Catalogne<\/figcaption><\/figure><\/div>\n\n\n\n<p><strong><em>Peintre, po\u00e8te, graveur, illustrateur, Alexandre de Riquer est une figure-cl\u00e9 du modernisme catalan. Il a laiss\u00e9 de nombreuses \u0153uvres qui t\u00e9moignent de l\u2019effervescence stylistique due \u00e0 l\u2019\u00e9clectisme de la fin du XIX<sup>e\u00a0<\/sup>si\u00e8cle en Europe. Il a donn\u00e9 en 1891 <strong><em>au mus\u00e9e national d\u2019Art de Catalogne \u00e0 Barcelone<\/em><\/strong><\/em><\/strong> <strong><em>son tableau\u00a0<\/em>Saint Fran\u00e7ois pr\u00eachant aux oiseaux<em>. Cette \u0153uvre invite \u00e0 entrer dans l\u2019intimit\u00e9 du saint qui parlait aux oiseaux.\u00a0<\/em><\/strong><\/p>\n\n\n\n<p>Saint Fran\u00e7ois d&rsquo;Assise (v.1181-1226) fait partie de ses saints qui ont une relation particuli\u00e8re avec les animaux par amour des cr\u00e9atures de Dieu, comme saint Philippe N\u00e9ri aimait les chats, saint Antoine de Padoue pr\u00eachait aux poissons ou saint Martin de Porr\u00e8s nourrissait souris, dindes et chats dans la m\u00eame mangeoire et gu\u00e9rissait les chiens bless\u00e9s. <strong>La pr\u00e9dication du\u00a0<em>Poverello d\u2019Assise<\/em>\u00a0aux oiseaux a souvent inspir\u00e9 les artistes comme les peintres Giotto, Gozzoli et surtout les musiciens en raison de la grande po\u00e9sie sonore de la sc\u00e8ne tels Franz Liszt ou Olivier Messiaen.<\/strong> Et qui ne serait pas fascin\u00e9 par le charisme de cet homme s\u2019adressant \u00e0 une nu\u00e9e d\u2019oiseaux pour leur parler de la bont\u00e9 de Dieu\u00a0? Un extrait de la vie de saint Fran\u00e7ois d\u2019Assise dans la\u00a0<em>L\u00e9gende dor\u00e9e<\/em>\u00a0(1261-1266) de Jacques de Voragine\u00a0relate l&rsquo;un de ces c\u00e9l\u00e8bres <em>fioretti<\/em> :<em>\u00a0\u00ab\u00a0 Une autre fois, rencontrant sur la route une troupe d\u2019oiseaux, il les salua tendrement et leur dit\u00a0: \u00ab\u00a0Mes fr\u00e8res les oiseaux, vous avez bien des raisons de louer votre cr\u00e9ateur, qui vous a rev\u00eatus de plumes, vous a donn\u00e9 des ailes pour voler, a fait pour vous la puret\u00e9 de l\u2019air, et gouverne votre vie sans vous en imposer le souci\u00a0!\u00a0\u00bb <strong>Aussit\u00f4t les oiseaux commenc\u00e8rent \u00e0 tendre le cou vers lui, et l\u2019\u00e9cout\u00e8rent avec grande attention. Et pas un seul ne s\u2019envola avant qu\u2019il e\u00fbt achev\u00e9 de parler.<\/strong>\u00a0\u00bb<\/em><\/p>\n\n\n\n<div class=\"wp-block-image\"><figure class=\"aligncenter size-large\"><img loading=\"lazy\" width=\"860\" height=\"688\" src=\"https:\/\/i1.wp.com\/laplumedeloiseaulyre.com\/wp-content\/uploads\/2025\/01\/il_1588xN.2792312241_b4x4.jpg?resize=860%2C688\" alt=\"\" class=\"wp-image-16194\" srcset=\"https:\/\/i1.wp.com\/laplumedeloiseaulyre.com\/wp-content\/uploads\/2025\/01\/il_1588xN.2792312241_b4x4.jpg?resize=1024%2C819&amp;ssl=1 1024w, https:\/\/i1.wp.com\/laplumedeloiseaulyre.com\/wp-content\/uploads\/2025\/01\/il_1588xN.2792312241_b4x4.jpg?resize=300%2C240&amp;ssl=1 300w, https:\/\/i1.wp.com\/laplumedeloiseaulyre.com\/wp-content\/uploads\/2025\/01\/il_1588xN.2792312241_b4x4.jpg?resize=768%2C614&amp;ssl=1 768w, https:\/\/i1.wp.com\/laplumedeloiseaulyre.com\/wp-content\/uploads\/2025\/01\/il_1588xN.2792312241_b4x4.jpg?resize=1536%2C1228&amp;ssl=1 1536w, https:\/\/i1.wp.com\/laplumedeloiseaulyre.com\/wp-content\/uploads\/2025\/01\/il_1588xN.2792312241_b4x4.jpg?resize=560%2C448&amp;ssl=1 560w, https:\/\/i1.wp.com\/laplumedeloiseaulyre.com\/wp-content\/uploads\/2025\/01\/il_1588xN.2792312241_b4x4.jpg?resize=160%2C128&amp;ssl=1 160w, https:\/\/i1.wp.com\/laplumedeloiseaulyre.com\/wp-content\/uploads\/2025\/01\/il_1588xN.2792312241_b4x4.jpg?w=1588&amp;ssl=1 1588w\" sizes=\"(max-width: 860px) 100vw, 860px\" data-recalc-dims=\"1\" \/><\/figure><\/div>\n\n\n\n<p>Form\u00e9 aux Beaux-Arts de Toulouse, Alexandre de Riquer reste toute sa vie marqu\u00e9 par la culture fran\u00e7aise, le Symbolisme et les Pr\u00e9rapha\u00e9lites mais aussi par l\u2019Art Nouveau qui p\u00e9n\u00e8tre alors dans tous les ateliers en Europe. On trouve dans sa biblioth\u00e8que des ouvrages ou revues comme&nbsp;<em>Art et D\u00e9coration<\/em>,&nbsp;<em>l&rsquo;Art et l&rsquo;Id\u00e9e<\/em>,&nbsp;<em>L&rsquo;Image et La Plume&nbsp;<\/em>ainsi que des livres sur l\u2019art japonais. Il con\u00e7oit des affiches, des ex-libris et des lettres orn\u00e9es, faisant preuve d\u2019une f\u00e9conde inventivit\u00e9.<strong> Le style de Riquer a \u00e9t\u00e9 parfois qualifi\u00e9 de \u00ab&nbsp;mystico-symbolique&nbsp;\u00bb, ce qui d\u00e9crit bien sa fa\u00e7on de transfigurer la nature et le r\u00e9el dans ses peintures traitant souvent de sujets sacr\u00e9s ou de paysages id\u00e9alis\u00e9s dans lesquels la lumi\u00e8re occupe une place \u00e9vocatrice.&nbsp;<\/strong><\/p>\n\n\n\n<div class=\"wp-block-image\"><figure class=\"aligncenter size-large\"><img loading=\"lazy\" width=\"860\" height=\"688\" src=\"https:\/\/i2.wp.com\/laplumedeloiseaulyre.com\/wp-content\/uploads\/2025\/01\/il_1588xN.2744608070_duz3.jpg?resize=860%2C688\" alt=\"\" class=\"wp-image-16192\" srcset=\"https:\/\/i2.wp.com\/laplumedeloiseaulyre.com\/wp-content\/uploads\/2025\/01\/il_1588xN.2744608070_duz3.jpg?resize=1024%2C819&amp;ssl=1 1024w, https:\/\/i2.wp.com\/laplumedeloiseaulyre.com\/wp-content\/uploads\/2025\/01\/il_1588xN.2744608070_duz3.jpg?resize=300%2C240&amp;ssl=1 300w, https:\/\/i2.wp.com\/laplumedeloiseaulyre.com\/wp-content\/uploads\/2025\/01\/il_1588xN.2744608070_duz3.jpg?resize=768%2C614&amp;ssl=1 768w, https:\/\/i2.wp.com\/laplumedeloiseaulyre.com\/wp-content\/uploads\/2025\/01\/il_1588xN.2744608070_duz3.jpg?resize=1536%2C1228&amp;ssl=1 1536w, https:\/\/i2.wp.com\/laplumedeloiseaulyre.com\/wp-content\/uploads\/2025\/01\/il_1588xN.2744608070_duz3.jpg?resize=560%2C448&amp;ssl=1 560w, https:\/\/i2.wp.com\/laplumedeloiseaulyre.com\/wp-content\/uploads\/2025\/01\/il_1588xN.2744608070_duz3.jpg?resize=160%2C128&amp;ssl=1 160w, https:\/\/i2.wp.com\/laplumedeloiseaulyre.com\/wp-content\/uploads\/2025\/01\/il_1588xN.2744608070_duz3.jpg?w=1588&amp;ssl=1 1588w\" sizes=\"(max-width: 860px) 100vw, 860px\" data-recalc-dims=\"1\" \/><\/figure><\/div>\n\n\n\n<p>Dans cette peinture domin\u00e9e par les tons naturels comme le vert et le brun, saint Fran\u00e7ois d\u2019Assise, assis sur un rocher, pieds nus, parle aux oiseaux. Pr\u00e9sent\u00e9 de profil, il est barbu, souriant et v\u00eatu de la bure franciscaine qui symbolise la rupture \u00e9vang\u00e9lique et sociale par amour pour \u00ab\u00a0Dame Pauvret\u00e9\u00a0\u00bb. Un nimbe lumineux irradie autour de son visage laissant voir en transparence quelques oiseaux qui lui tiennent compagnie comme des amis. <strong>L\u2019un d\u2019entre eux est m\u00eame pos\u00e9 sur la pointe de son capuchon baiss\u00e9, non sans humour<\/strong> !<\/p>\n\n\n\n<div class=\"wp-block-image\"><figure class=\"aligncenter size-large\"><img loading=\"lazy\" width=\"860\" height=\"688\" src=\"https:\/\/i0.wp.com\/laplumedeloiseaulyre.com\/wp-content\/uploads\/2025\/01\/il_1588xN.2744608748_a6df.jpg?resize=860%2C688\" alt=\"\" class=\"wp-image-16195\" srcset=\"https:\/\/i0.wp.com\/laplumedeloiseaulyre.com\/wp-content\/uploads\/2025\/01\/il_1588xN.2744608748_a6df.jpg?resize=1024%2C819&amp;ssl=1 1024w, https:\/\/i0.wp.com\/laplumedeloiseaulyre.com\/wp-content\/uploads\/2025\/01\/il_1588xN.2744608748_a6df.jpg?resize=300%2C240&amp;ssl=1 300w, https:\/\/i0.wp.com\/laplumedeloiseaulyre.com\/wp-content\/uploads\/2025\/01\/il_1588xN.2744608748_a6df.jpg?resize=768%2C614&amp;ssl=1 768w, https:\/\/i0.wp.com\/laplumedeloiseaulyre.com\/wp-content\/uploads\/2025\/01\/il_1588xN.2744608748_a6df.jpg?resize=1536%2C1228&amp;ssl=1 1536w, https:\/\/i0.wp.com\/laplumedeloiseaulyre.com\/wp-content\/uploads\/2025\/01\/il_1588xN.2744608748_a6df.jpg?resize=560%2C448&amp;ssl=1 560w, https:\/\/i0.wp.com\/laplumedeloiseaulyre.com\/wp-content\/uploads\/2025\/01\/il_1588xN.2744608748_a6df.jpg?resize=160%2C128&amp;ssl=1 160w, https:\/\/i0.wp.com\/laplumedeloiseaulyre.com\/wp-content\/uploads\/2025\/01\/il_1588xN.2744608748_a6df.jpg?w=1588&amp;ssl=1 1588w\" sizes=\"(max-width: 860px) 100vw, 860px\" data-recalc-dims=\"1\" \/><\/figure><\/div>\n\n\n\n<p><strong>L\u2019\u0153uvre de Riquer bruisse de sons lorsque l\u2019on observe le nombre incalculable de volatiles qui surgissent avec l\u00e9g\u00e8ret\u00e9 et en multitude sur toute la toile : colombes, hirondelles, pigeons, moineaux, martin-p\u00eacheur, grives, chardonnerets, rouge-gorge, etc. au point que l\u2019on ne distingue plus si le bosquet du paysage est fait de feuillages ou d\u2019ailes d&rsquo;oiseaux&nbsp;! <\/strong>Une analyse attentive de chacun permettrait certainement d\u2019identifier un grand nombre d\u2019esp\u00e8ces&nbsp;d\u2019un point de vue ornithologique. Dans le paysage l\u2019on aper\u00e7oit un prunus avec ses fleurs roses, du lierre volubile, les \u00e9pines des chardons des champs se m\u00ealant \u00e0 la douceur des carottes sauvages. Les buissons denses se d\u00e9gagent dans une perspective radieuse qui annonce l\u2019arriv\u00e9e d\u2019oiseaux plus lointains attir\u00e9s par les paroles du saint. <strong>Nature animale, nature botanique et nature humaine sont ici repr\u00e9sent\u00e9s en harmonie comme en une symbiose divine, une sorte de paradis retrouv\u00e9 malgr\u00e9 la menace des chardons.<\/strong><\/p>\n\n\n\n<div class=\"wp-block-image\"><figure class=\"aligncenter size-large\"><img loading=\"lazy\" width=\"774\" height=\"1024\" src=\"https:\/\/i2.wp.com\/laplumedeloiseaulyre.com\/wp-content\/uploads\/2025\/01\/Nos_oiseaux___Andre_Theuriet_-1...Theuriet_Andre_bpt6k15222571.jpeg?resize=774%2C1024\" alt=\"\" class=\"wp-image-16197\" srcset=\"https:\/\/i2.wp.com\/laplumedeloiseaulyre.com\/wp-content\/uploads\/2025\/01\/Nos_oiseaux___Andre_Theuriet_-1...Theuriet_Andre_bpt6k15222571.jpeg?resize=774%2C1024&amp;ssl=1 774w, https:\/\/i2.wp.com\/laplumedeloiseaulyre.com\/wp-content\/uploads\/2025\/01\/Nos_oiseaux___Andre_Theuriet_-1...Theuriet_Andre_bpt6k15222571.jpeg?resize=227%2C300&amp;ssl=1 227w, https:\/\/i2.wp.com\/laplumedeloiseaulyre.com\/wp-content\/uploads\/2025\/01\/Nos_oiseaux___Andre_Theuriet_-1...Theuriet_Andre_bpt6k15222571.jpeg?resize=768%2C1016&amp;ssl=1 768w, https:\/\/i2.wp.com\/laplumedeloiseaulyre.com\/wp-content\/uploads\/2025\/01\/Nos_oiseaux___Andre_Theuriet_-1...Theuriet_Andre_bpt6k15222571.jpeg?resize=560%2C741&amp;ssl=1 560w, https:\/\/i2.wp.com\/laplumedeloiseaulyre.com\/wp-content\/uploads\/2025\/01\/Nos_oiseaux___Andre_Theuriet_-1...Theuriet_Andre_bpt6k15222571.jpeg?resize=160%2C212&amp;ssl=1 160w, https:\/\/i2.wp.com\/laplumedeloiseaulyre.com\/wp-content\/uploads\/2025\/01\/Nos_oiseaux___Andre_Theuriet_-1...Theuriet_Andre_bpt6k15222571.jpeg?w=1024&amp;ssl=1 1024w\" sizes=\"(max-width: 774px) 100vw, 774px\" data-recalc-dims=\"1\" \/><figcaption><strong>Po\u00e8me &laquo;&nbsp;Symphonie&nbsp;&raquo; par Andr\u00e9 Theuriet in <em>Nos Oiseaux<\/em><\/strong>, <br>illustration d&rsquo;Hector Giacomelli, Paris, 1886, H. Launette &amp; Cie \u00e9diteurs \u00a9Gallica<\/figcaption><\/figure><\/div>\n\n\n\n<p>Riquer a effectu\u00e9 plusieurs \u0153uvres sur le th\u00e8me des oiseaux. On devine que ce sujet lui pla\u00eet et lui donne l\u2019occasion de peindre ce fascinant r\u00e8gne animal. On sait qu\u2019il offre \u00e0 sa femme Dolores Palau en 1887 le livre&nbsp;<em><a rel=\"noreferrer noopener\" href=\"https:\/\/gallica.bnf.fr\/ark:\/12148\/bpt6k15222571\" target=\"_blank\">Nos Oiseaux<\/a><\/em>&nbsp;du po\u00e8te Andr\u00e9 Theuriet (1833-1907), publi\u00e9 en 1886, et richement illustr\u00e9 par Hector Giacomelli (1822-1904). Aurait-il \u00e9t\u00e9 influenc\u00e9 par cet ouvrage pour concevoir ce tableau ? On ne peut que constater des similarit\u00e9s passionnantes entre les dessins de Giacomelli et l\u2019esprit de la peinture de Riquer. <strong>Intitul\u00e9 \u00ab&nbsp;Symphonie&nbsp;\u00bb, le po\u00e8me liminaire de l\u2019ouvrage n\u2019aurait probablement pas d\u00e9plu \u00e0 saint Fran\u00e7ois qui voyait dans toute cr\u00e9ature l\u2019exquise empreinte d\u2019un Dieu-Po\u00e8te<\/strong>&nbsp;:&nbsp;<\/p>\n\n\n\n<p class=\"has-text-align-justify\">           <em>H\u00f4tes des bois et de la plaine,&nbsp;<\/em><br>           <em>Vous qui chantez \u00e0 perdre haleine&nbsp;<\/em><br>           <em>Dans la futaie et sur les eaux ;&nbsp;<\/em><br>           <em>Merles noirs et loriots-jaunes,&nbsp;<\/em><br>           <em>Pinsons, tarins amis des aunes,&nbsp;<\/em><br>           <em>Linots, fauvettes des roseaux,<\/em><br>           <em>Grives, l\u00e9g\u00e8res alouettes,&nbsp;<\/em><br>           <em>Et vous, rossignols, \u00f4 po\u00e8tes,&nbsp;<\/em><br>           <em>Salut ! peuple heureux des oiseaux !<\/em><br><\/p>\n\n\n\n<div class=\"wp-block-image\"><figure class=\"aligncenter size-large\"><img loading=\"lazy\" width=\"860\" height=\"688\" src=\"https:\/\/i0.wp.com\/laplumedeloiseaulyre.com\/wp-content\/uploads\/2025\/01\/il_1588xN.2792312395_9wd5.jpg?resize=860%2C688\" alt=\"\" class=\"wp-image-16196\" srcset=\"https:\/\/i0.wp.com\/laplumedeloiseaulyre.com\/wp-content\/uploads\/2025\/01\/il_1588xN.2792312395_9wd5.jpg?resize=1024%2C819&amp;ssl=1 1024w, https:\/\/i0.wp.com\/laplumedeloiseaulyre.com\/wp-content\/uploads\/2025\/01\/il_1588xN.2792312395_9wd5.jpg?resize=300%2C240&amp;ssl=1 300w, https:\/\/i0.wp.com\/laplumedeloiseaulyre.com\/wp-content\/uploads\/2025\/01\/il_1588xN.2792312395_9wd5.jpg?resize=768%2C614&amp;ssl=1 768w, https:\/\/i0.wp.com\/laplumedeloiseaulyre.com\/wp-content\/uploads\/2025\/01\/il_1588xN.2792312395_9wd5.jpg?resize=1536%2C1228&amp;ssl=1 1536w, https:\/\/i0.wp.com\/laplumedeloiseaulyre.com\/wp-content\/uploads\/2025\/01\/il_1588xN.2792312395_9wd5.jpg?resize=560%2C448&amp;ssl=1 560w, https:\/\/i0.wp.com\/laplumedeloiseaulyre.com\/wp-content\/uploads\/2025\/01\/il_1588xN.2792312395_9wd5.jpg?resize=160%2C128&amp;ssl=1 160w, https:\/\/i0.wp.com\/laplumedeloiseaulyre.com\/wp-content\/uploads\/2025\/01\/il_1588xN.2792312395_9wd5.jpg?w=1588&amp;ssl=1 1588w\" sizes=\"(max-width: 860px) 100vw, 860px\" data-recalc-dims=\"1\" \/><\/figure><\/div>\n\n\n\n<p><span class=\"has-inline-color has-vivid-cyan-blue-color\"><strong>\u00a9GLSG<\/strong>, article pour la rubrique Art et Foi in\u00a0<em>Chemin d\u2019\u00c9ternit\u00e9, Revue du Sanctuaire Notre-Dame de Montligeon\u00a0<\/em>\u2013 Avril\/Mai\/Juin, 2025, n\u00b0323, pp.20-21<\/span><\/p>\n","protected":false},"excerpt":{"rendered":"<p>Peintre, po\u00e8te, graveur, illustrateur, Alexandre de Riquer est une figure-cl\u00e9 du modernisme catalan. Il a laiss\u00e9 de nombreuses \u0153uvres qui t\u00e9moignent de l\u2019effervescence stylistique due \u00e0 l\u2019\u00e9clectisme de la fin du XIXe\u00a0si\u00e8cle en Europe. Il a donn\u00e9 en 1891 au&hellip;<\/p>\n<p class=\"more-link-p\"><a class=\"more-link\" href=\"https:\/\/laplumedeloiseaulyre.com\/?page_id=16190\">Read more &rarr;<\/a><\/p>\n","protected":false},"author":1,"featured_media":16192,"parent":0,"menu_order":0,"comment_status":"closed","ping_status":"closed","template":"","meta":{"spay_email":""},"jetpack_shortlink":"https:\/\/wp.me\/P4lzfC-4d8","_links":{"self":[{"href":"https:\/\/laplumedeloiseaulyre.com\/index.php?rest_route=\/wp\/v2\/pages\/16190"}],"collection":[{"href":"https:\/\/laplumedeloiseaulyre.com\/index.php?rest_route=\/wp\/v2\/pages"}],"about":[{"href":"https:\/\/laplumedeloiseaulyre.com\/index.php?rest_route=\/wp\/v2\/types\/page"}],"author":[{"embeddable":true,"href":"https:\/\/laplumedeloiseaulyre.com\/index.php?rest_route=\/wp\/v2\/users\/1"}],"replies":[{"embeddable":true,"href":"https:\/\/laplumedeloiseaulyre.com\/index.php?rest_route=%2Fwp%2Fv2%2Fcomments&post=16190"}],"version-history":[{"count":13,"href":"https:\/\/laplumedeloiseaulyre.com\/index.php?rest_route=\/wp\/v2\/pages\/16190\/revisions"}],"predecessor-version":[{"id":16225,"href":"https:\/\/laplumedeloiseaulyre.com\/index.php?rest_route=\/wp\/v2\/pages\/16190\/revisions\/16225"}],"wp:featuredmedia":[{"embeddable":true,"href":"https:\/\/laplumedeloiseaulyre.com\/index.php?rest_route=\/wp\/v2\/media\/16192"}],"wp:attachment":[{"href":"https:\/\/laplumedeloiseaulyre.com\/index.php?rest_route=%2Fwp%2Fv2%2Fmedia&parent=16190"}],"curies":[{"name":"wp","href":"https:\/\/api.w.org\/{rel}","templated":true}]}}