{"id":15619,"date":"2024-05-25T15:36:34","date_gmt":"2024-05-25T15:36:34","guid":{"rendered":"http:\/\/laplumedeloiseaulyre.com\/?page_id=15619"},"modified":"2024-05-30T13:00:04","modified_gmt":"2024-05-30T13:00:04","slug":"fragile-memoire-de-verre-serie-2024","status":"publish","type":"page","link":"https:\/\/laplumedeloiseaulyre.com\/?page_id=15619","title":{"rendered":"Fragile M\u00e9moire de Verre (s\u00e9rie &#8211; 2024)"},"content":{"rendered":"\n<div class=\"wp-block-image\"><figure class=\"aligncenter size-large\"><img loading=\"lazy\" width=\"768\" height=\"1024\" src=\"https:\/\/i1.wp.com\/laplumedeloiseaulyre.com\/wp-content\/uploads\/2024\/05\/IMG_8232-1.jpeg?resize=768%2C1024\" alt=\"\" class=\"wp-image-15628\" srcset=\"https:\/\/i1.wp.com\/laplumedeloiseaulyre.com\/wp-content\/uploads\/2024\/05\/IMG_8232-1-scaled.jpeg?resize=768%2C1024&amp;ssl=1 768w, https:\/\/i1.wp.com\/laplumedeloiseaulyre.com\/wp-content\/uploads\/2024\/05\/IMG_8232-1-scaled.jpeg?resize=225%2C300&amp;ssl=1 225w, https:\/\/i1.wp.com\/laplumedeloiseaulyre.com\/wp-content\/uploads\/2024\/05\/IMG_8232-1-scaled.jpeg?resize=1152%2C1536&amp;ssl=1 1152w, https:\/\/i1.wp.com\/laplumedeloiseaulyre.com\/wp-content\/uploads\/2024\/05\/IMG_8232-1-scaled.jpeg?resize=1536%2C2048&amp;ssl=1 1536w, https:\/\/i1.wp.com\/laplumedeloiseaulyre.com\/wp-content\/uploads\/2024\/05\/IMG_8232-1-scaled.jpeg?resize=560%2C747&amp;ssl=1 560w, https:\/\/i1.wp.com\/laplumedeloiseaulyre.com\/wp-content\/uploads\/2024\/05\/IMG_8232-1-scaled.jpeg?resize=160%2C213&amp;ssl=1 160w, https:\/\/i1.wp.com\/laplumedeloiseaulyre.com\/wp-content\/uploads\/2024\/05\/IMG_8232-1-scaled.jpeg?w=1920&amp;ssl=1 1920w, https:\/\/i1.wp.com\/laplumedeloiseaulyre.com\/wp-content\/uploads\/2024\/05\/IMG_8232-1-scaled.jpeg?w=1720 1720w\" sizes=\"(max-width: 768px) 100vw, 768px\" data-recalc-dims=\"1\" \/><\/figure><\/div>\n\n\n\n<p><strong>Cette s\u00e9rie de 8 cyanotypes cr\u00e9\u00e9e en mai 2024 est intitul\u00e9e &laquo;&nbsp;FRAGILE M\u00c9MOIRE DE VERRE&nbsp;&raquo;. Elle a pour th\u00e8me la BRISURE DE VERRE<\/strong>, un aspect m\u00e9connu de l&rsquo;art du cyanotype. Il s&rsquo;agit pour l&rsquo;artiste GLSG de garder des empreintes uniques des nombreuses cassures des plaques de verre employ\u00e9es pour maintenir ses sp\u00e9cimens botaniques. Ces derni\u00e8res se brisent r\u00e9guli\u00e8rement en jetant des \u00e9clats qui font saigner ses doigts. <strong>L&rsquo;artiste garde pr\u00e9cieusement ces \u00e9clats qu&rsquo;elle trie selon leurs formes vari\u00e9es relevant de la myst\u00e9rieuse g\u00e9om\u00e9trie du hasard. &nbsp;<\/strong><\/p>\n\n\n\n<p><strong>Il s&rsquo;agit d&rsquo;une m\u00e9ditation sur la beaut\u00e9 de la fracture et l&rsquo;esth\u00e9tique de la rupture, en \u00ab&nbsp;figeant le verre dans le papier&nbsp;\u00bb<\/strong>. C\u2019est \u00e9galement une m\u00e9taphore de l\u2019existence comme une f\u00ealure r\u00e9currente de l\u2019harmonie int\u00e9rieure et ext\u00e9rieure, ressentie par le c\u0153ur m\u00e9lancolique et nostalgique de l\u2019Id\u00e9al. <strong>Le th\u00e8me de la vitre bris\u00e9e refl\u00e8te l\u2019\u00e9tat de l\u2019\u00eatre sans cesse construit, d\u00e9construit et reconstruit, entre syncope et r\u00e9paration \u00e0 l\u2019image de l\u2019\u00e9clatement perp\u00e9tuel de l\u2019Amour rompu, fractionn\u00e9, d\u00e9membr\u00e9 dans la dissonance du monde.<\/strong><\/p>\n\n\n\n<p class=\"has-text-align-center\"><strong><span style=\"color:#6d767e\" class=\"has-inline-color\">Descriptif des oeuvres <\/span><\/strong><\/p>\n\n\n\n<p><span style=\"color:#526167\" class=\"has-inline-color\">8 cyanotypes, tirages uniques, 42&#215;59.4 cm, 2024, prix sur demande <\/span><\/p>\n\n\n\n<p><span style=\"color:#526167\" class=\"has-inline-color\">\u00a9GLSG, con\u00e7u sans intelligence artificielle. <\/span><\/p>\n\n\n\n<p class=\"has-text-align-center\"><span style=\"color:#5b646a\" class=\"has-inline-color\"><em>Visuels et vid\u00e9o de pr\u00e9sentation ci-dessous <\/em> <\/span><\/p>\n\n\n\n<div class=\"wp-block-image\"><figure class=\"aligncenter size-large\"><img loading=\"lazy\" width=\"744\" height=\"1024\" src=\"https:\/\/i0.wp.com\/laplumedeloiseaulyre.com\/wp-content\/uploads\/2024\/05\/1_ESTHETIQUE_DE_LA_RUPTURE_cyanotype_2024-\u00a9GLSG-1.jpg?resize=744%2C1024\" alt=\"\" class=\"wp-image-15621\" srcset=\"https:\/\/i2.wp.com\/laplumedeloiseaulyre.com\/wp-content\/uploads\/2024\/05\/1_ESTHETIQUE_DE_LA_RUPTURE_cyanotype_2024-\u00a9GLSG-1-scaled.jpg?resize=744%2C1024&amp;ssl=1 744w, https:\/\/i2.wp.com\/laplumedeloiseaulyre.com\/wp-content\/uploads\/2024\/05\/1_ESTHETIQUE_DE_LA_RUPTURE_cyanotype_2024-\u00a9GLSG-1-scaled.jpg?resize=218%2C300&amp;ssl=1 218w, https:\/\/i2.wp.com\/laplumedeloiseaulyre.com\/wp-content\/uploads\/2024\/05\/1_ESTHETIQUE_DE_LA_RUPTURE_cyanotype_2024-\u00a9GLSG-1-scaled.jpg?resize=768%2C1056&amp;ssl=1 768w, https:\/\/i2.wp.com\/laplumedeloiseaulyre.com\/wp-content\/uploads\/2024\/05\/1_ESTHETIQUE_DE_LA_RUPTURE_cyanotype_2024-\u00a9GLSG-1-scaled.jpg?resize=1117%2C1536&amp;ssl=1 1117w, https:\/\/i2.wp.com\/laplumedeloiseaulyre.com\/wp-content\/uploads\/2024\/05\/1_ESTHETIQUE_DE_LA_RUPTURE_cyanotype_2024-\u00a9GLSG-1-scaled.jpg?resize=1489%2C2048&amp;ssl=1 1489w, https:\/\/i2.wp.com\/laplumedeloiseaulyre.com\/wp-content\/uploads\/2024\/05\/1_ESTHETIQUE_DE_LA_RUPTURE_cyanotype_2024-\u00a9GLSG-1-scaled.jpg?resize=560%2C770&amp;ssl=1 560w, https:\/\/i2.wp.com\/laplumedeloiseaulyre.com\/wp-content\/uploads\/2024\/05\/1_ESTHETIQUE_DE_LA_RUPTURE_cyanotype_2024-\u00a9GLSG-1-scaled.jpg?resize=160%2C220&amp;ssl=1 160w, https:\/\/i2.wp.com\/laplumedeloiseaulyre.com\/wp-content\/uploads\/2024\/05\/1_ESTHETIQUE_DE_LA_RUPTURE_cyanotype_2024-\u00a9GLSG-1-scaled.jpg?w=1861&amp;ssl=1 1861w, https:\/\/i2.wp.com\/laplumedeloiseaulyre.com\/wp-content\/uploads\/2024\/05\/1_ESTHETIQUE_DE_LA_RUPTURE_cyanotype_2024-\u00a9GLSG-1-scaled.jpg?w=1720 1720w\" sizes=\"(max-width: 744px) 100vw, 744px\" data-recalc-dims=\"1\" \/><figcaption><strong>\u00a01\/ ESTH\u00c9TIQUE DE LA RUPTURE<\/strong>, 42&#215;59.4 cm, cyanotype<br>2024, prix sur demande \u00a9GLSG<\/figcaption><\/figure><\/div>\n\n\n\n<div class=\"wp-block-image\"><figure class=\"aligncenter size-large\"><img loading=\"lazy\" width=\"754\" height=\"1024\" src=\"https:\/\/i1.wp.com\/laplumedeloiseaulyre.com\/wp-content\/uploads\/2024\/05\/2_POUSSIERE_VERRE_cyanotype_2024-\u00a9GLSG.jpeg?resize=754%2C1024\" alt=\"\" class=\"wp-image-15623\" srcset=\"https:\/\/i0.wp.com\/laplumedeloiseaulyre.com\/wp-content\/uploads\/2024\/05\/2_POUSSIERE_VERRE_cyanotype_2024-\u00a9GLSG-scaled.jpeg?resize=754%2C1024&amp;ssl=1 754w, https:\/\/i0.wp.com\/laplumedeloiseaulyre.com\/wp-content\/uploads\/2024\/05\/2_POUSSIERE_VERRE_cyanotype_2024-\u00a9GLSG-scaled.jpeg?resize=221%2C300&amp;ssl=1 221w, https:\/\/i0.wp.com\/laplumedeloiseaulyre.com\/wp-content\/uploads\/2024\/05\/2_POUSSIERE_VERRE_cyanotype_2024-\u00a9GLSG-scaled.jpeg?resize=768%2C1044&amp;ssl=1 768w, https:\/\/i0.wp.com\/laplumedeloiseaulyre.com\/wp-content\/uploads\/2024\/05\/2_POUSSIERE_VERRE_cyanotype_2024-\u00a9GLSG-scaled.jpeg?resize=1130%2C1536&amp;ssl=1 1130w, https:\/\/i0.wp.com\/laplumedeloiseaulyre.com\/wp-content\/uploads\/2024\/05\/2_POUSSIERE_VERRE_cyanotype_2024-\u00a9GLSG-scaled.jpeg?resize=1507%2C2048&amp;ssl=1 1507w, https:\/\/i0.wp.com\/laplumedeloiseaulyre.com\/wp-content\/uploads\/2024\/05\/2_POUSSIERE_VERRE_cyanotype_2024-\u00a9GLSG-scaled.jpeg?resize=560%2C761&amp;ssl=1 560w, https:\/\/i0.wp.com\/laplumedeloiseaulyre.com\/wp-content\/uploads\/2024\/05\/2_POUSSIERE_VERRE_cyanotype_2024-\u00a9GLSG-scaled.jpeg?resize=160%2C217&amp;ssl=1 160w, https:\/\/i0.wp.com\/laplumedeloiseaulyre.com\/wp-content\/uploads\/2024\/05\/2_POUSSIERE_VERRE_cyanotype_2024-\u00a9GLSG-scaled.jpeg?w=1884&amp;ssl=1 1884w, https:\/\/i0.wp.com\/laplumedeloiseaulyre.com\/wp-content\/uploads\/2024\/05\/2_POUSSIERE_VERRE_cyanotype_2024-\u00a9GLSG-scaled.jpeg?w=1720 1720w\" sizes=\"(max-width: 754px) 100vw, 754px\" data-recalc-dims=\"1\" \/><figcaption><strong>2\/ POUSSI\u00c8RE DE VERRE<\/strong>, 42&#215;59.4 cm, cyanotype, 2024, prix sur demande \u00a9GLSG<\/figcaption><\/figure><\/div>\n\n\n\n<div class=\"wp-block-image\"><figure class=\"aligncenter size-large\"><img loading=\"lazy\" width=\"768\" height=\"1024\" src=\"https:\/\/i2.wp.com\/laplumedeloiseaulyre.com\/wp-content\/uploads\/2024\/05\/3_FRACTURES_cyanotype_2024-\u00a9GLSG.jpeg?resize=768%2C1024\" alt=\"\" class=\"wp-image-15624\" srcset=\"https:\/\/i1.wp.com\/laplumedeloiseaulyre.com\/wp-content\/uploads\/2024\/05\/3_FRACTURES_cyanotype_2024-\u00a9GLSG-scaled.jpeg?resize=768%2C1024&amp;ssl=1 768w, https:\/\/i1.wp.com\/laplumedeloiseaulyre.com\/wp-content\/uploads\/2024\/05\/3_FRACTURES_cyanotype_2024-\u00a9GLSG-scaled.jpeg?resize=225%2C300&amp;ssl=1 225w, https:\/\/i1.wp.com\/laplumedeloiseaulyre.com\/wp-content\/uploads\/2024\/05\/3_FRACTURES_cyanotype_2024-\u00a9GLSG-scaled.jpeg?resize=1152%2C1536&amp;ssl=1 1152w, https:\/\/i1.wp.com\/laplumedeloiseaulyre.com\/wp-content\/uploads\/2024\/05\/3_FRACTURES_cyanotype_2024-\u00a9GLSG-scaled.jpeg?resize=1536%2C2048&amp;ssl=1 1536w, https:\/\/i1.wp.com\/laplumedeloiseaulyre.com\/wp-content\/uploads\/2024\/05\/3_FRACTURES_cyanotype_2024-\u00a9GLSG-scaled.jpeg?resize=560%2C747&amp;ssl=1 560w, https:\/\/i1.wp.com\/laplumedeloiseaulyre.com\/wp-content\/uploads\/2024\/05\/3_FRACTURES_cyanotype_2024-\u00a9GLSG-scaled.jpeg?resize=160%2C213&amp;ssl=1 160w, https:\/\/i1.wp.com\/laplumedeloiseaulyre.com\/wp-content\/uploads\/2024\/05\/3_FRACTURES_cyanotype_2024-\u00a9GLSG-scaled.jpeg?w=1920&amp;ssl=1 1920w, https:\/\/i1.wp.com\/laplumedeloiseaulyre.com\/wp-content\/uploads\/2024\/05\/3_FRACTURES_cyanotype_2024-\u00a9GLSG-scaled.jpeg?w=1720 1720w\" sizes=\"(max-width: 768px) 100vw, 768px\" data-recalc-dims=\"1\" \/><figcaption><strong>3\/ FRACTURES<\/strong>, 42&#215;59.4 cm, cyanotype, 2024, prix sur demande \u00a9GLSG<\/figcaption><\/figure><\/div>\n\n\n\n<div class=\"wp-block-image\"><figure class=\"aligncenter size-large\"><img loading=\"lazy\" width=\"756\" height=\"1024\" src=\"https:\/\/i0.wp.com\/laplumedeloiseaulyre.com\/wp-content\/uploads\/2024\/05\/2_FAILLES_cyanotype-2024-\u00a9GLSG.jpg?resize=756%2C1024\" alt=\"\" class=\"wp-image-15622\" srcset=\"https:\/\/i1.wp.com\/laplumedeloiseaulyre.com\/wp-content\/uploads\/2024\/05\/2_FAILLES_cyanotype-2024-\u00a9GLSG-scaled.jpg?resize=756%2C1024&amp;ssl=1 756w, https:\/\/i1.wp.com\/laplumedeloiseaulyre.com\/wp-content\/uploads\/2024\/05\/2_FAILLES_cyanotype-2024-\u00a9GLSG-scaled.jpg?resize=221%2C300&amp;ssl=1 221w, https:\/\/i1.wp.com\/laplumedeloiseaulyre.com\/wp-content\/uploads\/2024\/05\/2_FAILLES_cyanotype-2024-\u00a9GLSG-scaled.jpg?resize=768%2C1040&amp;ssl=1 768w, https:\/\/i1.wp.com\/laplumedeloiseaulyre.com\/wp-content\/uploads\/2024\/05\/2_FAILLES_cyanotype-2024-\u00a9GLSG-scaled.jpg?resize=1134%2C1536&amp;ssl=1 1134w, https:\/\/i1.wp.com\/laplumedeloiseaulyre.com\/wp-content\/uploads\/2024\/05\/2_FAILLES_cyanotype-2024-\u00a9GLSG-scaled.jpg?resize=1512%2C2048&amp;ssl=1 1512w, https:\/\/i1.wp.com\/laplumedeloiseaulyre.com\/wp-content\/uploads\/2024\/05\/2_FAILLES_cyanotype-2024-\u00a9GLSG-scaled.jpg?resize=560%2C759&amp;ssl=1 560w, https:\/\/i1.wp.com\/laplumedeloiseaulyre.com\/wp-content\/uploads\/2024\/05\/2_FAILLES_cyanotype-2024-\u00a9GLSG-scaled.jpg?resize=160%2C217&amp;ssl=1 160w, https:\/\/i1.wp.com\/laplumedeloiseaulyre.com\/wp-content\/uploads\/2024\/05\/2_FAILLES_cyanotype-2024-\u00a9GLSG-scaled.jpg?w=1890&amp;ssl=1 1890w, https:\/\/i1.wp.com\/laplumedeloiseaulyre.com\/wp-content\/uploads\/2024\/05\/2_FAILLES_cyanotype-2024-\u00a9GLSG-scaled.jpg?w=1720 1720w\" sizes=\"(max-width: 756px) 100vw, 756px\" data-recalc-dims=\"1\" \/><figcaption><strong>4\/ FAILLES<\/strong>,  42&#215;59.4 cm, cyanotype, 2024, prix sur demande \u00a9GLSG<\/figcaption><\/figure><\/div>\n\n\n\n<div class=\"wp-block-image\"><figure class=\"aligncenter size-large\"><img loading=\"lazy\" width=\"768\" height=\"1024\" src=\"https:\/\/i1.wp.com\/laplumedeloiseaulyre.com\/wp-content\/uploads\/2024\/05\/5_FRAGMENTS-cyanotype-2024-\u00a9GLSG.jpeg?resize=768%2C1024\" alt=\"\" class=\"wp-image-15625\" srcset=\"https:\/\/i2.wp.com\/laplumedeloiseaulyre.com\/wp-content\/uploads\/2024\/05\/5_FRAGMENTS-cyanotype-2024-\u00a9GLSG-scaled.jpeg?resize=768%2C1024&amp;ssl=1 768w, https:\/\/i2.wp.com\/laplumedeloiseaulyre.com\/wp-content\/uploads\/2024\/05\/5_FRAGMENTS-cyanotype-2024-\u00a9GLSG-scaled.jpeg?resize=225%2C300&amp;ssl=1 225w, https:\/\/i2.wp.com\/laplumedeloiseaulyre.com\/wp-content\/uploads\/2024\/05\/5_FRAGMENTS-cyanotype-2024-\u00a9GLSG-scaled.jpeg?resize=1152%2C1536&amp;ssl=1 1152w, https:\/\/i2.wp.com\/laplumedeloiseaulyre.com\/wp-content\/uploads\/2024\/05\/5_FRAGMENTS-cyanotype-2024-\u00a9GLSG-scaled.jpeg?resize=1536%2C2048&amp;ssl=1 1536w, https:\/\/i2.wp.com\/laplumedeloiseaulyre.com\/wp-content\/uploads\/2024\/05\/5_FRAGMENTS-cyanotype-2024-\u00a9GLSG-scaled.jpeg?resize=560%2C747&amp;ssl=1 560w, https:\/\/i2.wp.com\/laplumedeloiseaulyre.com\/wp-content\/uploads\/2024\/05\/5_FRAGMENTS-cyanotype-2024-\u00a9GLSG-scaled.jpeg?resize=160%2C213&amp;ssl=1 160w, https:\/\/i2.wp.com\/laplumedeloiseaulyre.com\/wp-content\/uploads\/2024\/05\/5_FRAGMENTS-cyanotype-2024-\u00a9GLSG-scaled.jpeg?w=1920&amp;ssl=1 1920w, https:\/\/i2.wp.com\/laplumedeloiseaulyre.com\/wp-content\/uploads\/2024\/05\/5_FRAGMENTS-cyanotype-2024-\u00a9GLSG-scaled.jpeg?w=1720 1720w\" sizes=\"(max-width: 768px) 100vw, 768px\" data-recalc-dims=\"1\" \/><figcaption><strong>5\/ FRAGMENTS<\/strong>, 42&#215;59.4 cm, cyanotype, 2024, prix sur demande \u00a9GLSG<\/figcaption><\/figure><\/div>\n\n\n\n<div class=\"wp-block-image\"><figure class=\"aligncenter size-large\"><img loading=\"lazy\" width=\"768\" height=\"1024\" src=\"https:\/\/i0.wp.com\/laplumedeloiseaulyre.com\/wp-content\/uploads\/2024\/05\/6_FRACTIONS-cyanotype-2024-\u00a9GLSG.jpeg?resize=768%2C1024\" alt=\"\" class=\"wp-image-15629\" srcset=\"https:\/\/i2.wp.com\/laplumedeloiseaulyre.com\/wp-content\/uploads\/2024\/05\/6_FRACTIONS-cyanotype-2024-\u00a9GLSG-scaled.jpeg?resize=768%2C1024&amp;ssl=1 768w, https:\/\/i2.wp.com\/laplumedeloiseaulyre.com\/wp-content\/uploads\/2024\/05\/6_FRACTIONS-cyanotype-2024-\u00a9GLSG-scaled.jpeg?resize=225%2C300&amp;ssl=1 225w, https:\/\/i2.wp.com\/laplumedeloiseaulyre.com\/wp-content\/uploads\/2024\/05\/6_FRACTIONS-cyanotype-2024-\u00a9GLSG-scaled.jpeg?resize=1152%2C1536&amp;ssl=1 1152w, https:\/\/i2.wp.com\/laplumedeloiseaulyre.com\/wp-content\/uploads\/2024\/05\/6_FRACTIONS-cyanotype-2024-\u00a9GLSG-scaled.jpeg?resize=1536%2C2048&amp;ssl=1 1536w, https:\/\/i2.wp.com\/laplumedeloiseaulyre.com\/wp-content\/uploads\/2024\/05\/6_FRACTIONS-cyanotype-2024-\u00a9GLSG-scaled.jpeg?resize=560%2C747&amp;ssl=1 560w, https:\/\/i2.wp.com\/laplumedeloiseaulyre.com\/wp-content\/uploads\/2024\/05\/6_FRACTIONS-cyanotype-2024-\u00a9GLSG-scaled.jpeg?resize=160%2C213&amp;ssl=1 160w, https:\/\/i2.wp.com\/laplumedeloiseaulyre.com\/wp-content\/uploads\/2024\/05\/6_FRACTIONS-cyanotype-2024-\u00a9GLSG-scaled.jpeg?w=1920&amp;ssl=1 1920w, https:\/\/i2.wp.com\/laplumedeloiseaulyre.com\/wp-content\/uploads\/2024\/05\/6_FRACTIONS-cyanotype-2024-\u00a9GLSG-scaled.jpeg?w=1720 1720w\" sizes=\"(max-width: 768px) 100vw, 768px\" data-recalc-dims=\"1\" \/><figcaption><strong>6\/ FRACTIONS<\/strong>, 42&#215;59.4 cm, cyanotype, 2024 \u00a9GLSG\u00a0<\/figcaption><\/figure><\/div>\n\n\n\n<div class=\"wp-block-image\"><figure class=\"aligncenter size-large\"><img loading=\"lazy\" width=\"768\" height=\"1024\" src=\"https:\/\/i0.wp.com\/laplumedeloiseaulyre.com\/wp-content\/uploads\/2024\/05\/7_CASSURES_cyanotype-2024\u00a9GLSG-.jpeg?resize=768%2C1024\" alt=\"\" class=\"wp-image-15631\" srcset=\"https:\/\/i1.wp.com\/laplumedeloiseaulyre.com\/wp-content\/uploads\/2024\/05\/7_CASSURES_cyanotype-2024\u00a9GLSG--scaled.jpeg?resize=768%2C1024&amp;ssl=1 768w, https:\/\/i1.wp.com\/laplumedeloiseaulyre.com\/wp-content\/uploads\/2024\/05\/7_CASSURES_cyanotype-2024\u00a9GLSG--scaled.jpeg?resize=225%2C300&amp;ssl=1 225w, https:\/\/i1.wp.com\/laplumedeloiseaulyre.com\/wp-content\/uploads\/2024\/05\/7_CASSURES_cyanotype-2024\u00a9GLSG--scaled.jpeg?resize=1152%2C1536&amp;ssl=1 1152w, https:\/\/i1.wp.com\/laplumedeloiseaulyre.com\/wp-content\/uploads\/2024\/05\/7_CASSURES_cyanotype-2024\u00a9GLSG--scaled.jpeg?resize=1536%2C2048&amp;ssl=1 1536w, https:\/\/i1.wp.com\/laplumedeloiseaulyre.com\/wp-content\/uploads\/2024\/05\/7_CASSURES_cyanotype-2024\u00a9GLSG--scaled.jpeg?resize=560%2C747&amp;ssl=1 560w, https:\/\/i1.wp.com\/laplumedeloiseaulyre.com\/wp-content\/uploads\/2024\/05\/7_CASSURES_cyanotype-2024\u00a9GLSG--scaled.jpeg?resize=160%2C213&amp;ssl=1 160w, https:\/\/i1.wp.com\/laplumedeloiseaulyre.com\/wp-content\/uploads\/2024\/05\/7_CASSURES_cyanotype-2024\u00a9GLSG--scaled.jpeg?w=1920&amp;ssl=1 1920w, https:\/\/i1.wp.com\/laplumedeloiseaulyre.com\/wp-content\/uploads\/2024\/05\/7_CASSURES_cyanotype-2024\u00a9GLSG--scaled.jpeg?w=1720 1720w\" sizes=\"(max-width: 768px) 100vw, 768px\" data-recalc-dims=\"1\" \/><figcaption><strong>7\/ CASSURES<\/strong>,  42&#215;59.4 cm, cyanotype, 2024 \u00a9GLSG<\/figcaption><\/figure><\/div>\n\n\n\n<div class=\"wp-block-image\"><figure class=\"aligncenter size-large\"><img loading=\"lazy\" width=\"768\" height=\"1024\" src=\"https:\/\/i1.wp.com\/laplumedeloiseaulyre.com\/wp-content\/uploads\/2024\/05\/8_YOU_BROKE_MY_HEART_-cyanotype2024-\u00a9GLSG-jpeg.jpeg?resize=768%2C1024\" alt=\"\" class=\"wp-image-15632\" srcset=\"https:\/\/i1.wp.com\/laplumedeloiseaulyre.com\/wp-content\/uploads\/2024\/05\/8_YOU_BROKE_MY_HEART_-cyanotype2024-\u00a9GLSG-jpeg-scaled.jpeg?resize=768%2C1024&amp;ssl=1 768w, https:\/\/i1.wp.com\/laplumedeloiseaulyre.com\/wp-content\/uploads\/2024\/05\/8_YOU_BROKE_MY_HEART_-cyanotype2024-\u00a9GLSG-jpeg-scaled.jpeg?resize=225%2C300&amp;ssl=1 225w, https:\/\/i1.wp.com\/laplumedeloiseaulyre.com\/wp-content\/uploads\/2024\/05\/8_YOU_BROKE_MY_HEART_-cyanotype2024-\u00a9GLSG-jpeg-scaled.jpeg?resize=1152%2C1536&amp;ssl=1 1152w, https:\/\/i1.wp.com\/laplumedeloiseaulyre.com\/wp-content\/uploads\/2024\/05\/8_YOU_BROKE_MY_HEART_-cyanotype2024-\u00a9GLSG-jpeg-scaled.jpeg?resize=1536%2C2048&amp;ssl=1 1536w, https:\/\/i1.wp.com\/laplumedeloiseaulyre.com\/wp-content\/uploads\/2024\/05\/8_YOU_BROKE_MY_HEART_-cyanotype2024-\u00a9GLSG-jpeg-scaled.jpeg?resize=560%2C747&amp;ssl=1 560w, https:\/\/i1.wp.com\/laplumedeloiseaulyre.com\/wp-content\/uploads\/2024\/05\/8_YOU_BROKE_MY_HEART_-cyanotype2024-\u00a9GLSG-jpeg-scaled.jpeg?resize=160%2C213&amp;ssl=1 160w, https:\/\/i1.wp.com\/laplumedeloiseaulyre.com\/wp-content\/uploads\/2024\/05\/8_YOU_BROKE_MY_HEART_-cyanotype2024-\u00a9GLSG-jpeg-scaled.jpeg?w=1920&amp;ssl=1 1920w, https:\/\/i1.wp.com\/laplumedeloiseaulyre.com\/wp-content\/uploads\/2024\/05\/8_YOU_BROKE_MY_HEART_-cyanotype2024-\u00a9GLSG-jpeg-scaled.jpeg?w=1720 1720w\" sizes=\"(max-width: 768px) 100vw, 768px\" data-recalc-dims=\"1\" \/><figcaption><strong>8\/ YOU BROKE MY HEART\/ CES POINTES DANS LE C\u0152UR<\/strong>, <br> 42&#215;59.4 cm, cyanotype, 2024 \u00a9GLSG<\/figcaption><\/figure><\/div>\n\n\n\n<p class=\"has-text-align-center\"><em><span style=\"color:#5b6062\" class=\"has-inline-color\">Voir la vid\u00e9o de pr\u00e9sentation ci-dessous<\/span><\/em> <\/p>\n\n\n\n<figure class=\"wp-block-video aligncenter\"><video controls src=\"http:\/\/laplumedeloiseaulyre.com\/wp-content\/uploads\/2024\/05\/2024_05_Fragile_memoire_Verre.mp4\"><\/video><figcaption><strong>&laquo;&nbsp;Fragile M\u00e9moire de Verre&nbsp;&raquo;<\/strong> \u00a9GLSG\/\u00a9Musique Two Lanes, <em>The Rest is Noise<\/em><\/figcaption><\/figure>\n","protected":false},"excerpt":{"rendered":"<p>Cette s\u00e9rie de 8 cyanotypes cr\u00e9\u00e9e en mai 2024 est intitul\u00e9e &laquo;&nbsp;FRAGILE M\u00c9MOIRE DE VERRE&nbsp;&raquo;. Elle a pour th\u00e8me la BRISURE DE VERRE, un aspect m\u00e9connu de l&rsquo;art du cyanotype. Il s&rsquo;agit pour l&rsquo;artiste GLSG de garder des empreintes uniques&hellip;<\/p>\n<p class=\"more-link-p\"><a class=\"more-link\" href=\"https:\/\/laplumedeloiseaulyre.com\/?page_id=15619\">Read more &rarr;<\/a><\/p>\n","protected":false},"author":1,"featured_media":15628,"parent":0,"menu_order":0,"comment_status":"closed","ping_status":"closed","template":"","meta":{"spay_email":""},"jetpack_shortlink":"https:\/\/wp.me\/P4lzfC-43V","_links":{"self":[{"href":"https:\/\/laplumedeloiseaulyre.com\/index.php?rest_route=\/wp\/v2\/pages\/15619"}],"collection":[{"href":"https:\/\/laplumedeloiseaulyre.com\/index.php?rest_route=\/wp\/v2\/pages"}],"about":[{"href":"https:\/\/laplumedeloiseaulyre.com\/index.php?rest_route=\/wp\/v2\/types\/page"}],"author":[{"embeddable":true,"href":"https:\/\/laplumedeloiseaulyre.com\/index.php?rest_route=\/wp\/v2\/users\/1"}],"replies":[{"embeddable":true,"href":"https:\/\/laplumedeloiseaulyre.com\/index.php?rest_route=%2Fwp%2Fv2%2Fcomments&post=15619"}],"version-history":[{"count":12,"href":"https:\/\/laplumedeloiseaulyre.com\/index.php?rest_route=\/wp\/v2\/pages\/15619\/revisions"}],"predecessor-version":[{"id":15656,"href":"https:\/\/laplumedeloiseaulyre.com\/index.php?rest_route=\/wp\/v2\/pages\/15619\/revisions\/15656"}],"wp:featuredmedia":[{"embeddable":true,"href":"https:\/\/laplumedeloiseaulyre.com\/index.php?rest_route=\/wp\/v2\/media\/15628"}],"wp:attachment":[{"href":"https:\/\/laplumedeloiseaulyre.com\/index.php?rest_route=%2Fwp%2Fv2%2Fmedia&parent=15619"}],"curies":[{"name":"wp","href":"https:\/\/api.w.org\/{rel}","templated":true}]}}