{"id":13953,"date":"2022-07-26T14:15:59","date_gmt":"2022-07-26T14:15:59","guid":{"rendered":"http:\/\/laplumedeloiseaulyre.com\/?page_id=13953"},"modified":"2022-07-26T14:33:24","modified_gmt":"2022-07-26T14:33:24","slug":"la-source-hedera-helix-cyanotype-en-hommage-a-ingres","status":"publish","type":"page","link":"https:\/\/laplumedeloiseaulyre.com\/?page_id=13953","title":{"rendered":"La Source Hedera helix, cyanotype en hommage \u00e0 Ingres"},"content":{"rendered":"\n<figure class=\"wp-block-pullquote\"><blockquote><p>&laquo;&nbsp;Le style c&rsquo;est la nature&nbsp;&raquo; Ingres<\/p><\/blockquote><\/figure>\n\n\n\n<figure class=\"wp-block-image size-large\"><img loading=\"lazy\" width=\"768\" height=\"1024\" src=\"https:\/\/i1.wp.com\/laplumedeloiseaulyre.com\/wp-content\/uploads\/2022\/07\/IMG_7603.jpg?resize=768%2C1024\" alt=\"\" class=\"wp-image-13954\" srcset=\"https:\/\/i1.wp.com\/laplumedeloiseaulyre.com\/wp-content\/uploads\/2022\/07\/IMG_7603-scaled.jpg?resize=768%2C1024&amp;ssl=1 768w, https:\/\/i1.wp.com\/laplumedeloiseaulyre.com\/wp-content\/uploads\/2022\/07\/IMG_7603-scaled.jpg?resize=225%2C300&amp;ssl=1 225w, https:\/\/i1.wp.com\/laplumedeloiseaulyre.com\/wp-content\/uploads\/2022\/07\/IMG_7603-scaled.jpg?resize=1152%2C1536&amp;ssl=1 1152w, https:\/\/i1.wp.com\/laplumedeloiseaulyre.com\/wp-content\/uploads\/2022\/07\/IMG_7603-scaled.jpg?resize=1536%2C2048&amp;ssl=1 1536w, https:\/\/i1.wp.com\/laplumedeloiseaulyre.com\/wp-content\/uploads\/2022\/07\/IMG_7603-scaled.jpg?resize=560%2C747&amp;ssl=1 560w, https:\/\/i1.wp.com\/laplumedeloiseaulyre.com\/wp-content\/uploads\/2022\/07\/IMG_7603-scaled.jpg?resize=160%2C213&amp;ssl=1 160w, https:\/\/i1.wp.com\/laplumedeloiseaulyre.com\/wp-content\/uploads\/2022\/07\/IMG_7603-scaled.jpg?w=1920&amp;ssl=1 1920w, https:\/\/i1.wp.com\/laplumedeloiseaulyre.com\/wp-content\/uploads\/2022\/07\/IMG_7603-scaled.jpg?w=1720 1720w\" sizes=\"(max-width: 768px) 100vw, 768px\" data-recalc-dims=\"1\" \/><figcaption><strong><em>La Source Hedera helix<\/em><\/strong>, cyanotype, 24&#215;32 cm, 2022 \u00a9GLSG<\/figcaption><\/figure>\n\n\n\n<p>Ce cyanotype intitul\u00e9e&nbsp;<em>La Source<\/em>&nbsp;<em>Hedera helix<\/em>&nbsp;a \u00e9t\u00e9 con\u00e7u \u00e0 Montauban en hommage \u00e0&nbsp;<em>La Source<\/em>&nbsp;d\u2019Ingres \u00e0 partir d\u2019un sp\u00e9cimen botanique de lierre (<em>Hedera helix<\/em>) cueilli dans la jardin faisant face au mus\u00e9e Ingres, le 13 juillet 2022.<strong> Le lierre est pr\u00e9sent dans ce c\u00e9l\u00e8bre tableau. Le bleu cyan fait \u00e9cho au bleu de l\u2019eau qui coule (eau utile pour le rin\u00e7age de ce tirage unique) et les m\u00e9andres blancs de l\u2019\u00e9criture rappellent les lignes serpentines et graphiques de la silhouette de la jeune fille tout comme la structure gracile et souple du v\u00e9g\u00e9tal.<\/strong> Le reflet de l\u2019eau \u00e9voque le reflet de la vitre de verre utilis\u00e9e dans la technique de la cyanotypie pour cr\u00e9er ce photogramme m\u00e9moriel, \u00e0 la fronti\u00e8re de l\u2019herbier et de la calligraphie.<\/p>\n\n\n\n<div class=\"wp-block-image\"><figure class=\"aligncenter size-large\"><img loading=\"lazy\" width=\"249\" height=\"500\" src=\"https:\/\/i1.wp.com\/laplumedeloiseaulyre.com\/wp-content\/uploads\/2022\/07\/Peintures_RF-219.jpg?resize=249%2C500\" alt=\"\" class=\"wp-image-13957\" srcset=\"https:\/\/i1.wp.com\/laplumedeloiseaulyre.com\/wp-content\/uploads\/2022\/07\/Peintures_RF-219.jpg?w=249&amp;ssl=1 249w, https:\/\/i1.wp.com\/laplumedeloiseaulyre.com\/wp-content\/uploads\/2022\/07\/Peintures_RF-219.jpg?resize=149%2C300&amp;ssl=1 149w, https:\/\/i1.wp.com\/laplumedeloiseaulyre.com\/wp-content\/uploads\/2022\/07\/Peintures_RF-219.jpg?resize=160%2C321&amp;ssl=1 160w\" sizes=\"(max-width: 249px) 100vw, 249px\" data-recalc-dims=\"1\" \/><figcaption><strong><strong>Jean Auguste Dominique Ingres<br><em>La Source<\/em><\/strong><\/strong>, 1856, huile sur toile, 163&#215;80 cm \u00a9Paris, mus\u00e9e d&rsquo;Orsay<\/figcaption><\/figure><\/div>\n\n\n\n<p><span style=\"color:#80878d\" class=\"has-inline-color\"><strong>TEXTE <\/strong><\/span><\/p>\n\n\n\n<p><span style=\"color:#80878d\" class=\"has-inline-color\"><em>La Source Hedera helix<\/em><\/span><\/p>\n\n\n\n<p><span style=\"color:#777f86\" class=\"has-inline-color\">&laquo;&nbsp;<\/span><span style=\"font-style: italic; color: rgb(113, 121, 127);\" class=\"has-inline-color\">Le style, c&rsquo;est la nature&nbsp;&raquo;. Lierre de Montauban cueilli par Gabrielle de Lassus Saint-Geni\u00e8s le 13 juillet 2022 dans le jardin qui fait face au Mus\u00e9e Ingres-Bourdelle et solaris\u00e9 en cyanotype en souvenir du lierre pr\u00e9sent sur le tableau d&rsquo;Ingres du m\u00eame nom.<\/span><i> <\/i><\/p>\n\n\n\n<div class=\"wp-block-image\"><figure class=\"aligncenter size-large is-resized\"><img loading=\"lazy\" src=\"https:\/\/i0.wp.com\/laplumedeloiseaulyre.com\/wp-content\/uploads\/2022\/07\/IMG_7607.jpg?resize=478%2C639\" alt=\"\" class=\"wp-image-13955\" width=\"478\" height=\"639\" srcset=\"https:\/\/i0.wp.com\/laplumedeloiseaulyre.com\/wp-content\/uploads\/2022\/07\/IMG_7607-scaled.jpg?resize=225%2C300&amp;ssl=1 225w, https:\/\/i0.wp.com\/laplumedeloiseaulyre.com\/wp-content\/uploads\/2022\/07\/IMG_7607-scaled.jpg?resize=560%2C747&amp;ssl=1 560w, https:\/\/i0.wp.com\/laplumedeloiseaulyre.com\/wp-content\/uploads\/2022\/07\/IMG_7607-scaled.jpg?resize=160%2C213&amp;ssl=1 160w, https:\/\/i0.wp.com\/laplumedeloiseaulyre.com\/wp-content\/uploads\/2022\/07\/IMG_7607-scaled.jpg?zoom=2&amp;resize=478%2C639 956w, https:\/\/i0.wp.com\/laplumedeloiseaulyre.com\/wp-content\/uploads\/2022\/07\/IMG_7607-scaled.jpg?zoom=3&amp;resize=478%2C639 1434w\" sizes=\"(max-width: 478px) 100vw, 478px\" data-recalc-dims=\"1\" \/><\/figure><\/div>\n\n\n\n<figure class=\"wp-block-image size-large\"><img loading=\"lazy\" width=\"768\" height=\"1024\" src=\"https:\/\/i2.wp.com\/laplumedeloiseaulyre.com\/wp-content\/uploads\/2022\/07\/IMG_7613.jpg?resize=768%2C1024\" alt=\"\" class=\"wp-image-13956\" srcset=\"https:\/\/i2.wp.com\/laplumedeloiseaulyre.com\/wp-content\/uploads\/2022\/07\/IMG_7613-scaled.jpg?resize=768%2C1024&amp;ssl=1 768w, https:\/\/i2.wp.com\/laplumedeloiseaulyre.com\/wp-content\/uploads\/2022\/07\/IMG_7613-scaled.jpg?resize=225%2C300&amp;ssl=1 225w, https:\/\/i2.wp.com\/laplumedeloiseaulyre.com\/wp-content\/uploads\/2022\/07\/IMG_7613-scaled.jpg?resize=1152%2C1536&amp;ssl=1 1152w, https:\/\/i2.wp.com\/laplumedeloiseaulyre.com\/wp-content\/uploads\/2022\/07\/IMG_7613-scaled.jpg?resize=1536%2C2048&amp;ssl=1 1536w, https:\/\/i2.wp.com\/laplumedeloiseaulyre.com\/wp-content\/uploads\/2022\/07\/IMG_7613-scaled.jpg?resize=560%2C747&amp;ssl=1 560w, https:\/\/i2.wp.com\/laplumedeloiseaulyre.com\/wp-content\/uploads\/2022\/07\/IMG_7613-scaled.jpg?resize=160%2C213&amp;ssl=1 160w, https:\/\/i2.wp.com\/laplumedeloiseaulyre.com\/wp-content\/uploads\/2022\/07\/IMG_7613-scaled.jpg?w=1920&amp;ssl=1 1920w, https:\/\/i2.wp.com\/laplumedeloiseaulyre.com\/wp-content\/uploads\/2022\/07\/IMG_7613-scaled.jpg?w=1720 1720w\" sizes=\"(max-width: 768px) 100vw, 768px\" data-recalc-dims=\"1\" \/><\/figure>\n\n\n\n<figure class=\"wp-block-image size-large\"><img loading=\"lazy\" width=\"768\" height=\"1024\" src=\"https:\/\/i2.wp.com\/laplumedeloiseaulyre.com\/wp-content\/uploads\/2022\/07\/IMG_7610.jpg?resize=768%2C1024\" alt=\"\" class=\"wp-image-13958\" srcset=\"https:\/\/i2.wp.com\/laplumedeloiseaulyre.com\/wp-content\/uploads\/2022\/07\/IMG_7610-scaled.jpg?resize=768%2C1024&amp;ssl=1 768w, https:\/\/i2.wp.com\/laplumedeloiseaulyre.com\/wp-content\/uploads\/2022\/07\/IMG_7610-scaled.jpg?resize=225%2C300&amp;ssl=1 225w, https:\/\/i2.wp.com\/laplumedeloiseaulyre.com\/wp-content\/uploads\/2022\/07\/IMG_7610-scaled.jpg?resize=1152%2C1536&amp;ssl=1 1152w, https:\/\/i2.wp.com\/laplumedeloiseaulyre.com\/wp-content\/uploads\/2022\/07\/IMG_7610-scaled.jpg?resize=1536%2C2048&amp;ssl=1 1536w, https:\/\/i2.wp.com\/laplumedeloiseaulyre.com\/wp-content\/uploads\/2022\/07\/IMG_7610-scaled.jpg?resize=560%2C747&amp;ssl=1 560w, https:\/\/i2.wp.com\/laplumedeloiseaulyre.com\/wp-content\/uploads\/2022\/07\/IMG_7610-scaled.jpg?resize=160%2C213&amp;ssl=1 160w, https:\/\/i2.wp.com\/laplumedeloiseaulyre.com\/wp-content\/uploads\/2022\/07\/IMG_7610-scaled.jpg?w=1920&amp;ssl=1 1920w, https:\/\/i2.wp.com\/laplumedeloiseaulyre.com\/wp-content\/uploads\/2022\/07\/IMG_7610-scaled.jpg?w=1720 1720w\" sizes=\"(max-width: 768px) 100vw, 768px\" data-recalc-dims=\"1\" \/><\/figure>\n","protected":false},"excerpt":{"rendered":"<p>&laquo;&nbsp;Le style c&rsquo;est la nature&nbsp;&raquo; Ingres Ce cyanotype intitul\u00e9e&nbsp;La Source&nbsp;Hedera helix&nbsp;a \u00e9t\u00e9 con\u00e7u \u00e0 Montauban en hommage \u00e0&nbsp;La Source&nbsp;d\u2019Ingres \u00e0 partir d\u2019un sp\u00e9cimen botanique de lierre (Hedera helix) cueilli dans la jardin faisant face au mus\u00e9e Ingres, le 13 juillet&hellip;<\/p>\n<p class=\"more-link-p\"><a class=\"more-link\" href=\"https:\/\/laplumedeloiseaulyre.com\/?page_id=13953\">Read more &rarr;<\/a><\/p>\n","protected":false},"author":1,"featured_media":13958,"parent":0,"menu_order":0,"comment_status":"closed","ping_status":"closed","template":"","meta":{"spay_email":""},"jetpack_shortlink":"https:\/\/wp.me\/P4lzfC-3D3","_links":{"self":[{"href":"https:\/\/laplumedeloiseaulyre.com\/index.php?rest_route=\/wp\/v2\/pages\/13953"}],"collection":[{"href":"https:\/\/laplumedeloiseaulyre.com\/index.php?rest_route=\/wp\/v2\/pages"}],"about":[{"href":"https:\/\/laplumedeloiseaulyre.com\/index.php?rest_route=\/wp\/v2\/types\/page"}],"author":[{"embeddable":true,"href":"https:\/\/laplumedeloiseaulyre.com\/index.php?rest_route=\/wp\/v2\/users\/1"}],"replies":[{"embeddable":true,"href":"https:\/\/laplumedeloiseaulyre.com\/index.php?rest_route=%2Fwp%2Fv2%2Fcomments&post=13953"}],"version-history":[{"count":4,"href":"https:\/\/laplumedeloiseaulyre.com\/index.php?rest_route=\/wp\/v2\/pages\/13953\/revisions"}],"predecessor-version":[{"id":13968,"href":"https:\/\/laplumedeloiseaulyre.com\/index.php?rest_route=\/wp\/v2\/pages\/13953\/revisions\/13968"}],"wp:featuredmedia":[{"embeddable":true,"href":"https:\/\/laplumedeloiseaulyre.com\/index.php?rest_route=\/wp\/v2\/media\/13958"}],"wp:attachment":[{"href":"https:\/\/laplumedeloiseaulyre.com\/index.php?rest_route=%2Fwp%2Fv2%2Fmedia&parent=13953"}],"curies":[{"name":"wp","href":"https:\/\/api.w.org\/{rel}","templated":true}]}}