{"id":10636,"date":"2020-05-22T00:12:55","date_gmt":"2020-05-22T00:12:55","guid":{"rendered":"http:\/\/laplumedeloiseaulyre.com\/?page_id=10636"},"modified":"2020-05-22T15:27:17","modified_gmt":"2020-05-22T15:27:17","slug":"faire-part-de-mariage","status":"publish","type":"page","link":"https:\/\/laplumedeloiseaulyre.com\/?page_id=10636","title":{"rendered":"Papeterie de mariage (2020)"},"content":{"rendered":"<div id=\"attachment_10664\" style=\"width: 3034px\" class=\"wp-caption aligncenter\"><img aria-describedby=\"caption-attachment-10664\" loading=\"lazy\" class=\"wp-image-10664 size-full\" src=\"https:\/\/i1.wp.com\/laplumedeloiseaulyre.com\/wp-content\/uploads\/2020\/05\/IMG_7299.jpg?resize=860%2C1147\" width=\"860\" height=\"1147\" srcset=\"https:\/\/i1.wp.com\/laplumedeloiseaulyre.com\/wp-content\/uploads\/2020\/05\/IMG_7299.jpg?w=3024&amp;ssl=1 3024w, https:\/\/i1.wp.com\/laplumedeloiseaulyre.com\/wp-content\/uploads\/2020\/05\/IMG_7299.jpg?resize=225%2C300&amp;ssl=1 225w, https:\/\/i1.wp.com\/laplumedeloiseaulyre.com\/wp-content\/uploads\/2020\/05\/IMG_7299.jpg?resize=768%2C1024&amp;ssl=1 768w, https:\/\/i1.wp.com\/laplumedeloiseaulyre.com\/wp-content\/uploads\/2020\/05\/IMG_7299.jpg?resize=560%2C747&amp;ssl=1 560w, https:\/\/i1.wp.com\/laplumedeloiseaulyre.com\/wp-content\/uploads\/2020\/05\/IMG_7299.jpg?resize=160%2C213&amp;ssl=1 160w, https:\/\/i1.wp.com\/laplumedeloiseaulyre.com\/wp-content\/uploads\/2020\/05\/IMG_7299.jpg?w=1720 1720w, https:\/\/i1.wp.com\/laplumedeloiseaulyre.com\/wp-content\/uploads\/2020\/05\/IMG_7299.jpg?w=2580 2580w\" sizes=\"(max-width: 860px) 100vw, 860px\" data-recalc-dims=\"1\" \/><p id=\"caption-attachment-10664\" class=\"wp-caption-text\"><strong>Un faire-part personnalis\u00e9 sur le th\u00e8me symbolique du bl\u00e9, inspir\u00e9 par le tirage unique d&rsquo;un cyanotype de GLSG<\/strong> \u00a9J. et C. V.&amp;GLSG<\/p><\/div>\n<p style=\"text-align: justify;\">Le cyanotype d&rsquo;une gerbe de bl\u00e9 a \u00e9t\u00e9 choisi pour \u00eatre reproduit sur le <strong>faire-part<\/strong>\u00a0et <strong>le carton d&rsquo;invitation<\/strong> d&rsquo;un jeune couple qui se marie au mois d&rsquo;ao\u00fbt 2020. Le bleu de Prusse donnera le ton du mariage qui sera sur le th\u00e8me bleu et blanc. Pour rester dans l&rsquo;esprit botanique, il est aussi pr\u00e9vu que des sachets de graines de fleurs bleues soient distribu\u00e9s aux invit\u00e9s. Une belle id\u00e9e po\u00e9tique !<\/p>\n<p><strong>Voir galerie ci-dessous<\/strong><\/p>\n<p class=\"jetpack-slideshow-noscript robots-nocontent\">Ce diaporama n\u00e9cessite JavaScript.<\/p><div id=\"gallery-10636-1-slideshow\" class=\"slideshow-window jetpack-slideshow slideshow-black\" data-trans=\"fade\" data-autostart=\"1\" data-gallery=\"[{&quot;src&quot;:&quot;https:\\\/\\\/i1.wp.com\\\/laplumedeloiseaulyre.com\\\/wp-content\\\/uploads\\\/2020\\\/05\\\/99372030_1298851573838877_5131670987330289664_n.jpg?fit=280%2C280\\u0026ssl=1&quot;,&quot;id&quot;:&quot;10654&quot;,&quot;title&quot;:&quot;99372030_1298851573838877_5131670987330289664_n&quot;,&quot;alt&quot;:&quot;&quot;,&quot;caption&quot;:&quot;&quot;,&quot;itemprop&quot;:&quot;image&quot;},{&quot;src&quot;:&quot;https:\\\/\\\/i0.wp.com\\\/laplumedeloiseaulyre.com\\\/wp-content\\\/uploads\\\/2020\\\/05\\\/98186134_539147460299065_2424257297673879552_n.jpg?fit=280%2C280\\u0026ssl=1&quot;,&quot;id&quot;:&quot;10655&quot;,&quot;title&quot;:&quot;98186134_539147460299065_2424257297673879552_n&quot;,&quot;alt&quot;:&quot;&quot;,&quot;caption&quot;:&quot;&quot;,&quot;itemprop&quot;:&quot;image&quot;},{&quot;src&quot;:&quot;https:\\\/\\\/i0.wp.com\\\/laplumedeloiseaulyre.com\\\/wp-content\\\/uploads\\\/2020\\\/05\\\/100522637_705484403600867_9145160128343834624_n.jpg?fit=280%2C280\\u0026ssl=1&quot;,&quot;id&quot;:&quot;10656&quot;,&quot;title&quot;:&quot;100522637_705484403600867_9145160128343834624_n&quot;,&quot;alt&quot;:&quot;&quot;,&quot;caption&quot;:&quot;&quot;,&quot;itemprop&quot;:&quot;image&quot;},{&quot;src&quot;:&quot;https:\\\/\\\/i0.wp.com\\\/laplumedeloiseaulyre.com\\\/wp-content\\\/uploads\\\/2020\\\/05\\\/99420845_248847776202697_5237849253266587648_n.jpg?fit=280%2C280\\u0026ssl=1&quot;,&quot;id&quot;:&quot;10658&quot;,&quot;title&quot;:&quot;99420845_248847776202697_5237849253266587648_n&quot;,&quot;alt&quot;:&quot;&quot;,&quot;caption&quot;:&quot;&quot;,&quot;itemprop&quot;:&quot;image&quot;},{&quot;src&quot;:&quot;https:\\\/\\\/i1.wp.com\\\/laplumedeloiseaulyre.com\\\/wp-content\\\/uploads\\\/2020\\\/05\\\/99062613_276639137065156_2261067970857926656_n.jpg?fit=280%2C280\\u0026ssl=1&quot;,&quot;id&quot;:&quot;10659&quot;,&quot;title&quot;:&quot;99062613_276639137065156_2261067970857926656_n&quot;,&quot;alt&quot;:&quot;&quot;,&quot;caption&quot;:&quot;&quot;,&quot;itemprop&quot;:&quot;image&quot;},{&quot;src&quot;:&quot;https:\\\/\\\/i1.wp.com\\\/laplumedeloiseaulyre.com\\\/wp-content\\\/uploads\\\/2020\\\/05\\\/99108199_1601153666725398_854412863693914112_n.jpg?fit=280%2C280\\u0026ssl=1&quot;,&quot;id&quot;:&quot;10660&quot;,&quot;title&quot;:&quot;99108199_1601153666725398_854412863693914112_n&quot;,&quot;alt&quot;:&quot;&quot;,&quot;caption&quot;:&quot;&quot;,&quot;itemprop&quot;:&quot;image&quot;}]\" itemscope itemtype=\"https:\/\/schema.org\/ImageGallery\"><\/div>\n","protected":false},"excerpt":{"rendered":"<p>Le cyanotype d&rsquo;une gerbe de bl\u00e9 a \u00e9t\u00e9 choisi pour \u00eatre reproduit sur le faire-part\u00a0et le carton d&rsquo;invitation d&rsquo;un jeune couple qui se marie au mois d&rsquo;ao\u00fbt 2020. Le bleu de Prusse donnera le ton du mariage qui sera sur&hellip;<\/p>\n<p class=\"more-link-p\"><a class=\"more-link\" href=\"https:\/\/laplumedeloiseaulyre.com\/?page_id=10636\">Read more &rarr;<\/a><\/p>\n","protected":false},"author":1,"featured_media":0,"parent":0,"menu_order":0,"comment_status":"closed","ping_status":"closed","template":"","meta":{"spay_email":""},"jetpack_shortlink":"https:\/\/wp.me\/P4lzfC-2Ly","_links":{"self":[{"href":"https:\/\/laplumedeloiseaulyre.com\/index.php?rest_route=\/wp\/v2\/pages\/10636"}],"collection":[{"href":"https:\/\/laplumedeloiseaulyre.com\/index.php?rest_route=\/wp\/v2\/pages"}],"about":[{"href":"https:\/\/laplumedeloiseaulyre.com\/index.php?rest_route=\/wp\/v2\/types\/page"}],"author":[{"embeddable":true,"href":"https:\/\/laplumedeloiseaulyre.com\/index.php?rest_route=\/wp\/v2\/users\/1"}],"replies":[{"embeddable":true,"href":"https:\/\/laplumedeloiseaulyre.com\/index.php?rest_route=%2Fwp%2Fv2%2Fcomments&post=10636"}],"version-history":[{"count":7,"href":"https:\/\/laplumedeloiseaulyre.com\/index.php?rest_route=\/wp\/v2\/pages\/10636\/revisions"}],"predecessor-version":[{"id":10670,"href":"https:\/\/laplumedeloiseaulyre.com\/index.php?rest_route=\/wp\/v2\/pages\/10636\/revisions\/10670"}],"wp:attachment":[{"href":"https:\/\/laplumedeloiseaulyre.com\/index.php?rest_route=%2Fwp%2Fv2%2Fmedia&parent=10636"}],"curies":[{"name":"wp","href":"https:\/\/api.w.org\/{rel}","templated":true}]}}