{"id":9760,"date":"2019-04-07T16:14:53","date_gmt":"2019-04-07T16:14:53","guid":{"rendered":"http:\/\/laplumedeloiseaulyre.com\/?page_id=9760"},"modified":"2025-06-26T16:00:56","modified_gmt":"2025-06-26T16:00:56","slug":"la-chambre-bleue-serie-de-papiers-peints-imaginaires-mars-2019","status":"publish","type":"page","link":"http:\/\/laplumedeloiseaulyre.com\/?page_id=9760","title":{"rendered":"La Chambre Bleue (s\u00e9rie de papiers-peints imaginaires\u00a0&#8211; 2019)"},"content":{"rendered":"<p style=\"text-align: justify;\"><span style=\"color: #3366ff;\">\u00ab\u00a0La Chambre Bleue\u00a0\u00bb est le nom donn\u00e9 \u00e0 la s\u00e9rie\u00a0<em>Papiers-peints imaginaires <\/em>qui est compos\u00e9e de cyanotypes botaniques comme autant de planches pouvant \u00eatre multipli\u00e9es \u00e0 l\u2019infini pour parer les murs de r\u00eaves de fleurs et de plantes mais aussi de plumes ! Chaque cyanotype est cr\u00e9\u00e9 \u00e0 partir de v\u00e9g\u00e9taux \u00e0 taille r\u00e9elle, ce qui renforce la sensation de se retrouver dans un jardin de songe inspir\u00e9 par la nature v\u00e9ritable. Simple trompe-l\u2019\u0153il ou vision fantasque, ces \u0153uvres d\u2019art uniques gomment les distinctions habituelles entre art, artisanat et d\u00e9coration gr\u00e2ce \u00e0 la po\u00e9sie de l\u2019artiste GLSG.<\/span><\/p>\n<p><span style=\"color: #808080;\"><strong>DESCRIPTION\u00a0<\/strong><\/span><br \/><span style=\"color: #808080;\"> s\u00e9rie de cyanotypes<\/span><br \/><span style=\"color: #808080;\"> 30&#215;41 cm environ (format A3) et 60&#215;90 (environ)<\/span><br \/><span style=\"color: #808080;\"> r\u00e9alis\u00e9s en mars et avril 2019 <\/span><br \/><span style=\"color: #808080;\"> sign\u00e9s et dat\u00e9s \/ \u00a9Gabrielle de Lassus Saint-Geni\u00e8s<\/span><\/p>\n<p><strong><a href=\"http:\/\/laplumedeloiseaulyre.com\/?page_id=5771\" target=\"_blank\" rel=\"noopener\"><span style=\"color: #0000ff;\">Prix sur demande<\/span><\/a><\/strong><\/p>\n<p><span style=\"color: #ff6600;\"><strong>Note importante :<\/strong> \u00a0la mention \u00ab collection de \u00bb qui figure sous les photos des cyanotypes indique que l\u2019oeuvre est d\u00e9j\u00e0 entr\u00e9e dans une collection et qu\u2019elle n\u2019est plus disponible \u00e0 la vente. En revanche un tirage dans le m\u00eame esprit peut \u00eatre r\u00e9alis\u00e9 si vous tenez plus particuli\u00e8rement \u00e0 un mod\u00e8le ou \u00e0 une composition.<\/span><\/p>\n<div id='gallery-1' class='gallery galleryid-9760 gallery-columns-3 gallery-size-thumbnail'><dl class='gallery-item'>\n\t\t\t<dt class='gallery-icon portrait'>\n\t\t\t\t<a href='http:\/\/laplumedeloiseaulyre.com\/?attachment_id=9765'><img width=\"150\" height=\"150\" src=\"https:\/\/i1.wp.com\/laplumedeloiseaulyre.com\/wp-content\/uploads\/2019\/04\/1_Hortus-primus-tempus_1.jpg?resize=150%2C150\" class=\"attachment-thumbnail size-thumbnail\" alt=\"\" loading=\"lazy\" aria-describedby=\"gallery-1-9765\" srcset=\"https:\/\/i1.wp.com\/laplumedeloiseaulyre.com\/wp-content\/uploads\/2019\/04\/1_Hortus-primus-tempus_1.jpg?resize=150%2C150 150w, https:\/\/i1.wp.com\/laplumedeloiseaulyre.com\/wp-content\/uploads\/2019\/04\/1_Hortus-primus-tempus_1.jpg?zoom=2&amp;resize=150%2C150 300w, https:\/\/i1.wp.com\/laplumedeloiseaulyre.com\/wp-content\/uploads\/2019\/04\/1_Hortus-primus-tempus_1.jpg?zoom=3&amp;resize=150%2C150 450w\" sizes=\"(max-width: 150px) 100vw, 150px\" \/><\/a>\n\t\t\t<\/dt>\n\t\t\t\t<dd class='wp-caption-text gallery-caption' id='gallery-1-9765'>\n\t\t\t\tPlanche Hortus primus tempus 1, cyanotype, 30x40cm, 2019, prix sur demande (non encadr\u00e9) \u00a9GLSG\n\t\t\t\t<\/dd><\/dl><dl class='gallery-item'>\n\t\t\t<dt class='gallery-icon portrait'>\n\t\t\t\t<a href='http:\/\/laplumedeloiseaulyre.com\/?attachment_id=9766'><img width=\"150\" height=\"150\" src=\"https:\/\/i2.wp.com\/laplumedeloiseaulyre.com\/wp-content\/uploads\/2019\/04\/2_Hortus-primus-tempus_2.jpg?resize=150%2C150\" class=\"attachment-thumbnail size-thumbnail\" alt=\"\" loading=\"lazy\" aria-describedby=\"gallery-1-9766\" srcset=\"https:\/\/i2.wp.com\/laplumedeloiseaulyre.com\/wp-content\/uploads\/2019\/04\/2_Hortus-primus-tempus_2.jpg?resize=150%2C150 150w, https:\/\/i2.wp.com\/laplumedeloiseaulyre.com\/wp-content\/uploads\/2019\/04\/2_Hortus-primus-tempus_2.jpg?zoom=2&amp;resize=150%2C150 300w, https:\/\/i2.wp.com\/laplumedeloiseaulyre.com\/wp-content\/uploads\/2019\/04\/2_Hortus-primus-tempus_2.jpg?zoom=3&amp;resize=150%2C150 450w\" sizes=\"(max-width: 150px) 100vw, 150px\" \/><\/a>\n\t\t\t<\/dt>\n\t\t\t\t<dd class='wp-caption-text gallery-caption' id='gallery-1-9766'>\n\t\t\t\tPlanche Hortus primus tempus 2, cyanotype, 30x40cm, 2019, prix sur demande (non encadr\u00e9) \u00a9GLSG\n\t\t\t\t<\/dd><\/dl><dl class='gallery-item'>\n\t\t\t<dt class='gallery-icon portrait'>\n\t\t\t\t<a href='http:\/\/laplumedeloiseaulyre.com\/?attachment_id=9767'><img width=\"150\" height=\"150\" src=\"https:\/\/i1.wp.com\/laplumedeloiseaulyre.com\/wp-content\/uploads\/2019\/04\/3_Copalme.jpg?resize=150%2C150\" class=\"attachment-thumbnail size-thumbnail\" alt=\"\" loading=\"lazy\" aria-describedby=\"gallery-1-9767\" srcset=\"https:\/\/i1.wp.com\/laplumedeloiseaulyre.com\/wp-content\/uploads\/2019\/04\/3_Copalme.jpg?resize=150%2C150 150w, https:\/\/i1.wp.com\/laplumedeloiseaulyre.com\/wp-content\/uploads\/2019\/04\/3_Copalme.jpg?zoom=2&amp;resize=150%2C150 300w, https:\/\/i1.wp.com\/laplumedeloiseaulyre.com\/wp-content\/uploads\/2019\/04\/3_Copalme.jpg?zoom=3&amp;resize=150%2C150 450w\" sizes=\"(max-width: 150px) 100vw, 150px\" \/><\/a>\n\t\t\t<\/dt>\n\t\t\t\t<dd class='wp-caption-text gallery-caption' id='gallery-1-9767'>\n\t\t\t\tPlanche Copalme (feuilles de Copalme, sp\u00e9cimens de Liquidambar formosana du parc de Versailles) cyanotype, 30x42cm, 2019, prix sur demande (non encadr\u00e9) \u00a9GLSG\n\t\t\t\t<\/dd><\/dl><br style=\"clear: both\" \/><dl class='gallery-item'>\n\t\t\t<dt class='gallery-icon portrait'>\n\t\t\t\t<a href='http:\/\/laplumedeloiseaulyre.com\/?attachment_id=9768'><img width=\"150\" height=\"150\" src=\"https:\/\/i2.wp.com\/laplumedeloiseaulyre.com\/wp-content\/uploads\/2019\/04\/4_Gingko.jpg?resize=150%2C150\" class=\"attachment-thumbnail size-thumbnail\" alt=\"\" loading=\"lazy\" aria-describedby=\"gallery-1-9768\" srcset=\"https:\/\/i2.wp.com\/laplumedeloiseaulyre.com\/wp-content\/uploads\/2019\/04\/4_Gingko.jpg?resize=150%2C150 150w, https:\/\/i2.wp.com\/laplumedeloiseaulyre.com\/wp-content\/uploads\/2019\/04\/4_Gingko.jpg?zoom=2&amp;resize=150%2C150 300w, https:\/\/i2.wp.com\/laplumedeloiseaulyre.com\/wp-content\/uploads\/2019\/04\/4_Gingko.jpg?zoom=3&amp;resize=150%2C150 450w\" sizes=\"(max-width: 150px) 100vw, 150px\" \/><\/a>\n\t\t\t<\/dt>\n\t\t\t\t<dd class='wp-caption-text gallery-caption' id='gallery-1-9768'>\n\t\t\t\tPlanche Ginkgo (feuilles de Ginkgo biloba, Ginkgoaceae, sp\u00e9cimens du parc de Versailles) cyanotype, 29,5&#215;41,5cm, 2019, prix sur demande (non encadr\u00e9) \u00a9GLSG\n\t\t\t\t<\/dd><\/dl><dl class='gallery-item'>\n\t\t\t<dt class='gallery-icon portrait'>\n\t\t\t\t<a href='http:\/\/laplumedeloiseaulyre.com\/?attachment_id=9769'><img width=\"150\" height=\"150\" src=\"https:\/\/i1.wp.com\/laplumedeloiseaulyre.com\/wp-content\/uploads\/2019\/04\/5_Peonia.jpg?resize=150%2C150\" class=\"attachment-thumbnail size-thumbnail\" alt=\"\" loading=\"lazy\" aria-describedby=\"gallery-1-9769\" srcset=\"https:\/\/i1.wp.com\/laplumedeloiseaulyre.com\/wp-content\/uploads\/2019\/04\/5_Peonia.jpg?resize=150%2C150 150w, https:\/\/i1.wp.com\/laplumedeloiseaulyre.com\/wp-content\/uploads\/2019\/04\/5_Peonia.jpg?zoom=2&amp;resize=150%2C150 300w, https:\/\/i1.wp.com\/laplumedeloiseaulyre.com\/wp-content\/uploads\/2019\/04\/5_Peonia.jpg?zoom=3&amp;resize=150%2C150 450w\" sizes=\"(max-width: 150px) 100vw, 150px\" \/><\/a>\n\t\t\t<\/dt>\n\t\t\t\t<dd class='wp-caption-text gallery-caption' id='gallery-1-9769'>\n\t\t\t\tPlanche Paeonia (feuilles de Pivoine, Paeonia x suffruticosa, Paeoniaceae) cyanotype, 29,5&#215;41,5cm, 2019, prix sur demande (non encadr\u00e9) \u00a9GLSG\n\t\t\t\t<\/dd><\/dl><dl class='gallery-item'>\n\t\t\t<dt class='gallery-icon portrait'>\n\t\t\t\t<a href='http:\/\/laplumedeloiseaulyre.com\/?attachment_id=9770'><img width=\"150\" height=\"150\" src=\"https:\/\/i0.wp.com\/laplumedeloiseaulyre.com\/wp-content\/uploads\/2019\/04\/6_Ranunculus.jpg?resize=150%2C150\" class=\"attachment-thumbnail size-thumbnail\" alt=\"\" loading=\"lazy\" aria-describedby=\"gallery-1-9770\" srcset=\"https:\/\/i0.wp.com\/laplumedeloiseaulyre.com\/wp-content\/uploads\/2019\/04\/6_Ranunculus.jpg?resize=150%2C150 150w, https:\/\/i0.wp.com\/laplumedeloiseaulyre.com\/wp-content\/uploads\/2019\/04\/6_Ranunculus.jpg?zoom=2&amp;resize=150%2C150 300w, https:\/\/i0.wp.com\/laplumedeloiseaulyre.com\/wp-content\/uploads\/2019\/04\/6_Ranunculus.jpg?zoom=3&amp;resize=150%2C150 450w\" sizes=\"(max-width: 150px) 100vw, 150px\" \/><\/a>\n\t\t\t<\/dt>\n\t\t\t\t<dd class='wp-caption-text gallery-caption' id='gallery-1-9770'>\n\t\t\t\tPlanche Ranunculus (feuilles de Ranunculus repens, Renonculaceae), cyanotype, 30x40cm, 2019, prix sur demande (non encadr\u00e9) \u00a9GLSG\n\t\t\t\t<\/dd><\/dl><br style=\"clear: both\" \/><dl class='gallery-item'>\n\t\t\t<dt class='gallery-icon portrait'>\n\t\t\t\t<a href='http:\/\/laplumedeloiseaulyre.com\/?attachment_id=9773'><img width=\"150\" height=\"150\" src=\"https:\/\/i2.wp.com\/laplumedeloiseaulyre.com\/wp-content\/uploads\/2019\/04\/9_Arabidopsis.jpg?resize=150%2C150\" class=\"attachment-thumbnail size-thumbnail\" alt=\"\" loading=\"lazy\" aria-describedby=\"gallery-1-9773\" srcset=\"https:\/\/i2.wp.com\/laplumedeloiseaulyre.com\/wp-content\/uploads\/2019\/04\/9_Arabidopsis.jpg?resize=150%2C150 150w, https:\/\/i2.wp.com\/laplumedeloiseaulyre.com\/wp-content\/uploads\/2019\/04\/9_Arabidopsis.jpg?zoom=2&amp;resize=150%2C150 300w, https:\/\/i2.wp.com\/laplumedeloiseaulyre.com\/wp-content\/uploads\/2019\/04\/9_Arabidopsis.jpg?zoom=3&amp;resize=150%2C150 450w\" sizes=\"(max-width: 150px) 100vw, 150px\" \/><\/a>\n\t\t\t<\/dt>\n\t\t\t\t<dd class='wp-caption-text gallery-caption' id='gallery-1-9773'>\n\t\t\t\tPlanche Arabidopsis (Arabette des dames, Arabidopsis thaliana, Brassicaceae) cyanotype, 29,7&#215;41,5cm, 2019, prix sur demande (non encadr\u00e9) \u00a9GLSG \n\t\t\t\t<\/dd><\/dl><dl class='gallery-item'>\n\t\t\t<dt class='gallery-icon portrait'>\n\t\t\t\t<a href='http:\/\/laplumedeloiseaulyre.com\/?attachment_id=9774'><img width=\"150\" height=\"150\" src=\"https:\/\/i1.wp.com\/laplumedeloiseaulyre.com\/wp-content\/uploads\/2019\/04\/10_Pavo-Cristatus.jpg?resize=150%2C150\" class=\"attachment-thumbnail size-thumbnail\" alt=\"\" loading=\"lazy\" aria-describedby=\"gallery-1-9774\" srcset=\"https:\/\/i1.wp.com\/laplumedeloiseaulyre.com\/wp-content\/uploads\/2019\/04\/10_Pavo-Cristatus.jpg?resize=150%2C150 150w, https:\/\/i1.wp.com\/laplumedeloiseaulyre.com\/wp-content\/uploads\/2019\/04\/10_Pavo-Cristatus.jpg?zoom=2&amp;resize=150%2C150 300w, https:\/\/i1.wp.com\/laplumedeloiseaulyre.com\/wp-content\/uploads\/2019\/04\/10_Pavo-Cristatus.jpg?zoom=3&amp;resize=150%2C150 450w\" sizes=\"(max-width: 150px) 100vw, 150px\" \/><\/a>\n\t\t\t<\/dt>\n\t\t\t\t<dd class='wp-caption-text gallery-caption' id='gallery-1-9774'>\n\t\t\t\tPlanche Pavo Cristatus (Plumes de paon bleu) cyanotype, 30x42cm, 2019, prix sur demande (non encadr\u00e9) \u00a9GLSG\n\t\t\t\t<\/dd><\/dl><dl class='gallery-item'>\n\t\t\t<dt class='gallery-icon portrait'>\n\t\t\t\t<a href='http:\/\/laplumedeloiseaulyre.com\/?attachment_id=9775'><img width=\"150\" height=\"150\" src=\"https:\/\/i1.wp.com\/laplumedeloiseaulyre.com\/wp-content\/uploads\/2019\/04\/11_Solidago.jpg?resize=150%2C150\" class=\"attachment-thumbnail size-thumbnail\" alt=\"\" loading=\"lazy\" aria-describedby=\"gallery-1-9775\" srcset=\"https:\/\/i1.wp.com\/laplumedeloiseaulyre.com\/wp-content\/uploads\/2019\/04\/11_Solidago.jpg?resize=150%2C150 150w, https:\/\/i1.wp.com\/laplumedeloiseaulyre.com\/wp-content\/uploads\/2019\/04\/11_Solidago.jpg?zoom=2&amp;resize=150%2C150 300w, https:\/\/i1.wp.com\/laplumedeloiseaulyre.com\/wp-content\/uploads\/2019\/04\/11_Solidago.jpg?zoom=3&amp;resize=150%2C150 450w\" sizes=\"(max-width: 150px) 100vw, 150px\" \/><\/a>\n\t\t\t<\/dt>\n\t\t\t\t<dd class='wp-caption-text gallery-caption' id='gallery-1-9775'>\n\t\t\t\tPlanche Solidago (Graines et inflorescences de Solidago canadensis, Asteraceae), cyanotype, 30x41cm, 2019, prix sur demande (non encadr\u00e9) \u00a9GLSG\n\t\t\t\t<\/dd><\/dl><br style=\"clear: both\" \/><dl class='gallery-item'>\n\t\t\t<dt class='gallery-icon portrait'>\n\t\t\t\t<a href='http:\/\/laplumedeloiseaulyre.com\/?attachment_id=9776'><img width=\"150\" height=\"150\" src=\"https:\/\/i1.wp.com\/laplumedeloiseaulyre.com\/wp-content\/uploads\/2019\/04\/12_Gramineae.jpg?resize=150%2C150\" class=\"attachment-thumbnail size-thumbnail\" alt=\"\" loading=\"lazy\" aria-describedby=\"gallery-1-9776\" srcset=\"https:\/\/i1.wp.com\/laplumedeloiseaulyre.com\/wp-content\/uploads\/2019\/04\/12_Gramineae.jpg?resize=150%2C150 150w, https:\/\/i1.wp.com\/laplumedeloiseaulyre.com\/wp-content\/uploads\/2019\/04\/12_Gramineae.jpg?zoom=2&amp;resize=150%2C150 300w, https:\/\/i1.wp.com\/laplumedeloiseaulyre.com\/wp-content\/uploads\/2019\/04\/12_Gramineae.jpg?zoom=3&amp;resize=150%2C150 450w\" sizes=\"(max-width: 150px) 100vw, 150px\" \/><\/a>\n\t\t\t<\/dt>\n\t\t\t\t<dd class='wp-caption-text gallery-caption' id='gallery-1-9776'>\n\t\t\t\tPlanche Gramineae (gramin\u00e9es d\u2019Occitanie), cyanotype, 29,7&#215;41,5cm, 2019, collection C. de V. \u00a9GLSG\n\t\t\t\t<\/dd><\/dl><dl class='gallery-item'>\n\t\t\t<dt class='gallery-icon portrait'>\n\t\t\t\t<a href='http:\/\/laplumedeloiseaulyre.com\/?attachment_id=16494'><img width=\"150\" height=\"150\" src=\"https:\/\/i2.wp.com\/laplumedeloiseaulyre.com\/wp-content\/uploads\/2025\/06\/2019_Filicophyta-scaled.jpg?resize=150%2C150\" class=\"attachment-thumbnail size-thumbnail\" alt=\"\" loading=\"lazy\" aria-describedby=\"gallery-1-16494\" srcset=\"https:\/\/i2.wp.com\/laplumedeloiseaulyre.com\/wp-content\/uploads\/2025\/06\/2019_Filicophyta-scaled.jpg?resize=150%2C150 150w, https:\/\/i2.wp.com\/laplumedeloiseaulyre.com\/wp-content\/uploads\/2025\/06\/2019_Filicophyta-scaled.jpg?zoom=2&amp;resize=150%2C150 300w, https:\/\/i2.wp.com\/laplumedeloiseaulyre.com\/wp-content\/uploads\/2025\/06\/2019_Filicophyta-scaled.jpg?zoom=3&amp;resize=150%2C150 450w\" sizes=\"(max-width: 150px) 100vw, 150px\" \/><\/a>\n\t\t\t<\/dt>\n\t\t\t\t<dd class='wp-caption-text gallery-caption' id='gallery-1-16494'>\n\t\t\t\tPlanche Filicophyta 2 (Foug\u00e8res), cyanotype, 47&#215;58 cm, 2019, prix sur demande (non encadr\u00e9)\u00a9GLSG\n\t\t\t\t<\/dd><\/dl><dl class='gallery-item'>\n\t\t\t<dt class='gallery-icon portrait'>\n\t\t\t\t<a href='http:\/\/laplumedeloiseaulyre.com\/?attachment_id=10001'><img width=\"150\" height=\"150\" src=\"https:\/\/i0.wp.com\/laplumedeloiseaulyre.com\/wp-content\/uploads\/2019\/04\/14_Rosae.jpg?resize=150%2C150\" class=\"attachment-thumbnail size-thumbnail\" alt=\"\" loading=\"lazy\" aria-describedby=\"gallery-1-10001\" srcset=\"https:\/\/i0.wp.com\/laplumedeloiseaulyre.com\/wp-content\/uploads\/2019\/04\/14_Rosae.jpg?resize=150%2C150 150w, https:\/\/i0.wp.com\/laplumedeloiseaulyre.com\/wp-content\/uploads\/2019\/04\/14_Rosae.jpg?zoom=2&amp;resize=150%2C150 300w, https:\/\/i0.wp.com\/laplumedeloiseaulyre.com\/wp-content\/uploads\/2019\/04\/14_Rosae.jpg?zoom=3&amp;resize=150%2C150 450w\" sizes=\"(max-width: 150px) 100vw, 150px\" \/><\/a>\n\t\t\t<\/dt>\n\t\t\t\t<dd class='wp-caption-text gallery-caption' id='gallery-1-10001'>\n\t\t\t\tPlanche Rosae (P\u00e9tales de roses), cyanotype, 44x53cm, 2019, prix sur demande (non encadr\u00e9) \u00a9GLSG\n\t\t\t\t<\/dd><\/dl><br style=\"clear: both\" \/>\n\t\t<\/div>\n\n<p class=\"jetpack-slideshow-noscript robots-nocontent\">Ce diaporama n\u00e9cessite JavaScript.<\/p><div id=\"gallery-9760-1-slideshow\" class=\"slideshow-window jetpack-slideshow slideshow-black\" data-trans=\"fade\" data-autostart=\"1\" data-gallery=\"[{&quot;src&quot;:&quot;https:\\\/\\\/i1.wp.com\\\/laplumedeloiseaulyre.com\\\/wp-content\\\/uploads\\\/2019\\\/04\\\/1_Hortus-primus-tempus_1.jpg?fit=3024%2C4032&quot;,&quot;id&quot;:&quot;9765&quot;,&quot;title&quot;:&quot;Planche Hortus primus tempus 1, cyanotype, 2019 \\u00a9GLSG&quot;,&quot;alt&quot;:&quot;&quot;,&quot;caption&quot;:&quot;Planche Hortus primus tempus 1, cyanotype, 30x40cm, 2019, prix sur demande (non encadr\\u00e9) \\u00a9GLSG&quot;,&quot;itemprop&quot;:&quot;image&quot;},{&quot;src&quot;:&quot;https:\\\/\\\/i2.wp.com\\\/laplumedeloiseaulyre.com\\\/wp-content\\\/uploads\\\/2019\\\/04\\\/2_Hortus-primus-tempus_2.jpg?fit=3014%2C3936&quot;,&quot;id&quot;:&quot;9766&quot;,&quot;title&quot;:&quot;Planche Hortus primus tempus 2, cyanotype, 2019 \\u00a9GLSG&quot;,&quot;alt&quot;:&quot;&quot;,&quot;caption&quot;:&quot;Planche Hortus primus tempus 2, cyanotype, 30x40cm, 2019, prix sur demande (non encadr\\u00e9) \\u00a9GLSG&quot;,&quot;itemprop&quot;:&quot;image&quot;},{&quot;src&quot;:&quot;https:\\\/\\\/i1.wp.com\\\/laplumedeloiseaulyre.com\\\/wp-content\\\/uploads\\\/2019\\\/04\\\/3_Copalme.jpg?fit=2905%2C4032&quot;,&quot;id&quot;:&quot;9767&quot;,&quot;title&quot;:&quot;Planche Copalme (feuilles de Copalme, sp\\u00e9cimens de Liquidambar formosana du parc de Versailles) cyanotype, 2019 \\u00a9GLSG&quot;,&quot;alt&quot;:&quot;&quot;,&quot;caption&quot;:&quot;Planche Copalme (feuilles de Copalme, sp\\u00e9cimens de Liquidambar formosana du parc de Versailles) cyanotype, 30x42cm, 2019, prix sur demande (non encadr\\u00e9) \\u00a9GLSG&quot;,&quot;itemprop&quot;:&quot;image&quot;},{&quot;src&quot;:&quot;https:\\\/\\\/i2.wp.com\\\/laplumedeloiseaulyre.com\\\/wp-content\\\/uploads\\\/2019\\\/04\\\/4_Gingko.jpg?fit=2893%2C4032&quot;,&quot;id&quot;:&quot;9768&quot;,&quot;title&quot;:&quot;Planche Ginkgo (feuilles de Ginkgo biloba, Ginkgoaceae, sp\\u00e9cimens du parc de Versailles) cyanotype, 2019 \\u00a9GLSG&quot;,&quot;alt&quot;:&quot;&quot;,&quot;caption&quot;:&quot;Planche Ginkgo (feuilles de Ginkgo biloba, Ginkgoaceae, sp\\u00e9cimens du parc de Versailles) cyanotype, 29,5\\u0026#215;41,5cm, 2019, prix sur demande (non encadr\\u00e9) \\u00a9GLSG&quot;,&quot;itemprop&quot;:&quot;image&quot;},{&quot;src&quot;:&quot;https:\\\/\\\/i1.wp.com\\\/laplumedeloiseaulyre.com\\\/wp-content\\\/uploads\\\/2019\\\/04\\\/5_Peonia.jpg?fit=2920%2C3977&quot;,&quot;id&quot;:&quot;9769&quot;,&quot;title&quot;:&quot;Planche Paeonia (feuilles de Pivoine, Paeonia x suffruticosa, Paeoniaceae) cyanotype, 2019 \\u00a9GLSG&quot;,&quot;alt&quot;:&quot;&quot;,&quot;caption&quot;:&quot;Planche Paeonia (feuilles de Pivoine, Paeonia x suffruticosa, Paeoniaceae) cyanotype, 29,5\\u0026#215;41,5cm, 2019, prix sur demande (non encadr\\u00e9) \\u00a9GLSG&quot;,&quot;itemprop&quot;:&quot;image&quot;},{&quot;src&quot;:&quot;https:\\\/\\\/i0.wp.com\\\/laplumedeloiseaulyre.com\\\/wp-content\\\/uploads\\\/2019\\\/04\\\/6_Ranunculus.jpg?fit=2935%2C3934&quot;,&quot;id&quot;:&quot;9770&quot;,&quot;title&quot;:&quot;Planche Ranunculus (feuilles de Ranunculus repens, Renonculaceae), cyanotype, 2019 \\u00a9GLSG&quot;,&quot;alt&quot;:&quot;&quot;,&quot;caption&quot;:&quot;Planche Ranunculus (feuilles de Ranunculus repens, Renonculaceae), cyanotype, 30x40cm, 2019, prix sur demande (non encadr\\u00e9) \\u00a9GLSG&quot;,&quot;itemprop&quot;:&quot;image&quot;},{&quot;src&quot;:&quot;https:\\\/\\\/i2.wp.com\\\/laplumedeloiseaulyre.com\\\/wp-content\\\/uploads\\\/2019\\\/04\\\/9_Arabidopsis.jpg?fit=2960%2C4002&quot;,&quot;id&quot;:&quot;9773&quot;,&quot;title&quot;:&quot;Planche Arabidopsis (Arabidopsis thaliana, Brassicaceae) cyanotype, 2019 \\u00a9GLSG&quot;,&quot;alt&quot;:&quot;&quot;,&quot;caption&quot;:&quot;Planche Arabidopsis (Arabette des dames, Arabidopsis thaliana, Brassicaceae) cyanotype, 29,7\\u0026#215;41,5cm, 2019, prix sur demande (non encadr\\u00e9) \\u00a9GLSG&quot;,&quot;itemprop&quot;:&quot;image&quot;},{&quot;src&quot;:&quot;https:\\\/\\\/i1.wp.com\\\/laplumedeloiseaulyre.com\\\/wp-content\\\/uploads\\\/2019\\\/04\\\/10_Pavo-Cristatus.jpg?fit=2983%2C4022&quot;,&quot;id&quot;:&quot;9774&quot;,&quot;title&quot;:&quot;Planche Pavo Cristatus (Plumes de paon bleu) cyanotype, 2019 \\u00a9GLSG&quot;,&quot;alt&quot;:&quot;&quot;,&quot;caption&quot;:&quot;Planche Pavo Cristatus (Plumes de paon bleu) cyanotype, 30x42cm, 2019, prix sur demande (non encadr\\u00e9) \\u00a9GLSG&quot;,&quot;itemprop&quot;:&quot;image&quot;},{&quot;src&quot;:&quot;https:\\\/\\\/i1.wp.com\\\/laplumedeloiseaulyre.com\\\/wp-content\\\/uploads\\\/2019\\\/04\\\/11_Solidago.jpg?fit=2753%2C3855&quot;,&quot;id&quot;:&quot;9775&quot;,&quot;title&quot;:&quot;Planche Solidago (Graines et inflorescences de Solidago canadensis, Asteraceae) cyanotype, 2019 \\u00a9GLSG&quot;,&quot;alt&quot;:&quot;&quot;,&quot;caption&quot;:&quot;Planche Solidago (Graines et inflorescences de Solidago canadensis, Asteraceae), cyanotype, 30x41cm, 2019, prix sur demande (non encadr\\u00e9) \\u00a9GLSG&quot;,&quot;itemprop&quot;:&quot;image&quot;},{&quot;src&quot;:&quot;https:\\\/\\\/i1.wp.com\\\/laplumedeloiseaulyre.com\\\/wp-content\\\/uploads\\\/2019\\\/04\\\/12_Gramineae.jpg?fit=2973%2C4032&quot;,&quot;id&quot;:&quot;9776&quot;,&quot;title&quot;:&quot;Planche Gramineae (gramin\\u00e9es d\\u2019Occitanie), cyanotype, 2019 \\u00a9GLSG&quot;,&quot;alt&quot;:&quot;&quot;,&quot;caption&quot;:&quot;Planche Gramineae (gramin\\u00e9es d\\u2019Occitanie), cyanotype, 29,7\\u0026#215;41,5cm, 2019, collection C. de V. \\u00a9GLSG&quot;,&quot;itemprop&quot;:&quot;image&quot;},{&quot;src&quot;:&quot;https:\\\/\\\/i2.wp.com\\\/laplumedeloiseaulyre.com\\\/wp-content\\\/uploads\\\/2025\\\/06\\\/2019_Filicophyta-scaled.jpg?fit=1920%2C2560&quot;,&quot;id&quot;:&quot;16494&quot;,&quot;title&quot;:&quot;Planche Filicophyta 2 (Foug\\u00e8res), cyanotype, 2019 \\u00a9GLSG&quot;,&quot;alt&quot;:&quot;&quot;,&quot;caption&quot;:&quot;Planche Filicophyta 2 (Foug\\u00e8res), cyanotype, 47\\u0026#215;58 cm, 2019, prix sur demande (non encadr\\u00e9)\\u00a9GLSG&quot;,&quot;itemprop&quot;:&quot;image&quot;},{&quot;src&quot;:&quot;https:\\\/\\\/i0.wp.com\\\/laplumedeloiseaulyre.com\\\/wp-content\\\/uploads\\\/2019\\\/04\\\/14_Rosae.jpg?fit=3024%2C4032&quot;,&quot;id&quot;:&quot;10001&quot;,&quot;title&quot;:&quot;Planche Rosae (P\\u00e9tales de roses), cyanotype, 2019 \\u00a9GLSG&quot;,&quot;alt&quot;:&quot;&quot;,&quot;caption&quot;:&quot;Planche Rosae (P\\u00e9tales de roses), cyanotype, 44x53cm, 2019, prix sur demande (non encadr\\u00e9) \\u00a9GLSG&quot;,&quot;itemprop&quot;:&quot;image&quot;}]\" itemscope itemtype=\"https:\/\/schema.org\/ImageGallery\"><\/div>\n\n\n<p><\/p>\n","protected":false},"excerpt":{"rendered":"<p>\u00ab\u00a0La Chambre Bleue\u00a0\u00bb est le nom donn\u00e9 \u00e0 la s\u00e9rie\u00a0Papiers-peints imaginaires qui est compos\u00e9e de cyanotypes botaniques comme autant de planches pouvant \u00eatre multipli\u00e9es \u00e0 l\u2019infini pour parer les murs de r\u00eaves de fleurs et de plantes mais aussi de&hellip;<\/p>\n<p class=\"more-link-p\"><a class=\"more-link\" href=\"http:\/\/laplumedeloiseaulyre.com\/?page_id=9760\">Read more &rarr;<\/a><\/p>\n","protected":false},"author":1,"featured_media":9769,"parent":0,"menu_order":0,"comment_status":"closed","ping_status":"closed","template":"","meta":{"spay_email":""},"jetpack_shortlink":"https:\/\/wp.me\/P4lzfC-2xq","_links":{"self":[{"href":"http:\/\/laplumedeloiseaulyre.com\/index.php?rest_route=\/wp\/v2\/pages\/9760"}],"collection":[{"href":"http:\/\/laplumedeloiseaulyre.com\/index.php?rest_route=\/wp\/v2\/pages"}],"about":[{"href":"http:\/\/laplumedeloiseaulyre.com\/index.php?rest_route=\/wp\/v2\/types\/page"}],"author":[{"embeddable":true,"href":"http:\/\/laplumedeloiseaulyre.com\/index.php?rest_route=\/wp\/v2\/users\/1"}],"replies":[{"embeddable":true,"href":"http:\/\/laplumedeloiseaulyre.com\/index.php?rest_route=%2Fwp%2Fv2%2Fcomments&post=9760"}],"version-history":[{"count":19,"href":"http:\/\/laplumedeloiseaulyre.com\/index.php?rest_route=\/wp\/v2\/pages\/9760\/revisions"}],"predecessor-version":[{"id":16496,"href":"http:\/\/laplumedeloiseaulyre.com\/index.php?rest_route=\/wp\/v2\/pages\/9760\/revisions\/16496"}],"wp:featuredmedia":[{"embeddable":true,"href":"http:\/\/laplumedeloiseaulyre.com\/index.php?rest_route=\/wp\/v2\/media\/9769"}],"wp:attachment":[{"href":"http:\/\/laplumedeloiseaulyre.com\/index.php?rest_route=%2Fwp%2Fv2%2Fmedia&parent=9760"}],"curies":[{"name":"wp","href":"https:\/\/api.w.org\/{rel}","templated":true}]}}