{"id":9466,"date":"2019-02-11T21:05:10","date_gmt":"2019-02-11T21:05:10","guid":{"rendered":"http:\/\/laplumedeloiseaulyre.com\/?page_id=9466"},"modified":"2021-03-11T16:49:58","modified_gmt":"2021-03-11T16:49:58","slug":"presse-et-medias","status":"publish","type":"page","link":"http:\/\/laplumedeloiseaulyre.com\/?page_id=9466","title":{"rendered":"Presse et M\u00e9dias"},"content":{"rendered":"<p><span style=\"color: #808080;\"><strong>Exposition solo &laquo;&nbsp;Herbier d&rsquo;Azur&nbsp;&raquo;<\/strong><\/span><br \/><span style=\"color: #808080;\"> <strong> Abbaye Saint-Andr\u00e9,\u00a0\u00a0Villeneuve-Lez-Avignon<\/strong><\/span><br \/><span style=\"color: #808080;\"> <strong> (du\u00a01er mars au 28 avril 2019)<\/strong><\/span><\/p>\n<ul>\n<li class=\"component-contact-name\"><span style=\"color: #3366ff;\"><a style=\"color: #3366ff;\" href=\"http:\/\/www.abbayesaintandre.fr\/ouverture-de-la-saison-avec-lexposition-herbier-dazur-du-1er-mars-au-28-avril-2019\/\" target=\"_blank\" rel=\"noopener\">Abbaye Saint Andr\u00e9 : &laquo;&nbsp;Ouverture de la saison avec l&rsquo;exposition Herbier d&rsquo;Azur&nbsp;&raquo;<\/a><\/span><\/li>\n<\/ul>\n<ul>\n<li class=\"component-contact-name\"><span style=\"color: #3366ff;\"><a style=\"color: #3366ff;\" href=\"https:\/\/www.tela-botanica.org\/2019\/01\/herbier-dazur-la-biodiversite-fantasmee\/\" target=\"_blank\" rel=\"noopener\">Tela Botanica : &laquo;&nbsp;Herbier d&rsquo;azur la biodiversit\u00e9 fantasm\u00e9e&nbsp;&raquo;<\/a><\/span><\/li>\n<\/ul>\n<ul>\n<li class=\"component-contact-name\"><span style=\"color: #3366ff;\"><a style=\"color: #3366ff;\" href=\"https:\/\/www.artistes-occitanie.fr\/event\/gabrielle-de-lassus-saint-genies-cyanotypes\/\" target=\"_blank\" rel=\"noopener\">Artistes d&rsquo;Occitanie : &laquo;&nbsp;Gabrielle de Lassus Saint-Geni\u00e8s&nbsp;&raquo;<\/a><\/span><\/li>\n<\/ul>\n<ul>\n<li class=\"component-contact-name\"><span style=\"color: #3366ff;\"><a style=\"color: #3366ff;\" href=\"https:\/\/www.jardinez.com\/evenement_Exposition-de-cyanotypes-Herbier-d-Azur_Abbaye-Saint-Andre-Villeneuve-les-Avignon_63850_fr\" target=\"_blank\" rel=\"noopener\">Jardinez.com : &laquo;&nbsp;Exposition de cyanotypes, Herbier d&rsquo;Azur&nbsp;&raquo;<\/a><\/span><\/li>\n<\/ul>\n<ul>\n<li class=\"component-contact-name\" style=\"text-align: justify;\"><span style=\"color: #3366ff;\"><a style=\"color: #3366ff;\" href=\"https:\/\/www.arts-spectacles.com\/Villeneuve-lez-Avignon-Abbaye-Saint-Andre-Herbier-d-Azur-par-Gabrielle-de-Lassus-Saint-Genies-du-1er-mars-au-28-avril_a14081.html\" target=\"_blank\" rel=\"noopener\">Sortir ici et ailleurs : &laquo;&nbsp;Villeneuve lez Avignon, Abbaye Saint-Andr\u00e9, Herbier d&rsquo;Azur par Gabrielle de Lassus Saint-Geni\u00e8s, du 1er mars au 28 avril 2019&nbsp;&raquo;<\/a><\/span><\/li>\n<\/ul>\n<ul>\n<li class=\"component-contact-name\"><span style=\"color: #3366ff;\"><a style=\"color: #3366ff;\" href=\"https:\/\/www.reponsesphoto.fr\/evenement\/herbier-d-azur-26537\" target=\"_blank\" rel=\"noopener\">R\u00e9ponses Photo : &laquo;&nbsp;Herbier d&rsquo;Azur&nbsp;&raquo;<\/a><\/span><\/li>\n<\/ul>\n<ul>\n<li class=\"component-contact-name\"><span style=\"color: #3366ff;\"><a style=\"color: #3366ff;\" href=\"https:\/\/www.provenceguide.com\/fetes-et-manifestations\/avignon\/-herbier-dazur-\/provence-5171071-1.html\" target=\"_blank\" rel=\"noopener\">Vaucluse en Provence: &laquo;&nbsp;Herbier d&rsquo;Azur&nbsp;&raquo;\u00a0<\/a><\/span><\/li>\n<\/ul>\n<ul>\n<li class=\"component-contact-name\"><span style=\"color: #3366ff;\"><a style=\"color: #3366ff;\" href=\"https:\/\/www.parcsetjardins.fr\/actualites\/expositions\/herbier-dazur-1337\" target=\"_blank\" rel=\"noopener\">Comit\u00e9 des Parcs et Jardins de France : &laquo;&nbsp;Herbier d&rsquo;Azur&nbsp;&raquo;<\/a><\/span><\/li>\n<\/ul>\n<ul>\n<li class=\"component-contact-name\" style=\"text-align: justify;\"><span style=\"color: #3366ff;\"><a style=\"color: #3366ff;\" href=\"http:\/\/www.bernieshoot.fr\/2019\/02\/exposition-cyanotypes-herbier-d-azur-a-l-abbaye-saint-andre-une-biodiversite-fantasmee.html\" target=\"_blank\" rel=\"noopener\">Bernishoot Blog Toulousain : &laquo;&nbsp;Exposition de cyanotypes Herbier d&rsquo;Azur \u00e0 l&rsquo;abbaye Saint-Andr\u00e9, une biodiversit\u00e9 fantasm\u00e9e&nbsp;&raquo;\u00a0<\/a><\/span><\/li>\n<\/ul>\n<ul>\n<li class=\"component-contact-name\"><span style=\"color: #3366ff;\">Midi-Libre R\u00e9gion (f\u00e9vrier 2019)<\/span><\/li>\n<\/ul>\n<ul>\n<li class=\"component-contact-name\"><span style=\"color: #3366ff;\"><a style=\"color: #3366ff;\" href=\"https:\/\/www.journalzibeline.fr\/programme\/gabrielle-de-lassus-saint-genies\/\" target=\"_blank\" rel=\"noopener\">Zibeline : &laquo;&nbsp;Herbier d&rsquo;Azur, une exposition de Gabrielle de Lassus Saint-Geni\u00e8s \u00e0 Villeneuve-lez-Avignon&nbsp;&raquo;<\/a><\/span><\/li>\n<\/ul>\n<ul>\n<li class=\"component-contact-name\"><span style=\"color: #3366ff;\"><a style=\"color: #3366ff;\" href=\"https:\/\/www.artistes-occitanie.fr\/event\/gabrielle-de-lassus-saint-genies-cyanotypes\/?utm_source=sendinblue&amp;utm_campaign=Flash_info_expo_25&amp;utm_medium=email\" target=\"_blank\" rel=\"noopener\">Artistes d&rsquo;Occitanie &#8211; Agenda des Expositions &#8211; Gabrielle de Lassus Saint-Geni\u00e8s, Cyanotypes<\/a><\/span><\/li>\n<\/ul>\n<ul>\n<li class=\"component-contact-name\"><span style=\"color: #3366ff;\"><a style=\"color: #3366ff;\" href=\"https:\/\/www.bienvenueenprovence.fr\/evenements\/herbier-dazur-5171071\/\" target=\"_blank\" rel=\"noopener\">B<span style=\"color: #3366ff;\">ienvenue en Provence : Exposition sur l&rsquo;art du cyanotype par Gabrielle de Lassus Saint-Geni\u00e8s<\/span><\/a><\/span><\/li>\n<\/ul>\n<ul>\n<li><span style=\"color: #3366ff;\"><a style=\"color: #3366ff;\" href=\"http:\/\/www.gard.fr\/stockage-des-enregistrements\/tout-savoir-sur-levenement\/tourinfrance\/biodiversitc-fantasmce-au-fil-de-l.html\" target=\"_blank\" rel=\"noopener\">Gard.fr : Biodiversit\u00e9 fantasm\u00e9e au fil de l'&nbsp;&raquo;Herbier d&rsquo;Azur&nbsp;&raquo;\u00a0<\/a><\/span><\/li>\n<\/ul>\n<ul>\n<li><span style=\"color: #3366ff;\"><a style=\"color: #3366ff;\" href=\"http:\/\/laplumedeloiseaulyre.com\/wp-content\/uploads\/2019\/03\/Archi-\u00e0-Vivre-mars-2019.pdf\">Architecture \u00e0 vivre &laquo;&nbsp;Le Blues du Photographe&nbsp;&raquo;, 1er Mars 2019, n\u00b0106, pp.28-29<\/a><\/span><\/li>\n<\/ul>\n<ul>\n<li><span style=\"color: #3366ff;\">Newsletter du Minist\u00e8re de la Culture, Parcs et Jardins, Mars 2019 : &laquo;&nbsp;Exposition Herbier d&rsquo;Azur&nbsp;&raquo;\u00a0<\/span><\/li>\n<\/ul>\n<ul>\n<li><span style=\"color: #3366ff;\"><a style=\"color: #3366ff;\" href=\"http:\/\/laplumedeloiseaulyre.com\/wp-content\/uploads\/2019\/04\/Arts-M\u00e9tiers-du-Livre.pdf\">Arts &amp; M\u00e9tiers du Livre, 1er mars 2019, n\u00b0331, p.78 : &laquo;&nbsp;Herbier d&rsquo;Azur, cyanotypes de Gabrielle de Lassus Saint-Geni\u00e8s&nbsp;&raquo;<\/a><\/span><\/li>\n<\/ul>\n<ul>\n<li><span style=\"color: #3366ff;\">La Provence &#8211; Grand Vaucluse, dimanche 3 mars, p.9<\/span><\/li>\n<\/ul>\n<ul>\n<li><span style=\"color: #3366ff;\"><a style=\"color: #3366ff;\" href=\"https:\/\/www.ledauphine.com\/gard\/2019\/03\/03\/avec-herbier-d-azur-un-miroir-des-songes-et-un-voyage-poetique-dans-la-biodiversite\" target=\"_blank\" rel=\"noopener\">Dimanche Vaucluse\/Le Dauphin\u00e9 Lib\u00e9r\u00e9, dimanche 3 mars, p.9<\/a><\/span><\/li>\n<\/ul>\n<ul>\n<li><span style=\"color: #3366ff;\"><a style=\"color: #3366ff;\" href=\"https:\/\/www.midilibre.fr\/2019\/03\/04\/lherbier-dazur-a-labbaye,8048104.php\" target=\"_blank\" rel=\"noopener\">Midi Libre, lundi 4 mars 2019, p.6<\/a><\/span><\/li>\n<\/ul>\n<ul>\n<li><span style=\"color: #3366ff;\"><a style=\"color: #3366ff;\" href=\"https:\/\/www.chassimages.com\/index.php\/events\/herbier-dazur\/\" target=\"_blank\" rel=\"noopener\">Chasseurs d&rsquo;Images, 4 mars 2019 : &laquo;&nbsp;Herbier d&rsquo;Azur&nbsp;&raquo;\u00a0<\/a><\/span><\/li>\n<\/ul>\n<ul>\n<li><span style=\"color: #3366ff;\"><a style=\"color: #3366ff;\" href=\"http:\/\/www.objectifgard.com\/2019\/03\/04\/villeneuve-lez-avignon-labbaye-saint-andre-ouvre-sa-saison-culturelle-avec-des-cyanotypes-botaniques-et-oniriques\/\" target=\"_blank\" rel=\"noopener\">Objectif Gard, 4 mars 2019 : &laquo;&nbsp;L&rsquo;Abbaye Saint-Andr\u00e9 ouvre sa saison culturelle \u00a0avec des cyanotypes botaniques et oniriques&nbsp;&raquo;<\/a><\/span><\/li>\n<\/ul>\n<ul>\n<li style=\"text-align: justify;\"><a href=\"https:\/\/rcf.fr\/culture\/l-herbier-d-azur-l-abbaye-de-st-andre?unkp=4eb7d166f694e568fe063401544077e7\" target=\"_blank\" rel=\"noopener\"><span style=\"color: #3366ff;\">RCF Radio Vaucluse &#8211; \u00c9mission Cultur&rsquo;Ama par Anne-Marie Aubanel, mercredi 6 mars 2019, 19h30, rediffusion le dimanche 10 mars\u00a02019\u00a0\u00e0 11h30 : &laquo;&nbsp;Exposition Herbier d&rsquo;Azur \u00e0 l&rsquo;Abbaye Saint-Andr\u00e9&nbsp;&raquo; (interview \u00a0de Marie Viennet, propri\u00e9taire de l&rsquo;Abbaye Saint-Andr\u00e9 et de Gabrielle de Lassus Saint-Geni\u00e8s, artiste &#8211; dur\u00e9e 11min)<\/span><\/a><\/li>\n<\/ul>\n<ul>\n<li style=\"text-align: justify;\"><span style=\"color: #3366ff;\"><a style=\"color: #3366ff;\" href=\"http:\/\/laplumedeloiseaulyre.com\/wp-content\/uploads\/2019\/02\/Le-r\u00e9gional-de-salon-arles.pdf\" target=\"_blank\" rel=\"noopener\">Le R\u00e9gional, 6 mars 2019 : &laquo;&nbsp;Herbier d&rsquo;Azur \u00e0 l&rsquo;Abbaye Saint-Andr\u00e9&nbsp;&raquo;\u00a0<\/a><\/span><\/li>\n<\/ul>\n<ul>\n<li style=\"text-align: justify;\"><span style=\"color: #3366ff;\"><a style=\"color: #3366ff;\" href=\"https:\/\/www.tousvoisins.fr\/villeneuve-les-avignon\/agenda\/1653864-herbier-d-azur\" target=\"_blank\" rel=\"noopener\">Tous Voisins, mars 2019, agenda : &laquo;&nbsp;Herbier d&rsquo;Azur \u00e0 Villeneuve-lez-Avignon&nbsp;&raquo;<\/a><\/span><\/li>\n<\/ul>\n<ul>\n<li style=\"text-align: justify;\"><span style=\"color: #3366ff;\"><em>Mon Jardin &amp; Ma Maison<\/em>, n\u00b0711 &#8211; Avril 2019, rubrique &laquo;&nbsp;C&rsquo;est dans l&rsquo;air&nbsp;&raquo;, <em>Herbier d&rsquo;Azur<\/em>, p.16<\/span><\/li>\n<\/ul>\n<ul>\n<li style=\"text-align: justify;\"><a style=\"color: #3366ff;\" href=\"http:\/\/www.cotemagazine.com\/fr\/week-end-by-cote\/item\/10120-inaugurez-la-saison-de-l-abbaye-saint-andre-sous-le-signe-du-romantisme-a-villeneuve-lez-avignon\" target=\"_blank\" rel=\"noopener\">Cote Magazine Marseille, mars 2019 : &laquo;&nbsp;Inaugurez la saison de l&rsquo;Abbaye Saint-Andr\u00e9 sous le signe du romantisme, \u00e0 Villeneuve-lez-Avignon&nbsp;&raquo;<\/a><\/li>\n<\/ul>\n<ul>\n<li style=\"text-align: justify;\"><a href=\"https:\/\/youtu.be\/Vx_Pm4iUUeo\" target=\"_blank\" rel=\"noopener\"><span style=\"color: #3366ff;\">France 3 Occitanie &#8211; JT du 13 mars 2019 &#8211; 19\/20 : &laquo;&nbsp;Herbier d&rsquo;Azur \u00e0 l&rsquo;Abbaye Saint-Andr\u00e9&nbsp;&raquo;, avec interview de Gabrielle de Lassus Saint-Geni\u00e8s\u00a0<\/span><\/a><\/li>\n<\/ul>\n<ul>\n<li style=\"text-align: justify;\"><span style=\"color: #3366ff;\"><a style=\"color: #3366ff;\" href=\"http:\/\/laplumedeloiseaulyre.com\/wp-content\/uploads\/2019\/03\/LA-LETTRE-T-n\u00b0593-mars-Herbier-azur.pdf\">La Lettre T n\u00b0593, 15 mars 2019, p.12 : &laquo;&nbsp;Villeneuve-lez-Avignon : l&rsquo;Herbier d&rsquo;Azur \u00e0 l&rsquo;Abbaye Saint-Andr\u00e9<\/a>&laquo;&nbsp;<\/span><\/li>\n<\/ul>\n<ul>\n<li style=\"text-align: justify;\"><a href=\"https:\/\/patrimoinedefrance.fr\/tendances\/jardins\/44-jardins\/308-un-jardin-historique.html\" target=\"_blank\" rel=\"noopener\"><span style=\"color: #3366ff;\">Patrimoine de France, 19 mars 2019 : &laquo;&nbsp;Un jardin historique&nbsp;&raquo;\u00a0<\/span><\/a><\/li>\n<\/ul>\n<ul>\n<li style=\"text-align: justify;\"><span style=\"color: #3366ff;\"><a style=\"color: #3366ff;\" href=\"http:\/\/evene.lefigaro.fr\/culture\/agenda\/gabrielle-de-lassus-de-saint-genies-herbier-d-azur-5393317.php\" target=\"_blank\" rel=\"noopener\">Le Figaroscope : &laquo;&nbsp;Gabrielle de Lassus Saint-Geni\u00e8s &#8211; Herbier d&rsquo;Azur&nbsp;&raquo;\u00a0<\/a><\/span><\/li>\n<\/ul>\n<ul>\n<li style=\"text-align: justify;\"><span style=\"color: #3366ff;\"><a style=\"color: #3366ff;\" href=\"https:\/\/www.connaissancedesarts.com\/evenement\/gabrielle-de-lassus-de-saint-genies-herbier-dazur\/\" target=\"_blank\" rel=\"noopener\">Connaissance des Arts : &laquo;&nbsp;Gabrielle de Lassus Saint-Geni\u00e8s : Herbier d&rsquo;Azur&nbsp;&raquo;\u00a0<\/a><\/span><\/li>\n<\/ul>\n<ul>\n<li style=\"text-align: justify;\"><span style=\"color: #3366ff;\"><a style=\"color: #3366ff;\" href=\"http:\/\/laplumedeloiseaulyre.com\/wp-content\/uploads\/2019\/02\/Cote-Sud-avril-20190001.pdf\" target=\"_blank\" rel=\"noopener\">C\u00f4t\u00e9 Sud Magazine, avril-mai 2019, n\u00b0177, p.18-23 : &laquo;&nbsp;Empreintes v\u00e9g\u00e9tales&nbsp;&raquo;<\/a><\/span><\/li>\n<\/ul>\n<ul>\n<li style=\"text-align: justify;\"><span style=\"color: #3366ff;\"><a style=\"color: #3366ff;\" href=\"http:\/\/laplumedeloiseaulyre.com\/wp-content\/uploads\/2019\/02\/Elle-Deco-avril-2019-1.pdf\">Elle D\u00e9co Sud<\/a>, 1er avril 2019, n\u00b04141, p.12 : &laquo;&nbsp;Villeneuve-lez-Avignon, Fleurs Bleues&nbsp;&raquo; (Agenda Nouvelles Expos)<\/span><\/li>\n<\/ul>\n<ul>\n<li style=\"text-align: justify;\"><span style=\"color: #3366ff;\"><a style=\"color: #3366ff;\" href=\"http:\/\/www.simple-things.fr\/?utm_source=consoglobe&amp;utm_medium=onsite&amp;utm_campaign=con\" target=\"_blank\" rel=\"noopener\">Simple Things<\/a>, 1er avril 2019, n\u00b032, p.21 : &laquo;&nbsp;Cyanotypie, une exposition botanique sous un voile bleut\u00e9&nbsp;&raquo;\u00a0<\/span><\/li>\n<\/ul>\n<ul>\n<li style=\"text-align: justify;\">\u00a0<span style=\"color: #3366ff;\"><a style=\"color: #3366ff;\" href=\"http:\/\/laplumedeloiseaulyre.com\/wp-content\/uploads\/2019\/04\/Nat-images-avril-2019.pdf\">Nat images, 1er avril 2019, n\u00b055, p.14 : &laquo;&nbsp;Herbier d&rsquo;Azur \u00e0 Villeneuve-lez-Avignon&nbsp;&raquo;<\/a><\/span><\/li>\n<\/ul>\n<ul>\n<li style=\"text-align: justify;\"><span style=\"color: #3366ff;\"><a style=\"color: #3366ff;\" href=\"http:\/\/laplumedeloiseaulyre.com\/?p=9900\" target=\"_blank\" rel=\"noopener\">Vaucluse Matin, 22 avril 2019 : &laquo;&nbsp;Les empreintes multiples de l&rsquo;Herbier d&rsquo;Azur \u00e0 l&rsquo;Abbaye&nbsp;&raquo;\u00a0<\/a><\/span><\/li>\n<\/ul>\n<p><span style=\"color: #808080;\"><strong>Exposition collective &laquo;&nbsp;L&rsquo;Alchimie du Parfum&nbsp;&raquo;<\/strong><\/span><br \/><span style=\"color: #808080;\"> <strong> Galerie d&rsquo;Art et de Parfum La Place, Paris, 2e<\/strong><\/span><br \/><span style=\"color: #808080;\"> <strong> du 4 au 30 juin 2019<\/strong><\/span><\/p>\n<ul>\n<li><span style=\"color: #3366ff;\"><a style=\"color: #3366ff;\" href=\"https:\/\/www.loisiramag.fr\/agenda\/23572\/l-alchimie-du-parfum\" target=\"_blank\" rel=\"noopener\">Loisiramag.fr, juin 2019 : &laquo;&nbsp;L&rsquo;Alchimie du Parfum&nbsp;&raquo;<\/a><\/span><\/li>\n<li><span style=\"color: #3366ff;\"><a style=\"color: #3366ff;\" href=\"https:\/\/www.agenda-des-sorties.com\/detail.php?id=179397\" target=\"_blank\" rel=\"noopener\">L&rsquo;agenda des sortie, juin 2019 : &laquo;&nbsp;L&rsquo;Alchimie du Parfum&nbsp;&raquo;<\/a><\/span><\/li>\n<li><span style=\"color: #3366ff;\"><a style=\"color: #3366ff;\" href=\"https:\/\/quefaire.paris.fr\/81211\/l-alchimie-du-parfum\" target=\"_blank\" rel=\"noopener\">Que faire \u00e0 Paris ?juin 2019 : &laquo;&nbsp;L&rsquo;Alchimie du Parfum&nbsp;&raquo;<\/a><\/span><\/li>\n<li><span style=\"color: #3366ff;\"><a style=\"color: #3366ff;\" href=\"http:\/\/www.parisetudiant.com\/etudiant\/sortie\/l-alchimie-du-parfum.html\" target=\"_blank\" rel=\"noopener\">Le Parisien, juin 2019 : &laquo;&nbsp;L&rsquo;Alchimie du Parfum&nbsp;&raquo;<\/a><\/span><\/li>\n<\/ul>\n\n\n<p><span style=\"color:#5b5c67\" class=\"has-inline-color\"><strong>Divers<\/strong><\/span><\/p>\n\n\n\n<ul><li><a rel=\"noreferrer noopener\" href=\"http:\/\/laplumedeloiseaulyre.com\/wp-content\/uploads\/2021\/03\/Silence_ca_pousse_.pdf\" target=\"_blank\"><span style=\"color:#0b75e0\" class=\"has-inline-color\">Silence \u00e7a pousse &laquo;&nbsp;La reine du cyanotype&nbsp;&raquo;, mars\/avril 2021, n\u00b01, pp.52-55<\/span><\/a><\/li><\/ul>\n\n\n\n<p><\/p>\n","protected":false},"excerpt":{"rendered":"<p>Exposition solo &laquo;&nbsp;Herbier d&rsquo;Azur&nbsp;&raquo; Abbaye Saint-Andr\u00e9,\u00a0\u00a0Villeneuve-Lez-Avignon (du\u00a01er mars au 28 avril 2019) Abbaye Saint Andr\u00e9 : &laquo;&nbsp;Ouverture de la saison avec l&rsquo;exposition Herbier d&rsquo;Azur&nbsp;&raquo; Tela Botanica : &laquo;&nbsp;Herbier d&rsquo;azur la biodiversit\u00e9 fantasm\u00e9e&nbsp;&raquo; Artistes d&rsquo;Occitanie : &laquo;&nbsp;Gabrielle de Lassus Saint-Geni\u00e8s&nbsp;&raquo; Jardinez.com&hellip;<\/p>\n<p class=\"more-link-p\"><a class=\"more-link\" href=\"http:\/\/laplumedeloiseaulyre.com\/?page_id=9466\">Read more &rarr;<\/a><\/p>\n","protected":false},"author":1,"featured_media":0,"parent":0,"menu_order":0,"comment_status":"closed","ping_status":"closed","template":"","meta":{"spay_email":""},"jetpack_shortlink":"https:\/\/wp.me\/P4lzfC-2sG","_links":{"self":[{"href":"http:\/\/laplumedeloiseaulyre.com\/index.php?rest_route=\/wp\/v2\/pages\/9466"}],"collection":[{"href":"http:\/\/laplumedeloiseaulyre.com\/index.php?rest_route=\/wp\/v2\/pages"}],"about":[{"href":"http:\/\/laplumedeloiseaulyre.com\/index.php?rest_route=\/wp\/v2\/types\/page"}],"author":[{"embeddable":true,"href":"http:\/\/laplumedeloiseaulyre.com\/index.php?rest_route=\/wp\/v2\/users\/1"}],"replies":[{"embeddable":true,"href":"http:\/\/laplumedeloiseaulyre.com\/index.php?rest_route=%2Fwp%2Fv2%2Fcomments&post=9466"}],"version-history":[{"count":54,"href":"http:\/\/laplumedeloiseaulyre.com\/index.php?rest_route=\/wp\/v2\/pages\/9466\/revisions"}],"predecessor-version":[{"id":11838,"href":"http:\/\/laplumedeloiseaulyre.com\/index.php?rest_route=\/wp\/v2\/pages\/9466\/revisions\/11838"}],"wp:attachment":[{"href":"http:\/\/laplumedeloiseaulyre.com\/index.php?rest_route=%2Fwp%2Fv2%2Fmedia&parent=9466"}],"curies":[{"name":"wp","href":"https:\/\/api.w.org\/{rel}","templated":true}]}}