{"id":9422,"date":"2019-01-24T02:01:54","date_gmt":"2019-01-24T02:01:54","guid":{"rendered":"http:\/\/laplumedeloiseaulyre.com\/?page_id=9422"},"modified":"2021-06-26T23:27:52","modified_gmt":"2021-06-26T23:27:52","slug":"brize-briza-humilis","status":"publish","type":"page","link":"http:\/\/laplumedeloiseaulyre.com\/?page_id=9422","title":{"rendered":"BRIZE  Briza media"},"content":{"rendered":"<p>Brize, brize, amourette des champs de C\u00e9r\u00e8s,<br \/>\nEmporte avec tes voeux mon c\u0153ur d\u2019h\u00e9sitation<br \/>\nQui balance entre le feu des longues ivresses<br \/>\nEt le foyer inflorescent de la raison.<\/p>\n","protected":false},"excerpt":{"rendered":"<p>Brize, brize, amourette des champs de C\u00e9r\u00e8s, Emporte avec tes voeux mon c\u0153ur d\u2019h\u00e9sitation Qui balance entre le feu des longues ivresses Et le foyer inflorescent de la raison.<\/p>\n<p class=\"more-link-p\"><a class=\"more-link\" href=\"http:\/\/laplumedeloiseaulyre.com\/?page_id=9422\">Read more &rarr;<\/a><\/p>\n","protected":false},"author":1,"featured_media":0,"parent":0,"menu_order":0,"comment_status":"closed","ping_status":"closed","template":"","meta":{"spay_email":""},"jetpack_shortlink":"https:\/\/wp.me\/P4lzfC-2rY","_links":{"self":[{"href":"http:\/\/laplumedeloiseaulyre.com\/index.php?rest_route=\/wp\/v2\/pages\/9422"}],"collection":[{"href":"http:\/\/laplumedeloiseaulyre.com\/index.php?rest_route=\/wp\/v2\/pages"}],"about":[{"href":"http:\/\/laplumedeloiseaulyre.com\/index.php?rest_route=\/wp\/v2\/types\/page"}],"author":[{"embeddable":true,"href":"http:\/\/laplumedeloiseaulyre.com\/index.php?rest_route=\/wp\/v2\/users\/1"}],"replies":[{"embeddable":true,"href":"http:\/\/laplumedeloiseaulyre.com\/index.php?rest_route=%2Fwp%2Fv2%2Fcomments&post=9422"}],"version-history":[{"count":2,"href":"http:\/\/laplumedeloiseaulyre.com\/index.php?rest_route=\/wp\/v2\/pages\/9422\/revisions"}],"predecessor-version":[{"id":12339,"href":"http:\/\/laplumedeloiseaulyre.com\/index.php?rest_route=\/wp\/v2\/pages\/9422\/revisions\/12339"}],"wp:attachment":[{"href":"http:\/\/laplumedeloiseaulyre.com\/index.php?rest_route=%2Fwp%2Fv2%2Fmedia&parent=9422"}],"curies":[{"name":"wp","href":"https:\/\/api.w.org\/{rel}","templated":true}]}}