{"id":9419,"date":"2019-01-24T01:55:27","date_gmt":"2019-01-24T01:55:27","guid":{"rendered":"http:\/\/laplumedeloiseaulyre.com\/?page_id=9419"},"modified":"2019-01-24T01:55:27","modified_gmt":"2019-01-24T01:55:27","slug":"filaire-a-feuille-etroite-phillyrea-angustifolia","status":"publish","type":"page","link":"http:\/\/laplumedeloiseaulyre.com\/?page_id=9419","title":{"rendered":"FILAIRE \u00c0 FEUILLE \u00c9TROITE  Phillyrea angustifolia"},"content":{"rendered":"<p>Alors que la lampe s\u2019affaiblit sous son verre,<br \/>\nTiens fermement mes doigts vacillants qui t\u2019\u00e9treignent !<br \/>\nQue ta main ne se d\u00e9partage de la mienne<br \/>\nEt avan\u00e7ons dans la nuit parmi les Filaires.<\/p>\n","protected":false},"excerpt":{"rendered":"<p>Alors que la lampe s\u2019affaiblit sous son verre, Tiens fermement mes doigts vacillants qui t\u2019\u00e9treignent ! Que ta main ne se d\u00e9partage de la mienne Et avan\u00e7ons dans la nuit parmi les Filaires.<\/p>\n<p class=\"more-link-p\"><a class=\"more-link\" href=\"http:\/\/laplumedeloiseaulyre.com\/?page_id=9419\">Read more &rarr;<\/a><\/p>\n","protected":false},"author":1,"featured_media":0,"parent":0,"menu_order":0,"comment_status":"closed","ping_status":"closed","template":"","meta":{"spay_email":""},"jetpack_shortlink":"https:\/\/wp.me\/P4lzfC-2rV","_links":{"self":[{"href":"http:\/\/laplumedeloiseaulyre.com\/index.php?rest_route=\/wp\/v2\/pages\/9419"}],"collection":[{"href":"http:\/\/laplumedeloiseaulyre.com\/index.php?rest_route=\/wp\/v2\/pages"}],"about":[{"href":"http:\/\/laplumedeloiseaulyre.com\/index.php?rest_route=\/wp\/v2\/types\/page"}],"author":[{"embeddable":true,"href":"http:\/\/laplumedeloiseaulyre.com\/index.php?rest_route=\/wp\/v2\/users\/1"}],"replies":[{"embeddable":true,"href":"http:\/\/laplumedeloiseaulyre.com\/index.php?rest_route=%2Fwp%2Fv2%2Fcomments&post=9419"}],"version-history":[{"count":1,"href":"http:\/\/laplumedeloiseaulyre.com\/index.php?rest_route=\/wp\/v2\/pages\/9419\/revisions"}],"predecessor-version":[{"id":9420,"href":"http:\/\/laplumedeloiseaulyre.com\/index.php?rest_route=\/wp\/v2\/pages\/9419\/revisions\/9420"}],"wp:attachment":[{"href":"http:\/\/laplumedeloiseaulyre.com\/index.php?rest_route=%2Fwp%2Fv2%2Fmedia&parent=9419"}],"curies":[{"name":"wp","href":"https:\/\/api.w.org\/{rel}","templated":true}]}}