{"id":9411,"date":"2019-01-24T01:38:42","date_gmt":"2019-01-24T01:38:42","guid":{"rendered":"http:\/\/laplumedeloiseaulyre.com\/?page_id=9411"},"modified":"2019-01-24T01:39:01","modified_gmt":"2019-01-24T01:39:01","slug":"cephalanthere-a-longues-feuilles-cephalanthera-longifolia","status":"publish","type":"page","link":"http:\/\/laplumedeloiseaulyre.com\/?page_id=9411","title":{"rendered":"C\u00c9PHALANTH\u00c8RE ROUGE Cephalanthera rubra"},"content":{"rendered":"<p>Aupr\u00e8s de ton bonheur je v\u00e9cus en silence,<br \/>\nRouge en ronce, mon ironique nostalgie,<br \/>\nC\u00e9phalanth\u00e8re, ma ma\u00eetresse de souffrance,<br \/>\nMon bel amour paralys\u00e9, ma n\u00e9vralgie.<\/p>\n","protected":false},"excerpt":{"rendered":"<p>Aupr\u00e8s de ton bonheur je v\u00e9cus en silence, Rouge en ronce, mon ironique nostalgie, C\u00e9phalanth\u00e8re, ma ma\u00eetresse de souffrance, Mon bel amour paralys\u00e9, ma n\u00e9vralgie.<\/p>\n<p class=\"more-link-p\"><a class=\"more-link\" href=\"http:\/\/laplumedeloiseaulyre.com\/?page_id=9411\">Read more &rarr;<\/a><\/p>\n","protected":false},"author":1,"featured_media":0,"parent":0,"menu_order":0,"comment_status":"closed","ping_status":"closed","template":"","meta":{"spay_email":""},"jetpack_shortlink":"https:\/\/wp.me\/P4lzfC-2rN","_links":{"self":[{"href":"http:\/\/laplumedeloiseaulyre.com\/index.php?rest_route=\/wp\/v2\/pages\/9411"}],"collection":[{"href":"http:\/\/laplumedeloiseaulyre.com\/index.php?rest_route=\/wp\/v2\/pages"}],"about":[{"href":"http:\/\/laplumedeloiseaulyre.com\/index.php?rest_route=\/wp\/v2\/types\/page"}],"author":[{"embeddable":true,"href":"http:\/\/laplumedeloiseaulyre.com\/index.php?rest_route=\/wp\/v2\/users\/1"}],"replies":[{"embeddable":true,"href":"http:\/\/laplumedeloiseaulyre.com\/index.php?rest_route=%2Fwp%2Fv2%2Fcomments&post=9411"}],"version-history":[{"count":2,"href":"http:\/\/laplumedeloiseaulyre.com\/index.php?rest_route=\/wp\/v2\/pages\/9411\/revisions"}],"predecessor-version":[{"id":9413,"href":"http:\/\/laplumedeloiseaulyre.com\/index.php?rest_route=\/wp\/v2\/pages\/9411\/revisions\/9413"}],"wp:attachment":[{"href":"http:\/\/laplumedeloiseaulyre.com\/index.php?rest_route=%2Fwp%2Fv2%2Fmedia&parent=9411"}],"curies":[{"name":"wp","href":"https:\/\/api.w.org\/{rel}","templated":true}]}}