{"id":9408,"date":"2019-01-24T01:26:57","date_gmt":"2019-01-24T01:26:57","guid":{"rendered":"http:\/\/laplumedeloiseaulyre.com\/?page_id=9408"},"modified":"2021-06-27T11:16:41","modified_gmt":"2021-06-27T11:16:41","slug":"carthame-carthamus-tinctorius","status":"publish","type":"page","link":"http:\/\/laplumedeloiseaulyre.com\/?page_id=9408","title":{"rendered":"CARTHAME  Carthamus tinctorius"},"content":{"rendered":"<p>Je ne peux pas ne pas t\u2019aimer Carthame,<br \/>\nHuile sainte sur mes yeux d\u00e9cill\u00e9s,<br \/>\nBaume de bapt\u00eame qui lave l\u2019\u00e2me<br \/>\nEt la soulage dans ses mains sacr\u00e9es.<\/p>\n","protected":false},"excerpt":{"rendered":"<p>Je ne peux pas ne pas t\u2019aimer Carthame, Huile sainte sur mes yeux d\u00e9cill\u00e9s, Baume de bapt\u00eame qui lave l\u2019\u00e2me Et la soulage dans ses mains sacr\u00e9es.<\/p>\n<p class=\"more-link-p\"><a class=\"more-link\" href=\"http:\/\/laplumedeloiseaulyre.com\/?page_id=9408\">Read more &rarr;<\/a><\/p>\n","protected":false},"author":1,"featured_media":0,"parent":0,"menu_order":0,"comment_status":"closed","ping_status":"closed","template":"","meta":{"spay_email":""},"jetpack_shortlink":"https:\/\/wp.me\/P4lzfC-2rK","_links":{"self":[{"href":"http:\/\/laplumedeloiseaulyre.com\/index.php?rest_route=\/wp\/v2\/pages\/9408"}],"collection":[{"href":"http:\/\/laplumedeloiseaulyre.com\/index.php?rest_route=\/wp\/v2\/pages"}],"about":[{"href":"http:\/\/laplumedeloiseaulyre.com\/index.php?rest_route=\/wp\/v2\/types\/page"}],"author":[{"embeddable":true,"href":"http:\/\/laplumedeloiseaulyre.com\/index.php?rest_route=\/wp\/v2\/users\/1"}],"replies":[{"embeddable":true,"href":"http:\/\/laplumedeloiseaulyre.com\/index.php?rest_route=%2Fwp%2Fv2%2Fcomments&post=9408"}],"version-history":[{"count":2,"href":"http:\/\/laplumedeloiseaulyre.com\/index.php?rest_route=\/wp\/v2\/pages\/9408\/revisions"}],"predecessor-version":[{"id":12351,"href":"http:\/\/laplumedeloiseaulyre.com\/index.php?rest_route=\/wp\/v2\/pages\/9408\/revisions\/12351"}],"wp:attachment":[{"href":"http:\/\/laplumedeloiseaulyre.com\/index.php?rest_route=%2Fwp%2Fv2%2Fmedia&parent=9408"}],"curies":[{"name":"wp","href":"https:\/\/api.w.org\/{rel}","templated":true}]}}