{"id":9405,"date":"2019-01-24T01:21:11","date_gmt":"2019-01-24T01:21:11","guid":{"rendered":"http:\/\/laplumedeloiseaulyre.com\/?page_id=9405"},"modified":"2019-01-24T01:21:11","modified_gmt":"2019-01-24T01:21:11","slug":"buplevre-a-longues-feuilles-bupleurum-longifolium","status":"publish","type":"page","link":"http:\/\/laplumedeloiseaulyre.com\/?page_id=9405","title":{"rendered":"BUPL\u00c8VRE \u00c0 LONGUES FEUILLES  Bupleurum longifolium"},"content":{"rendered":"<p>Je songe \u00e0 tes douceurs, \u00f4 Bupl\u00e8vre, \u00f4 paroles,<br \/>\nFraction d\u2019amour qui m\u2019ouvre au blason de ton c\u0153ur<br \/>\n\u00c9p\u00e9e qui br\u00fble mes d\u00e9sirs par son ardeur,<br \/>\nBrasier, poignard d\u00e9sirable auquel je m\u2019immole.<\/p>\n","protected":false},"excerpt":{"rendered":"<p>Je songe \u00e0 tes douceurs, \u00f4 Bupl\u00e8vre, \u00f4 paroles, Fraction d\u2019amour qui m\u2019ouvre au blason de ton c\u0153ur \u00c9p\u00e9e qui br\u00fble mes d\u00e9sirs par son ardeur, Brasier, poignard d\u00e9sirable auquel je m\u2019immole.<\/p>\n<p class=\"more-link-p\"><a class=\"more-link\" href=\"http:\/\/laplumedeloiseaulyre.com\/?page_id=9405\">Read more &rarr;<\/a><\/p>\n","protected":false},"author":1,"featured_media":0,"parent":0,"menu_order":0,"comment_status":"closed","ping_status":"closed","template":"","meta":{"spay_email":""},"jetpack_shortlink":"https:\/\/wp.me\/P4lzfC-2rH","_links":{"self":[{"href":"http:\/\/laplumedeloiseaulyre.com\/index.php?rest_route=\/wp\/v2\/pages\/9405"}],"collection":[{"href":"http:\/\/laplumedeloiseaulyre.com\/index.php?rest_route=\/wp\/v2\/pages"}],"about":[{"href":"http:\/\/laplumedeloiseaulyre.com\/index.php?rest_route=\/wp\/v2\/types\/page"}],"author":[{"embeddable":true,"href":"http:\/\/laplumedeloiseaulyre.com\/index.php?rest_route=\/wp\/v2\/users\/1"}],"replies":[{"embeddable":true,"href":"http:\/\/laplumedeloiseaulyre.com\/index.php?rest_route=%2Fwp%2Fv2%2Fcomments&post=9405"}],"version-history":[{"count":1,"href":"http:\/\/laplumedeloiseaulyre.com\/index.php?rest_route=\/wp\/v2\/pages\/9405\/revisions"}],"predecessor-version":[{"id":9406,"href":"http:\/\/laplumedeloiseaulyre.com\/index.php?rest_route=\/wp\/v2\/pages\/9405\/revisions\/9406"}],"wp:attachment":[{"href":"http:\/\/laplumedeloiseaulyre.com\/index.php?rest_route=%2Fwp%2Fv2%2Fmedia&parent=9405"}],"curies":[{"name":"wp","href":"https:\/\/api.w.org\/{rel}","templated":true}]}}