{"id":9402,"date":"2019-01-24T01:17:07","date_gmt":"2019-01-24T01:17:07","guid":{"rendered":"http:\/\/laplumedeloiseaulyre.com\/?page_id=9402"},"modified":"2019-01-24T01:17:07","modified_gmt":"2019-01-24T01:17:07","slug":"brome-sterile-bromus-sterilis","status":"publish","type":"page","link":"http:\/\/laplumedeloiseaulyre.com\/?page_id=9402","title":{"rendered":"BROME ST\u00c9RILE  Bromus sterilis"},"content":{"rendered":"<p>Dans les bois o\u00f9 s\u2019\u00e9coule ma m\u00e9moire noire<br \/>\nUn cerf court au galop comme mes souvenirs,<br \/>\nFl\u00e8che lumineuse qui trace jusqu\u2019au soir<br \/>\nUn chemin de Bromes qui s\u2019\u00e9ploient en d\u00e9sirs.<\/p>\n","protected":false},"excerpt":{"rendered":"<p>Dans les bois o\u00f9 s\u2019\u00e9coule ma m\u00e9moire noire Un cerf court au galop comme mes souvenirs, Fl\u00e8che lumineuse qui trace jusqu\u2019au soir Un chemin de Bromes qui s\u2019\u00e9ploient en d\u00e9sirs.<\/p>\n<p class=\"more-link-p\"><a class=\"more-link\" href=\"http:\/\/laplumedeloiseaulyre.com\/?page_id=9402\">Read more &rarr;<\/a><\/p>\n","protected":false},"author":1,"featured_media":0,"parent":0,"menu_order":0,"comment_status":"closed","ping_status":"closed","template":"","meta":{"spay_email":""},"jetpack_shortlink":"https:\/\/wp.me\/P4lzfC-2rE","_links":{"self":[{"href":"http:\/\/laplumedeloiseaulyre.com\/index.php?rest_route=\/wp\/v2\/pages\/9402"}],"collection":[{"href":"http:\/\/laplumedeloiseaulyre.com\/index.php?rest_route=\/wp\/v2\/pages"}],"about":[{"href":"http:\/\/laplumedeloiseaulyre.com\/index.php?rest_route=\/wp\/v2\/types\/page"}],"author":[{"embeddable":true,"href":"http:\/\/laplumedeloiseaulyre.com\/index.php?rest_route=\/wp\/v2\/users\/1"}],"replies":[{"embeddable":true,"href":"http:\/\/laplumedeloiseaulyre.com\/index.php?rest_route=%2Fwp%2Fv2%2Fcomments&post=9402"}],"version-history":[{"count":1,"href":"http:\/\/laplumedeloiseaulyre.com\/index.php?rest_route=\/wp\/v2\/pages\/9402\/revisions"}],"predecessor-version":[{"id":9403,"href":"http:\/\/laplumedeloiseaulyre.com\/index.php?rest_route=\/wp\/v2\/pages\/9402\/revisions\/9403"}],"wp:attachment":[{"href":"http:\/\/laplumedeloiseaulyre.com\/index.php?rest_route=%2Fwp%2Fv2%2Fmedia&parent=9402"}],"curies":[{"name":"wp","href":"https:\/\/api.w.org\/{rel}","templated":true}]}}