{"id":9399,"date":"2019-01-24T01:11:56","date_gmt":"2019-01-24T01:11:56","guid":{"rendered":"http:\/\/laplumedeloiseaulyre.com\/?page_id=9399"},"modified":"2022-01-21T00:50:43","modified_gmt":"2022-01-21T00:50:43","slug":"adenium-adenium-obesum","status":"publish","type":"page","link":"http:\/\/laplumedeloiseaulyre.com\/?page_id=9399","title":{"rendered":"ADENIUM Adenium obesum"},"content":{"rendered":"<p>Rose du d\u00e9sert au caudex renfl\u00e9,<br \/>\nL&rsquo;Adenium p\u00e2tit de contradictions :<br \/>\nPour lutter contre l&rsquo;aride saison<br \/>\nElle doit forcer son ob\u00e9sit\u00e9.<\/p>\n","protected":false},"excerpt":{"rendered":"<p>Rose du d\u00e9sert au caudex renfl\u00e9, L&rsquo;Adenium p\u00e2tit de contradictions : Pour lutter contre l&rsquo;aride saison Elle doit forcer son ob\u00e9sit\u00e9.<\/p>\n<p class=\"more-link-p\"><a class=\"more-link\" href=\"http:\/\/laplumedeloiseaulyre.com\/?page_id=9399\">Read more &rarr;<\/a><\/p>\n","protected":false},"author":1,"featured_media":0,"parent":0,"menu_order":0,"comment_status":"closed","ping_status":"closed","template":"","meta":{"spay_email":""},"jetpack_shortlink":"https:\/\/wp.me\/P4lzfC-2rB","_links":{"self":[{"href":"http:\/\/laplumedeloiseaulyre.com\/index.php?rest_route=\/wp\/v2\/pages\/9399"}],"collection":[{"href":"http:\/\/laplumedeloiseaulyre.com\/index.php?rest_route=\/wp\/v2\/pages"}],"about":[{"href":"http:\/\/laplumedeloiseaulyre.com\/index.php?rest_route=\/wp\/v2\/types\/page"}],"author":[{"embeddable":true,"href":"http:\/\/laplumedeloiseaulyre.com\/index.php?rest_route=\/wp\/v2\/users\/1"}],"replies":[{"embeddable":true,"href":"http:\/\/laplumedeloiseaulyre.com\/index.php?rest_route=%2Fwp%2Fv2%2Fcomments&post=9399"}],"version-history":[{"count":2,"href":"http:\/\/laplumedeloiseaulyre.com\/index.php?rest_route=\/wp\/v2\/pages\/9399\/revisions"}],"predecessor-version":[{"id":13428,"href":"http:\/\/laplumedeloiseaulyre.com\/index.php?rest_route=\/wp\/v2\/pages\/9399\/revisions\/13428"}],"wp:attachment":[{"href":"http:\/\/laplumedeloiseaulyre.com\/index.php?rest_route=%2Fwp%2Fv2%2Fmedia&parent=9399"}],"curies":[{"name":"wp","href":"https:\/\/api.w.org\/{rel}","templated":true}]}}