{"id":8479,"date":"2018-07-28T15:27:05","date_gmt":"2018-07-28T15:27:05","guid":{"rendered":"http:\/\/laplumedeloiseaulyre.com\/?page_id=8479"},"modified":"2018-07-28T16:46:30","modified_gmt":"2018-07-28T16:46:30","slug":"lavant-propos-de-lauteur","status":"publish","type":"page","link":"http:\/\/laplumedeloiseaulyre.com\/?page_id=8479","title":{"rendered":"L&rsquo;avant-propos de l&rsquo;auteur"},"content":{"rendered":"<p style=\"text-align: justify;\"><em>\u00a0 \u00a0 &laquo;&nbsp;\u00c9crit entre juin\u00a02017 et janvier\u00a02018, <\/em>L\u2019Anglaise d\u2019Azur <em>est un livre myst\u00e9rieux qui a surgi dans mon existence comme une vague bleut\u00e9e riche d\u2019inspiration. De la vie d\u2019Anna Atkins peu d\u2019archives subsistent sinon quelques lettres, quelques t\u00e9moignages, ses dessins, ses planches d\u2019herbier et ses milliers de cyanotypes dont la beaut\u00e9 fascine tous ceux qui les contemplent. Quand Anna Atkins r\u00e9dige en 1853 les <\/em>M\u00e9moires <em>de son p\u00e8re, le savant John George Children, elle conclut son ouvrage avec une pudeur de femme toute victorienne en affirmant qu\u2019elle s\u2019est volontairement effac\u00e9e de cet ouvrage, sauf exception, afin que ses sentiments filiaux ne trahissent pas l\u2019hommage rendu \u00e0 son p\u00e8re bien-aim\u00e9. Plus de 150\u00a0ans apr\u00e8s, j\u2019ai d\u00e9cid\u00e9 d\u2019\u00e9crire sur sa vie en ramassant la plume qu\u2019elle avait fait tomber quand il s\u2019agissait d\u2019elle et de la tremper dans l\u2019encrier de la fiction biographique, en rendant \u00e0 mon tour hommage, modestement mais passionn\u00e9ment, \u00e0 cette fille de scientifique, \u00e0 cette femme artiste et pionni\u00e8re de la photographie. Si la Science a \u00e9t\u00e9 un fil directeur non n\u00e9gligeable dans<\/em> L\u2019Anglaise d\u2019Azur<em>, c\u2019est bien l\u2019Art qui gouverne ce r\u00e9cit, en aidant \u00e0 imaginer des faits r\u00e9els de fa\u00e7on vraisemblable. J\u2019ai pour cela moi-m\u00eame r\u00e9alis\u00e9 plusieurs centaines de cyanotypes botaniques durant l\u2019\u00e9t\u00e9\u00a02017 afin de comprendre la d\u00e9marche artistique et intellectuelle d\u2019Anna Atkins. Puisse cet ouvrage contribuer \u00e0 d\u00e9fendre la m\u00e9moire de cette femme courageuse en rappelant ce que le monde de la photographie lui doit. <\/em>Ars gratia Artis.<em>&laquo;&nbsp;<\/em><\/p>\n<p style=\"text-align: justify;\"><strong>Gabrielle de Lassus Saint-Geni\u00e8s<\/strong><\/p>\n<p style=\"text-align: justify;\"><img loading=\"lazy\" class=\"aligncenter size-full wp-image-8521\" src=\"https:\/\/i1.wp.com\/laplumedeloiseaulyre.com\/wp-content\/uploads\/2018\/07\/22-1-e1532796252284.jpg?resize=860%2C1147\" alt=\"\" width=\"860\" height=\"1147\" srcset=\"https:\/\/i1.wp.com\/laplumedeloiseaulyre.com\/wp-content\/uploads\/2018\/07\/22-1-e1532796252284.jpg?w=3024 3024w, https:\/\/i1.wp.com\/laplumedeloiseaulyre.com\/wp-content\/uploads\/2018\/07\/22-1-e1532796252284.jpg?resize=225%2C300 225w, https:\/\/i1.wp.com\/laplumedeloiseaulyre.com\/wp-content\/uploads\/2018\/07\/22-1-e1532796252284.jpg?resize=768%2C1024 768w, https:\/\/i1.wp.com\/laplumedeloiseaulyre.com\/wp-content\/uploads\/2018\/07\/22-1-e1532796252284.jpg?resize=560%2C747 560w, https:\/\/i1.wp.com\/laplumedeloiseaulyre.com\/wp-content\/uploads\/2018\/07\/22-1-e1532796252284.jpg?resize=160%2C213 160w, https:\/\/i1.wp.com\/laplumedeloiseaulyre.com\/wp-content\/uploads\/2018\/07\/22-1-e1532796252284.jpg?w=1720 1720w, https:\/\/i1.wp.com\/laplumedeloiseaulyre.com\/wp-content\/uploads\/2018\/07\/22-1-e1532796252284.jpg?w=2580 2580w\" sizes=\"(max-width: 860px) 100vw, 860px\" data-recalc-dims=\"1\" \/><\/p>\n","protected":false},"excerpt":{"rendered":"<p>\u00a0 \u00a0 &laquo;&nbsp;\u00c9crit entre juin\u00a02017 et janvier\u00a02018, L\u2019Anglaise d\u2019Azur est un livre myst\u00e9rieux qui a surgi dans mon existence comme une vague bleut\u00e9e riche d\u2019inspiration. De la vie d\u2019Anna Atkins peu d\u2019archives subsistent sinon quelques lettres, quelques t\u00e9moignages, ses dessins,&hellip;<\/p>\n<p class=\"more-link-p\"><a class=\"more-link\" href=\"http:\/\/laplumedeloiseaulyre.com\/?page_id=8479\">Read more &rarr;<\/a><\/p>\n","protected":false},"author":1,"featured_media":0,"parent":0,"menu_order":0,"comment_status":"closed","ping_status":"closed","template":"","meta":{"spay_email":""},"jetpack_shortlink":"https:\/\/wp.me\/P4lzfC-2cL","_links":{"self":[{"href":"http:\/\/laplumedeloiseaulyre.com\/index.php?rest_route=\/wp\/v2\/pages\/8479"}],"collection":[{"href":"http:\/\/laplumedeloiseaulyre.com\/index.php?rest_route=\/wp\/v2\/pages"}],"about":[{"href":"http:\/\/laplumedeloiseaulyre.com\/index.php?rest_route=\/wp\/v2\/types\/page"}],"author":[{"embeddable":true,"href":"http:\/\/laplumedeloiseaulyre.com\/index.php?rest_route=\/wp\/v2\/users\/1"}],"replies":[{"embeddable":true,"href":"http:\/\/laplumedeloiseaulyre.com\/index.php?rest_route=%2Fwp%2Fv2%2Fcomments&post=8479"}],"version-history":[{"count":4,"href":"http:\/\/laplumedeloiseaulyre.com\/index.php?rest_route=\/wp\/v2\/pages\/8479\/revisions"}],"predecessor-version":[{"id":8523,"href":"http:\/\/laplumedeloiseaulyre.com\/index.php?rest_route=\/wp\/v2\/pages\/8479\/revisions\/8523"}],"wp:attachment":[{"href":"http:\/\/laplumedeloiseaulyre.com\/index.php?rest_route=%2Fwp%2Fv2%2Fmedia&parent=8479"}],"curies":[{"name":"wp","href":"https:\/\/api.w.org\/{rel}","templated":true}]}}