{"id":8178,"date":"2018-06-24T11:40:21","date_gmt":"2018-06-24T11:40:21","guid":{"rendered":"http:\/\/laplumedeloiseaulyre.com\/?page_id=8178"},"modified":"2018-06-24T11:40:21","modified_gmt":"2018-06-24T11:40:21","slug":"phalangere-a-fleur-de-lys-anthericum-liliago","status":"publish","type":"page","link":"http:\/\/laplumedeloiseaulyre.com\/?page_id=8178","title":{"rendered":"PHALANG\u00c8RE \u00c0 FLEUR DE LYS  Anthericum liliago"},"content":{"rendered":"<p>Soyez b\u00e9nie, allez en paix ma bien-aim\u00e9e,<br \/>\nMa singuli\u00e8re Phalang\u00e8re \u00e0 fleur de lys\u00a0!<br \/>\nJe m\u2019en vais loin, n\u2019\u00e9tant que l\u2019ombre in\u00e9gal\u00e9e<br \/>\nDe l\u2019homme fier que vous avez connu jadis.<\/p>\n","protected":false},"excerpt":{"rendered":"<p>Soyez b\u00e9nie, allez en paix ma bien-aim\u00e9e, Ma singuli\u00e8re Phalang\u00e8re \u00e0 fleur de lys\u00a0! Je m\u2019en vais loin, n\u2019\u00e9tant que l\u2019ombre in\u00e9gal\u00e9e De l\u2019homme fier que vous avez connu jadis.<\/p>\n<p class=\"more-link-p\"><a class=\"more-link\" href=\"http:\/\/laplumedeloiseaulyre.com\/?page_id=8178\">Read more &rarr;<\/a><\/p>\n","protected":false},"author":1,"featured_media":0,"parent":0,"menu_order":0,"comment_status":"closed","ping_status":"closed","template":"","meta":{"spay_email":""},"jetpack_shortlink":"https:\/\/wp.me\/P4lzfC-27U","_links":{"self":[{"href":"http:\/\/laplumedeloiseaulyre.com\/index.php?rest_route=\/wp\/v2\/pages\/8178"}],"collection":[{"href":"http:\/\/laplumedeloiseaulyre.com\/index.php?rest_route=\/wp\/v2\/pages"}],"about":[{"href":"http:\/\/laplumedeloiseaulyre.com\/index.php?rest_route=\/wp\/v2\/types\/page"}],"author":[{"embeddable":true,"href":"http:\/\/laplumedeloiseaulyre.com\/index.php?rest_route=\/wp\/v2\/users\/1"}],"replies":[{"embeddable":true,"href":"http:\/\/laplumedeloiseaulyre.com\/index.php?rest_route=%2Fwp%2Fv2%2Fcomments&post=8178"}],"version-history":[{"count":1,"href":"http:\/\/laplumedeloiseaulyre.com\/index.php?rest_route=\/wp\/v2\/pages\/8178\/revisions"}],"predecessor-version":[{"id":8179,"href":"http:\/\/laplumedeloiseaulyre.com\/index.php?rest_route=\/wp\/v2\/pages\/8178\/revisions\/8179"}],"wp:attachment":[{"href":"http:\/\/laplumedeloiseaulyre.com\/index.php?rest_route=%2Fwp%2Fv2%2Fmedia&parent=8178"}],"curies":[{"name":"wp","href":"https:\/\/api.w.org\/{rel}","templated":true}]}}