{"id":8172,"date":"2018-06-24T11:03:25","date_gmt":"2018-06-24T11:03:25","guid":{"rendered":"http:\/\/laplumedeloiseaulyre.com\/?page_id=8172"},"modified":"2018-06-24T11:06:06","modified_gmt":"2018-06-24T11:06:06","slug":"sylphium-sylphium-laciniatum","status":"publish","type":"page","link":"http:\/\/laplumedeloiseaulyre.com\/?page_id=8172","title":{"rendered":"SILPHIUM Silphium laciniatum"},"content":{"rendered":"<p>Nos corps en m\u00eame lieu ne se croisent jamais,<br \/>\nNos \u00e2mes disjointes se s\u00e9parent sans cesse,<br \/>\nLa boussole de Silphium nous perd et nous blesse.<br \/>\nComment vous aimez puisque je ne vous aimais ?<\/p>\n","protected":false},"excerpt":{"rendered":"<p>Nos corps en m\u00eame lieu ne se croisent jamais, Nos \u00e2mes disjointes se s\u00e9parent sans cesse, La boussole de Silphium nous perd et nous blesse. Comment vous aimez puisque je ne vous aimais ?<\/p>\n<p class=\"more-link-p\"><a class=\"more-link\" href=\"http:\/\/laplumedeloiseaulyre.com\/?page_id=8172\">Read more &rarr;<\/a><\/p>\n","protected":false},"author":1,"featured_media":0,"parent":0,"menu_order":0,"comment_status":"closed","ping_status":"closed","template":"","meta":{"spay_email":""},"jetpack_shortlink":"https:\/\/wp.me\/P4lzfC-27O","_links":{"self":[{"href":"http:\/\/laplumedeloiseaulyre.com\/index.php?rest_route=\/wp\/v2\/pages\/8172"}],"collection":[{"href":"http:\/\/laplumedeloiseaulyre.com\/index.php?rest_route=\/wp\/v2\/pages"}],"about":[{"href":"http:\/\/laplumedeloiseaulyre.com\/index.php?rest_route=\/wp\/v2\/types\/page"}],"author":[{"embeddable":true,"href":"http:\/\/laplumedeloiseaulyre.com\/index.php?rest_route=\/wp\/v2\/users\/1"}],"replies":[{"embeddable":true,"href":"http:\/\/laplumedeloiseaulyre.com\/index.php?rest_route=%2Fwp%2Fv2%2Fcomments&post=8172"}],"version-history":[{"count":2,"href":"http:\/\/laplumedeloiseaulyre.com\/index.php?rest_route=\/wp\/v2\/pages\/8172\/revisions"}],"predecessor-version":[{"id":8176,"href":"http:\/\/laplumedeloiseaulyre.com\/index.php?rest_route=\/wp\/v2\/pages\/8172\/revisions\/8176"}],"wp:attachment":[{"href":"http:\/\/laplumedeloiseaulyre.com\/index.php?rest_route=%2Fwp%2Fv2%2Fmedia&parent=8172"}],"curies":[{"name":"wp","href":"https:\/\/api.w.org\/{rel}","templated":true}]}}