{"id":7704,"date":"2018-03-12T15:37:31","date_gmt":"2018-03-12T15:37:31","guid":{"rendered":"http:\/\/laplumedeloiseaulyre.com\/?page_id=7704"},"modified":"2018-03-12T15:41:02","modified_gmt":"2018-03-12T15:41:02","slug":"actee-en-epis-actea-spicata","status":"publish","type":"page","link":"http:\/\/laplumedeloiseaulyre.com\/?page_id=7704","title":{"rendered":"ACT\u00c9E EN \u00c9PIS Actaea spicata"},"content":{"rendered":"<p>Voici la v\u00e9n\u00e9neuse et gu\u00e9risseuse Act\u00e9e,<br \/>\nHerbe de Saint-Christophe qui \u00e9loigne la peste,<br \/>\nQui dissipe les maladies de nos ann\u00e9es<br \/>\nEn d\u00e9gainant ses \u00e9pis d\u2019un implacable geste.<\/p>\n","protected":false},"excerpt":{"rendered":"<p>Voici la v\u00e9n\u00e9neuse et gu\u00e9risseuse Act\u00e9e, Herbe de Saint-Christophe qui \u00e9loigne la peste, Qui dissipe les maladies de nos ann\u00e9es En d\u00e9gainant ses \u00e9pis d\u2019un implacable geste.<\/p>\n<p class=\"more-link-p\"><a class=\"more-link\" href=\"http:\/\/laplumedeloiseaulyre.com\/?page_id=7704\">Read more &rarr;<\/a><\/p>\n","protected":false},"author":1,"featured_media":0,"parent":0,"menu_order":0,"comment_status":"closed","ping_status":"closed","template":"","meta":{"spay_email":""},"jetpack_shortlink":"https:\/\/wp.me\/P4lzfC-20g","_links":{"self":[{"href":"http:\/\/laplumedeloiseaulyre.com\/index.php?rest_route=\/wp\/v2\/pages\/7704"}],"collection":[{"href":"http:\/\/laplumedeloiseaulyre.com\/index.php?rest_route=\/wp\/v2\/pages"}],"about":[{"href":"http:\/\/laplumedeloiseaulyre.com\/index.php?rest_route=\/wp\/v2\/types\/page"}],"author":[{"embeddable":true,"href":"http:\/\/laplumedeloiseaulyre.com\/index.php?rest_route=\/wp\/v2\/users\/1"}],"replies":[{"embeddable":true,"href":"http:\/\/laplumedeloiseaulyre.com\/index.php?rest_route=%2Fwp%2Fv2%2Fcomments&post=7704"}],"version-history":[{"count":2,"href":"http:\/\/laplumedeloiseaulyre.com\/index.php?rest_route=\/wp\/v2\/pages\/7704\/revisions"}],"predecessor-version":[{"id":7706,"href":"http:\/\/laplumedeloiseaulyre.com\/index.php?rest_route=\/wp\/v2\/pages\/7704\/revisions\/7706"}],"wp:attachment":[{"href":"http:\/\/laplumedeloiseaulyre.com\/index.php?rest_route=%2Fwp%2Fv2%2Fmedia&parent=7704"}],"curies":[{"name":"wp","href":"https:\/\/api.w.org\/{rel}","templated":true}]}}