{"id":7692,"date":"2018-03-12T14:58:40","date_gmt":"2018-03-12T14:58:40","guid":{"rendered":"http:\/\/laplumedeloiseaulyre.com\/?page_id=7692"},"modified":"2021-06-26T23:03:03","modified_gmt":"2021-06-26T23:03:03","slug":"asarina-asarina-procumbens","status":"publish","type":"page","link":"http:\/\/laplumedeloiseaulyre.com\/?page_id=7692","title":{"rendered":"ASARINA\u00a0Asarina procumbens"},"content":{"rendered":"<p>Vivace qui recroissez en l\u00e9gions,<br \/>\nAsarina, flexueuse alif\u00e8re,<br \/>\nL&rsquo;on admire votre imagination<br \/>\nD&rsquo;\u00e9tendre sur le sol vos fleurs-banni\u00e8res.<\/p>\n","protected":false},"excerpt":{"rendered":"<p>Vivace qui recroissez en l\u00e9gions, Asarina, flexueuse alif\u00e8re, L&rsquo;on admire votre imagination D&rsquo;\u00e9tendre sur le sol vos fleurs-banni\u00e8res.<\/p>\n<p class=\"more-link-p\"><a class=\"more-link\" href=\"http:\/\/laplumedeloiseaulyre.com\/?page_id=7692\">Read more &rarr;<\/a><\/p>\n","protected":false},"author":1,"featured_media":0,"parent":0,"menu_order":0,"comment_status":"closed","ping_status":"closed","template":"","meta":{"spay_email":""},"jetpack_shortlink":"https:\/\/wp.me\/P4lzfC-204","_links":{"self":[{"href":"http:\/\/laplumedeloiseaulyre.com\/index.php?rest_route=\/wp\/v2\/pages\/7692"}],"collection":[{"href":"http:\/\/laplumedeloiseaulyre.com\/index.php?rest_route=\/wp\/v2\/pages"}],"about":[{"href":"http:\/\/laplumedeloiseaulyre.com\/index.php?rest_route=\/wp\/v2\/types\/page"}],"author":[{"embeddable":true,"href":"http:\/\/laplumedeloiseaulyre.com\/index.php?rest_route=\/wp\/v2\/users\/1"}],"replies":[{"embeddable":true,"href":"http:\/\/laplumedeloiseaulyre.com\/index.php?rest_route=%2Fwp%2Fv2%2Fcomments&post=7692"}],"version-history":[{"count":3,"href":"http:\/\/laplumedeloiseaulyre.com\/index.php?rest_route=\/wp\/v2\/pages\/7692\/revisions"}],"predecessor-version":[{"id":12330,"href":"http:\/\/laplumedeloiseaulyre.com\/index.php?rest_route=\/wp\/v2\/pages\/7692\/revisions\/12330"}],"wp:attachment":[{"href":"http:\/\/laplumedeloiseaulyre.com\/index.php?rest_route=%2Fwp%2Fv2%2Fmedia&parent=7692"}],"curies":[{"name":"wp","href":"https:\/\/api.w.org\/{rel}","templated":true}]}}