{"id":7671,"date":"2018-03-03T12:47:14","date_gmt":"2018-03-03T12:47:14","guid":{"rendered":"http:\/\/laplumedeloiseaulyre.com\/?page_id=7671"},"modified":"2021-07-25T14:52:42","modified_gmt":"2021-07-25T14:52:42","slug":"veronique-veronica-persica","status":"publish","type":"page","link":"http:\/\/laplumedeloiseaulyre.com\/?page_id=7671","title":{"rendered":"V\u00c9RONIQUE Veronica persica"},"content":{"rendered":"<p>Qu\u2019elle s\u2019ach\u00e8ve, Dieu qu\u2019elle s\u2019ach\u00e8ve<br \/>\nMa pens\u00e9e, fleur oublieuse et lyrique !<br \/>\nQuand toute plante montre face br\u00e8ve<br \/>\nSubsiste le regard de V\u00e9ronique.<\/p>\n","protected":false},"excerpt":{"rendered":"<p>Qu\u2019elle s\u2019ach\u00e8ve, Dieu qu\u2019elle s\u2019ach\u00e8ve Ma pens\u00e9e, fleur oublieuse et lyrique ! Quand toute plante montre face br\u00e8ve Subsiste le regard de V\u00e9ronique.<\/p>\n<p class=\"more-link-p\"><a class=\"more-link\" href=\"http:\/\/laplumedeloiseaulyre.com\/?page_id=7671\">Read more &rarr;<\/a><\/p>\n","protected":false},"author":1,"featured_media":0,"parent":0,"menu_order":0,"comment_status":"closed","ping_status":"closed","template":"","meta":{"spay_email":""},"jetpack_shortlink":"https:\/\/wp.me\/P4lzfC-1ZJ","_links":{"self":[{"href":"http:\/\/laplumedeloiseaulyre.com\/index.php?rest_route=\/wp\/v2\/pages\/7671"}],"collection":[{"href":"http:\/\/laplumedeloiseaulyre.com\/index.php?rest_route=\/wp\/v2\/pages"}],"about":[{"href":"http:\/\/laplumedeloiseaulyre.com\/index.php?rest_route=\/wp\/v2\/types\/page"}],"author":[{"embeddable":true,"href":"http:\/\/laplumedeloiseaulyre.com\/index.php?rest_route=\/wp\/v2\/users\/1"}],"replies":[{"embeddable":true,"href":"http:\/\/laplumedeloiseaulyre.com\/index.php?rest_route=%2Fwp%2Fv2%2Fcomments&post=7671"}],"version-history":[{"count":2,"href":"http:\/\/laplumedeloiseaulyre.com\/index.php?rest_route=\/wp\/v2\/pages\/7671\/revisions"}],"predecessor-version":[{"id":12647,"href":"http:\/\/laplumedeloiseaulyre.com\/index.php?rest_route=\/wp\/v2\/pages\/7671\/revisions\/12647"}],"wp:attachment":[{"href":"http:\/\/laplumedeloiseaulyre.com\/index.php?rest_route=%2Fwp%2Fv2%2Fmedia&parent=7671"}],"curies":[{"name":"wp","href":"https:\/\/api.w.org\/{rel}","templated":true}]}}