{"id":7669,"date":"2018-03-03T12:46:24","date_gmt":"2018-03-03T12:46:24","guid":{"rendered":"http:\/\/laplumedeloiseaulyre.com\/?page_id=7669"},"modified":"2018-03-03T12:46:24","modified_gmt":"2018-03-03T12:46:24","slug":"verge-dor-solidago-virgaurea","status":"publish","type":"page","link":"http:\/\/laplumedeloiseaulyre.com\/?page_id=7669","title":{"rendered":"VERGE D\u2019OR Solidago virgaurea"},"content":{"rendered":"<p>Souvent j&rsquo;ai coup\u00e9 le Solidago<br \/>\nSans craindre ses verges de vengeance,<br \/>\nMais il m&rsquo;a frapp\u00e9 d&rsquo;un fouet dans le dos<br \/>\nQuand j&rsquo;\u00e9tais faible dans ma souffrance.<\/p>\n","protected":false},"excerpt":{"rendered":"<p>Souvent j&rsquo;ai coup\u00e9 le Solidago Sans craindre ses verges de vengeance, Mais il m&rsquo;a frapp\u00e9 d&rsquo;un fouet dans le dos Quand j&rsquo;\u00e9tais faible dans ma souffrance.<\/p>\n<p class=\"more-link-p\"><a class=\"more-link\" href=\"http:\/\/laplumedeloiseaulyre.com\/?page_id=7669\">Read more &rarr;<\/a><\/p>\n","protected":false},"author":1,"featured_media":0,"parent":0,"menu_order":0,"comment_status":"closed","ping_status":"closed","template":"","meta":{"spay_email":""},"jetpack_shortlink":"https:\/\/wp.me\/P4lzfC-1ZH","_links":{"self":[{"href":"http:\/\/laplumedeloiseaulyre.com\/index.php?rest_route=\/wp\/v2\/pages\/7669"}],"collection":[{"href":"http:\/\/laplumedeloiseaulyre.com\/index.php?rest_route=\/wp\/v2\/pages"}],"about":[{"href":"http:\/\/laplumedeloiseaulyre.com\/index.php?rest_route=\/wp\/v2\/types\/page"}],"author":[{"embeddable":true,"href":"http:\/\/laplumedeloiseaulyre.com\/index.php?rest_route=\/wp\/v2\/users\/1"}],"replies":[{"embeddable":true,"href":"http:\/\/laplumedeloiseaulyre.com\/index.php?rest_route=%2Fwp%2Fv2%2Fcomments&post=7669"}],"version-history":[{"count":1,"href":"http:\/\/laplumedeloiseaulyre.com\/index.php?rest_route=\/wp\/v2\/pages\/7669\/revisions"}],"predecessor-version":[{"id":7670,"href":"http:\/\/laplumedeloiseaulyre.com\/index.php?rest_route=\/wp\/v2\/pages\/7669\/revisions\/7670"}],"wp:attachment":[{"href":"http:\/\/laplumedeloiseaulyre.com\/index.php?rest_route=%2Fwp%2Fv2%2Fmedia&parent=7669"}],"curies":[{"name":"wp","href":"https:\/\/api.w.org\/{rel}","templated":true}]}}