{"id":7665,"date":"2018-03-03T12:44:36","date_gmt":"2018-03-03T12:44:36","guid":{"rendered":"http:\/\/laplumedeloiseaulyre.com\/?page_id=7665"},"modified":"2018-03-03T12:44:36","modified_gmt":"2018-03-03T12:44:36","slug":"vanille-vanilla-planifolia","status":"publish","type":"page","link":"http:\/\/laplumedeloiseaulyre.com\/?page_id=7665","title":{"rendered":"VANILLE Vanilla planifolia"},"content":{"rendered":"<p>Baise l\u00e0 mes paupi\u00e8res amoureuses,<br \/>\nBaise ma nuque et mon cou renvers\u00e9s,<br \/>\nBaise mon front noir sucr\u00e9 de r\u00eaveuse<br \/>\nBaise Vanille des l\u00e8vres scell\u00e9es.<\/p>\n","protected":false},"excerpt":{"rendered":"<p>Baise l\u00e0 mes paupi\u00e8res amoureuses, Baise ma nuque et mon cou renvers\u00e9s, Baise mon front noir sucr\u00e9 de r\u00eaveuse Baise Vanille des l\u00e8vres scell\u00e9es.<\/p>\n<p class=\"more-link-p\"><a class=\"more-link\" href=\"http:\/\/laplumedeloiseaulyre.com\/?page_id=7665\">Read more &rarr;<\/a><\/p>\n","protected":false},"author":1,"featured_media":0,"parent":0,"menu_order":0,"comment_status":"closed","ping_status":"closed","template":"","meta":{"spay_email":""},"jetpack_shortlink":"https:\/\/wp.me\/P4lzfC-1ZD","_links":{"self":[{"href":"http:\/\/laplumedeloiseaulyre.com\/index.php?rest_route=\/wp\/v2\/pages\/7665"}],"collection":[{"href":"http:\/\/laplumedeloiseaulyre.com\/index.php?rest_route=\/wp\/v2\/pages"}],"about":[{"href":"http:\/\/laplumedeloiseaulyre.com\/index.php?rest_route=\/wp\/v2\/types\/page"}],"author":[{"embeddable":true,"href":"http:\/\/laplumedeloiseaulyre.com\/index.php?rest_route=\/wp\/v2\/users\/1"}],"replies":[{"embeddable":true,"href":"http:\/\/laplumedeloiseaulyre.com\/index.php?rest_route=%2Fwp%2Fv2%2Fcomments&post=7665"}],"version-history":[{"count":1,"href":"http:\/\/laplumedeloiseaulyre.com\/index.php?rest_route=\/wp\/v2\/pages\/7665\/revisions"}],"predecessor-version":[{"id":7666,"href":"http:\/\/laplumedeloiseaulyre.com\/index.php?rest_route=\/wp\/v2\/pages\/7665\/revisions\/7666"}],"wp:attachment":[{"href":"http:\/\/laplumedeloiseaulyre.com\/index.php?rest_route=%2Fwp%2Fv2%2Fmedia&parent=7665"}],"curies":[{"name":"wp","href":"https:\/\/api.w.org\/{rel}","templated":true}]}}