{"id":7658,"date":"2018-03-03T12:41:50","date_gmt":"2018-03-03T12:41:50","guid":{"rendered":"http:\/\/laplumedeloiseaulyre.com\/?page_id=7658"},"modified":"2018-03-03T12:41:50","modified_gmt":"2018-03-03T12:41:50","slug":"tussilage-pas-dane-tussilago-farfara","status":"publish","type":"page","link":"http:\/\/laplumedeloiseaulyre.com\/?page_id=7658","title":{"rendered":"TUSSILAGE PAS-D\u2019\u00c2NE Tussilago farfara"},"content":{"rendered":"<p>Tussilage, doux et patient passage,<br \/>\nTussilage, \u00f4 pas des \u00e2nes tr\u00e8s sages<br \/>\nQui vont marchant au Paradou r\u00eaveur<br \/>\nEn suivant bien lents ton signe sauveur.<\/p>\n","protected":false},"excerpt":{"rendered":"<p>Tussilage, doux et patient passage, Tussilage, \u00f4 pas des \u00e2nes tr\u00e8s sages Qui vont marchant au Paradou r\u00eaveur En suivant bien lents ton signe sauveur.<\/p>\n<p class=\"more-link-p\"><a class=\"more-link\" href=\"http:\/\/laplumedeloiseaulyre.com\/?page_id=7658\">Read more &rarr;<\/a><\/p>\n","protected":false},"author":1,"featured_media":0,"parent":0,"menu_order":0,"comment_status":"closed","ping_status":"closed","template":"","meta":{"spay_email":""},"jetpack_shortlink":"https:\/\/wp.me\/P4lzfC-1Zw","_links":{"self":[{"href":"http:\/\/laplumedeloiseaulyre.com\/index.php?rest_route=\/wp\/v2\/pages\/7658"}],"collection":[{"href":"http:\/\/laplumedeloiseaulyre.com\/index.php?rest_route=\/wp\/v2\/pages"}],"about":[{"href":"http:\/\/laplumedeloiseaulyre.com\/index.php?rest_route=\/wp\/v2\/types\/page"}],"author":[{"embeddable":true,"href":"http:\/\/laplumedeloiseaulyre.com\/index.php?rest_route=\/wp\/v2\/users\/1"}],"replies":[{"embeddable":true,"href":"http:\/\/laplumedeloiseaulyre.com\/index.php?rest_route=%2Fwp%2Fv2%2Fcomments&post=7658"}],"version-history":[{"count":1,"href":"http:\/\/laplumedeloiseaulyre.com\/index.php?rest_route=\/wp\/v2\/pages\/7658\/revisions"}],"predecessor-version":[{"id":7659,"href":"http:\/\/laplumedeloiseaulyre.com\/index.php?rest_route=\/wp\/v2\/pages\/7658\/revisions\/7659"}],"wp:attachment":[{"href":"http:\/\/laplumedeloiseaulyre.com\/index.php?rest_route=%2Fwp%2Fv2%2Fmedia&parent=7658"}],"curies":[{"name":"wp","href":"https:\/\/api.w.org\/{rel}","templated":true}]}}