{"id":7652,"date":"2018-03-03T12:39:20","date_gmt":"2018-03-03T12:39:20","guid":{"rendered":"http:\/\/laplumedeloiseaulyre.com\/?page_id=7652"},"modified":"2018-03-03T12:39:20","modified_gmt":"2018-03-03T12:39:20","slug":"troene-ligustrum-vulgare","status":"publish","type":"page","link":"http:\/\/laplumedeloiseaulyre.com\/?page_id=7652","title":{"rendered":"TRO\u00c8NE Ligustrum vulgare"},"content":{"rendered":"<p>Et par ma faute s\u2019est pendue la reine,<br \/>\nLes bustes se sont renvers\u00e9s au bois,<br \/>\nLa bourrasque a d\u00e9cim\u00e9 les Tro\u00e8nes,<br \/>\nFermant le sentier qui menait vers toi. <\/p>\n","protected":false},"excerpt":{"rendered":"<p>Et par ma faute s\u2019est pendue la reine, Les bustes se sont renvers\u00e9s au bois, La bourrasque a d\u00e9cim\u00e9 les Tro\u00e8nes, Fermant le sentier qui menait vers toi.<\/p>\n<p class=\"more-link-p\"><a class=\"more-link\" href=\"http:\/\/laplumedeloiseaulyre.com\/?page_id=7652\">Read more &rarr;<\/a><\/p>\n","protected":false},"author":1,"featured_media":0,"parent":0,"menu_order":0,"comment_status":"closed","ping_status":"closed","template":"","meta":{"spay_email":""},"jetpack_shortlink":"https:\/\/wp.me\/P4lzfC-1Zq","_links":{"self":[{"href":"http:\/\/laplumedeloiseaulyre.com\/index.php?rest_route=\/wp\/v2\/pages\/7652"}],"collection":[{"href":"http:\/\/laplumedeloiseaulyre.com\/index.php?rest_route=\/wp\/v2\/pages"}],"about":[{"href":"http:\/\/laplumedeloiseaulyre.com\/index.php?rest_route=\/wp\/v2\/types\/page"}],"author":[{"embeddable":true,"href":"http:\/\/laplumedeloiseaulyre.com\/index.php?rest_route=\/wp\/v2\/users\/1"}],"replies":[{"embeddable":true,"href":"http:\/\/laplumedeloiseaulyre.com\/index.php?rest_route=%2Fwp%2Fv2%2Fcomments&post=7652"}],"version-history":[{"count":1,"href":"http:\/\/laplumedeloiseaulyre.com\/index.php?rest_route=\/wp\/v2\/pages\/7652\/revisions"}],"predecessor-version":[{"id":7653,"href":"http:\/\/laplumedeloiseaulyre.com\/index.php?rest_route=\/wp\/v2\/pages\/7652\/revisions\/7653"}],"wp:attachment":[{"href":"http:\/\/laplumedeloiseaulyre.com\/index.php?rest_route=%2Fwp%2Fv2%2Fmedia&parent=7652"}],"curies":[{"name":"wp","href":"https:\/\/api.w.org\/{rel}","templated":true}]}}