{"id":7644,"date":"2018-03-03T12:35:22","date_gmt":"2018-03-03T12:35:22","guid":{"rendered":"http:\/\/laplumedeloiseaulyre.com\/?page_id=7644"},"modified":"2018-03-03T12:35:22","modified_gmt":"2018-03-03T12:35:22","slug":"tradescantia-tradescantia-virginiana","status":"publish","type":"page","link":"http:\/\/laplumedeloiseaulyre.com\/?page_id=7644","title":{"rendered":"TRADESCANTIA Tradescantia virginiana"},"content":{"rendered":"<p>Les Tradescantias paradent comme des paons<br \/>\nDans le cabinet des plantations \u00e9ph\u00e9m\u00e8res,<br \/>\nLeurs fleurs ne perdurent qu\u2019un jour, quelle mis\u00e8re !<br \/>\nMais c\u2019est l\u2019orgueil du p\u00e8re et du fils Tradescant.<\/p>\n","protected":false},"excerpt":{"rendered":"<p>Les Tradescantias paradent comme des paons Dans le cabinet des plantations \u00e9ph\u00e9m\u00e8res, Leurs fleurs ne perdurent qu\u2019un jour, quelle mis\u00e8re ! Mais c\u2019est l\u2019orgueil du p\u00e8re et du fils Tradescant.<\/p>\n<p class=\"more-link-p\"><a class=\"more-link\" href=\"http:\/\/laplumedeloiseaulyre.com\/?page_id=7644\">Read more &rarr;<\/a><\/p>\n","protected":false},"author":1,"featured_media":0,"parent":0,"menu_order":0,"comment_status":"closed","ping_status":"closed","template":"","meta":{"spay_email":""},"jetpack_shortlink":"https:\/\/wp.me\/P4lzfC-1Zi","_links":{"self":[{"href":"http:\/\/laplumedeloiseaulyre.com\/index.php?rest_route=\/wp\/v2\/pages\/7644"}],"collection":[{"href":"http:\/\/laplumedeloiseaulyre.com\/index.php?rest_route=\/wp\/v2\/pages"}],"about":[{"href":"http:\/\/laplumedeloiseaulyre.com\/index.php?rest_route=\/wp\/v2\/types\/page"}],"author":[{"embeddable":true,"href":"http:\/\/laplumedeloiseaulyre.com\/index.php?rest_route=\/wp\/v2\/users\/1"}],"replies":[{"embeddable":true,"href":"http:\/\/laplumedeloiseaulyre.com\/index.php?rest_route=%2Fwp%2Fv2%2Fcomments&post=7644"}],"version-history":[{"count":1,"href":"http:\/\/laplumedeloiseaulyre.com\/index.php?rest_route=\/wp\/v2\/pages\/7644\/revisions"}],"predecessor-version":[{"id":7645,"href":"http:\/\/laplumedeloiseaulyre.com\/index.php?rest_route=\/wp\/v2\/pages\/7644\/revisions\/7645"}],"wp:attachment":[{"href":"http:\/\/laplumedeloiseaulyre.com\/index.php?rest_route=%2Fwp%2Fv2%2Fmedia&parent=7644"}],"curies":[{"name":"wp","href":"https:\/\/api.w.org\/{rel}","templated":true}]}}