{"id":7642,"date":"2018-03-03T12:33:55","date_gmt":"2018-03-03T12:33:55","guid":{"rendered":"http:\/\/laplumedeloiseaulyre.com\/?page_id=7642"},"modified":"2021-07-25T14:50:03","modified_gmt":"2021-07-25T14:50:03","slug":"tournesol-helianthus-annuus","status":"publish","type":"page","link":"http:\/\/laplumedeloiseaulyre.com\/?page_id=7642","title":{"rendered":"TOURNESOL Helianthus annuus"},"content":{"rendered":"<p>Clythie sentit en elle un ardent amour na\u00eetre<br \/>\nNe sachant o\u00f9 la m\u00e8nerait son nouveau joug,<br \/>\nNymphe angoiss\u00e9e de ne pouvoir d\u00e9sormais qu&rsquo;\u00eatre<br \/>\nUn Tournesol fatal courbant vers l&rsquo;Est son cou.<\/p>\n","protected":false},"excerpt":{"rendered":"<p>Clythie sentit en elle un ardent amour na\u00eetre Ne sachant o\u00f9 la m\u00e8nerait son nouveau joug, Nymphe angoiss\u00e9e de ne pouvoir d\u00e9sormais qu&rsquo;\u00eatre Un Tournesol fatal courbant vers l&rsquo;Est son cou.<\/p>\n<p class=\"more-link-p\"><a class=\"more-link\" href=\"http:\/\/laplumedeloiseaulyre.com\/?page_id=7642\">Read more &rarr;<\/a><\/p>\n","protected":false},"author":1,"featured_media":0,"parent":0,"menu_order":0,"comment_status":"closed","ping_status":"closed","template":"","meta":{"spay_email":""},"jetpack_shortlink":"https:\/\/wp.me\/P4lzfC-1Zg","_links":{"self":[{"href":"http:\/\/laplumedeloiseaulyre.com\/index.php?rest_route=\/wp\/v2\/pages\/7642"}],"collection":[{"href":"http:\/\/laplumedeloiseaulyre.com\/index.php?rest_route=\/wp\/v2\/pages"}],"about":[{"href":"http:\/\/laplumedeloiseaulyre.com\/index.php?rest_route=\/wp\/v2\/types\/page"}],"author":[{"embeddable":true,"href":"http:\/\/laplumedeloiseaulyre.com\/index.php?rest_route=\/wp\/v2\/users\/1"}],"replies":[{"embeddable":true,"href":"http:\/\/laplumedeloiseaulyre.com\/index.php?rest_route=%2Fwp%2Fv2%2Fcomments&post=7642"}],"version-history":[{"count":2,"href":"http:\/\/laplumedeloiseaulyre.com\/index.php?rest_route=\/wp\/v2\/pages\/7642\/revisions"}],"predecessor-version":[{"id":12645,"href":"http:\/\/laplumedeloiseaulyre.com\/index.php?rest_route=\/wp\/v2\/pages\/7642\/revisions\/12645"}],"wp:attachment":[{"href":"http:\/\/laplumedeloiseaulyre.com\/index.php?rest_route=%2Fwp%2Fv2%2Fmedia&parent=7642"}],"curies":[{"name":"wp","href":"https:\/\/api.w.org\/{rel}","templated":true}]}}