{"id":7638,"date":"2018-03-03T12:32:01","date_gmt":"2018-03-03T12:32:01","guid":{"rendered":"http:\/\/laplumedeloiseaulyre.com\/?page_id=7638"},"modified":"2021-05-03T21:25:15","modified_gmt":"2021-05-03T21:25:15","slug":"tonka-dipteryx-odorata","status":"publish","type":"page","link":"http:\/\/laplumedeloiseaulyre.com\/?page_id=7638","title":{"rendered":"TONKA Dipteryx odorata"},"content":{"rendered":"<p>L\u2019Amour est am\u00e8re f\u00e8ve Tonka<br \/>\nIl ne donne son ar\u00f4me et sa fi\u00e8vre<br \/>\nQu\u2019en sacrifiant le don de ses \u00e9clats<br \/>\nComme le teck abandonne sa f\u00e8ve.<\/p>\n","protected":false},"excerpt":{"rendered":"<p>L\u2019Amour est am\u00e8re f\u00e8ve Tonka Il ne donne son ar\u00f4me et sa fi\u00e8vre Qu\u2019en sacrifiant le don de ses \u00e9clats Comme le teck abandonne sa f\u00e8ve.<\/p>\n<p class=\"more-link-p\"><a class=\"more-link\" href=\"http:\/\/laplumedeloiseaulyre.com\/?page_id=7638\">Read more &rarr;<\/a><\/p>\n","protected":false},"author":1,"featured_media":0,"parent":0,"menu_order":0,"comment_status":"closed","ping_status":"closed","template":"","meta":{"spay_email":""},"jetpack_shortlink":"https:\/\/wp.me\/P4lzfC-1Zc","_links":{"self":[{"href":"http:\/\/laplumedeloiseaulyre.com\/index.php?rest_route=\/wp\/v2\/pages\/7638"}],"collection":[{"href":"http:\/\/laplumedeloiseaulyre.com\/index.php?rest_route=\/wp\/v2\/pages"}],"about":[{"href":"http:\/\/laplumedeloiseaulyre.com\/index.php?rest_route=\/wp\/v2\/types\/page"}],"author":[{"embeddable":true,"href":"http:\/\/laplumedeloiseaulyre.com\/index.php?rest_route=\/wp\/v2\/users\/1"}],"replies":[{"embeddable":true,"href":"http:\/\/laplumedeloiseaulyre.com\/index.php?rest_route=%2Fwp%2Fv2%2Fcomments&post=7638"}],"version-history":[{"count":2,"href":"http:\/\/laplumedeloiseaulyre.com\/index.php?rest_route=\/wp\/v2\/pages\/7638\/revisions"}],"predecessor-version":[{"id":12133,"href":"http:\/\/laplumedeloiseaulyre.com\/index.php?rest_route=\/wp\/v2\/pages\/7638\/revisions\/12133"}],"wp:attachment":[{"href":"http:\/\/laplumedeloiseaulyre.com\/index.php?rest_route=%2Fwp%2Fv2%2Fmedia&parent=7638"}],"curies":[{"name":"wp","href":"https:\/\/api.w.org\/{rel}","templated":true}]}}