{"id":7636,"date":"2018-03-03T12:31:04","date_gmt":"2018-03-03T12:31:04","guid":{"rendered":"http:\/\/laplumedeloiseaulyre.com\/?page_id=7636"},"modified":"2018-03-03T12:31:04","modified_gmt":"2018-03-03T12:31:04","slug":"tomate-solanum-lycopersicum","status":"publish","type":"page","link":"http:\/\/laplumedeloiseaulyre.com\/?page_id=7636","title":{"rendered":"TOMATE Solanum lycopersicum"},"content":{"rendered":"<p>Tu ne connais pas ce que tu exiges<br \/>\nTomate qui veut m\u00fbrir en hiver,<br \/>\nTu n&rsquo;as jamais vu l\u2019atroce poussi\u00e8re<br \/>\nDe gel\u00e9e qui d\u00e9solerait ta tige.<\/p>\n","protected":false},"excerpt":{"rendered":"<p>Tu ne connais pas ce que tu exiges Tomate qui veut m\u00fbrir en hiver, Tu n&rsquo;as jamais vu l\u2019atroce poussi\u00e8re De gel\u00e9e qui d\u00e9solerait ta tige.<\/p>\n<p class=\"more-link-p\"><a class=\"more-link\" href=\"http:\/\/laplumedeloiseaulyre.com\/?page_id=7636\">Read more &rarr;<\/a><\/p>\n","protected":false},"author":1,"featured_media":0,"parent":0,"menu_order":0,"comment_status":"closed","ping_status":"closed","template":"","meta":{"spay_email":""},"jetpack_shortlink":"https:\/\/wp.me\/P4lzfC-1Za","_links":{"self":[{"href":"http:\/\/laplumedeloiseaulyre.com\/index.php?rest_route=\/wp\/v2\/pages\/7636"}],"collection":[{"href":"http:\/\/laplumedeloiseaulyre.com\/index.php?rest_route=\/wp\/v2\/pages"}],"about":[{"href":"http:\/\/laplumedeloiseaulyre.com\/index.php?rest_route=\/wp\/v2\/types\/page"}],"author":[{"embeddable":true,"href":"http:\/\/laplumedeloiseaulyre.com\/index.php?rest_route=\/wp\/v2\/users\/1"}],"replies":[{"embeddable":true,"href":"http:\/\/laplumedeloiseaulyre.com\/index.php?rest_route=%2Fwp%2Fv2%2Fcomments&post=7636"}],"version-history":[{"count":1,"href":"http:\/\/laplumedeloiseaulyre.com\/index.php?rest_route=\/wp\/v2\/pages\/7636\/revisions"}],"predecessor-version":[{"id":7637,"href":"http:\/\/laplumedeloiseaulyre.com\/index.php?rest_route=\/wp\/v2\/pages\/7636\/revisions\/7637"}],"wp:attachment":[{"href":"http:\/\/laplumedeloiseaulyre.com\/index.php?rest_route=%2Fwp%2Fv2%2Fmedia&parent=7636"}],"curies":[{"name":"wp","href":"https:\/\/api.w.org\/{rel}","templated":true}]}}