{"id":7630,"date":"2018-03-03T12:27:09","date_gmt":"2018-03-03T12:27:09","guid":{"rendered":"http:\/\/laplumedeloiseaulyre.com\/?page_id=7630"},"modified":"2018-03-03T12:27:09","modified_gmt":"2018-03-03T12:27:09","slug":"tiarelle-tiarella-cordifolia","status":"publish","type":"page","link":"http:\/\/laplumedeloiseaulyre.com\/?page_id=7630","title":{"rendered":"TIARELLE Tiarella cordifolia"},"content":{"rendered":"<p>Ton \u00e9criture m\u2019emporte en elle,<br \/>\nD\u00e9liant ses sentiments \u00e9toil\u00e9s<br \/>\nDans sa courbe sem\u00e9e de Tiarelles<br \/>\n\u00c0 l\u2019encre mauresque cordifoli\u00e9e.<\/p>\n","protected":false},"excerpt":{"rendered":"<p>Ton \u00e9criture m\u2019emporte en elle, D\u00e9liant ses sentiments \u00e9toil\u00e9s Dans sa courbe sem\u00e9e de Tiarelles \u00c0 l\u2019encre mauresque cordifoli\u00e9e.<\/p>\n<p class=\"more-link-p\"><a class=\"more-link\" href=\"http:\/\/laplumedeloiseaulyre.com\/?page_id=7630\">Read more &rarr;<\/a><\/p>\n","protected":false},"author":1,"featured_media":0,"parent":0,"menu_order":0,"comment_status":"closed","ping_status":"closed","template":"","meta":{"spay_email":""},"jetpack_shortlink":"https:\/\/wp.me\/P4lzfC-1Z4","_links":{"self":[{"href":"http:\/\/laplumedeloiseaulyre.com\/index.php?rest_route=\/wp\/v2\/pages\/7630"}],"collection":[{"href":"http:\/\/laplumedeloiseaulyre.com\/index.php?rest_route=\/wp\/v2\/pages"}],"about":[{"href":"http:\/\/laplumedeloiseaulyre.com\/index.php?rest_route=\/wp\/v2\/types\/page"}],"author":[{"embeddable":true,"href":"http:\/\/laplumedeloiseaulyre.com\/index.php?rest_route=\/wp\/v2\/users\/1"}],"replies":[{"embeddable":true,"href":"http:\/\/laplumedeloiseaulyre.com\/index.php?rest_route=%2Fwp%2Fv2%2Fcomments&post=7630"}],"version-history":[{"count":1,"href":"http:\/\/laplumedeloiseaulyre.com\/index.php?rest_route=\/wp\/v2\/pages\/7630\/revisions"}],"predecessor-version":[{"id":7631,"href":"http:\/\/laplumedeloiseaulyre.com\/index.php?rest_route=\/wp\/v2\/pages\/7630\/revisions\/7631"}],"wp:attachment":[{"href":"http:\/\/laplumedeloiseaulyre.com\/index.php?rest_route=%2Fwp%2Fv2%2Fmedia&parent=7630"}],"curies":[{"name":"wp","href":"https:\/\/api.w.org\/{rel}","templated":true}]}}