{"id":7625,"date":"2018-03-03T12:22:43","date_gmt":"2018-03-03T12:22:43","guid":{"rendered":"http:\/\/laplumedeloiseaulyre.com\/?page_id=7625"},"modified":"2018-03-03T12:22:43","modified_gmt":"2018-03-03T12:22:43","slug":"thym-thymus-vulgaris","status":"publish","type":"page","link":"http:\/\/laplumedeloiseaulyre.com\/?page_id=7625","title":{"rendered":"THYM Thymus vulgaris"},"content":{"rendered":"<p>Principe d&rsquo;ar\u00f4me utile aux devins,<br \/>\nNous t&rsquo;avons respir\u00e9 fermant les yeux,<br \/>\nVrillant sous nos doigts tes dons et tes brins :<br \/>\nThym, de quels amours sont aim\u00e9s tes feux ?<\/p>\n","protected":false},"excerpt":{"rendered":"<p>Principe d&rsquo;ar\u00f4me utile aux devins, Nous t&rsquo;avons respir\u00e9 fermant les yeux, Vrillant sous nos doigts tes dons et tes brins : Thym, de quels amours sont aim\u00e9s tes feux ?<\/p>\n<p class=\"more-link-p\"><a class=\"more-link\" href=\"http:\/\/laplumedeloiseaulyre.com\/?page_id=7625\">Read more &rarr;<\/a><\/p>\n","protected":false},"author":1,"featured_media":0,"parent":0,"menu_order":0,"comment_status":"closed","ping_status":"closed","template":"","meta":{"spay_email":""},"jetpack_shortlink":"https:\/\/wp.me\/P4lzfC-1YZ","_links":{"self":[{"href":"http:\/\/laplumedeloiseaulyre.com\/index.php?rest_route=\/wp\/v2\/pages\/7625"}],"collection":[{"href":"http:\/\/laplumedeloiseaulyre.com\/index.php?rest_route=\/wp\/v2\/pages"}],"about":[{"href":"http:\/\/laplumedeloiseaulyre.com\/index.php?rest_route=\/wp\/v2\/types\/page"}],"author":[{"embeddable":true,"href":"http:\/\/laplumedeloiseaulyre.com\/index.php?rest_route=\/wp\/v2\/users\/1"}],"replies":[{"embeddable":true,"href":"http:\/\/laplumedeloiseaulyre.com\/index.php?rest_route=%2Fwp%2Fv2%2Fcomments&post=7625"}],"version-history":[{"count":1,"href":"http:\/\/laplumedeloiseaulyre.com\/index.php?rest_route=\/wp\/v2\/pages\/7625\/revisions"}],"predecessor-version":[{"id":7626,"href":"http:\/\/laplumedeloiseaulyre.com\/index.php?rest_route=\/wp\/v2\/pages\/7625\/revisions\/7626"}],"wp:attachment":[{"href":"http:\/\/laplumedeloiseaulyre.com\/index.php?rest_route=%2Fwp%2Fv2%2Fmedia&parent=7625"}],"curies":[{"name":"wp","href":"https:\/\/api.w.org\/{rel}","templated":true}]}}