{"id":7613,"date":"2018-03-03T12:14:55","date_gmt":"2018-03-03T12:14:55","guid":{"rendered":"http:\/\/laplumedeloiseaulyre.com\/?page_id=7613"},"modified":"2021-07-25T14:48:09","modified_gmt":"2021-07-25T14:48:09","slug":"tamarin-tamarindus-indica","status":"publish","type":"page","link":"http:\/\/laplumedeloiseaulyre.com\/?page_id=7613","title":{"rendered":"TAMARIN Tamarindus indica"},"content":{"rendered":"<p>Un tamanoir allait le long des fourmili\u00e8res<br \/>\nTenter de fourrer son museau vers Tamarin,<br \/>\nIl aurait voulu que sa langue soit plus fi\u00e8re<br \/>\nEt que la hautaine gousse ait moins de d\u00e9dain.<\/p>\n","protected":false},"excerpt":{"rendered":"<p>Un tamanoir allait le long des fourmili\u00e8res Tenter de fourrer son museau vers Tamarin, Il aurait voulu que sa langue soit plus fi\u00e8re Et que la hautaine gousse ait moins de d\u00e9dain.<\/p>\n<p class=\"more-link-p\"><a class=\"more-link\" href=\"http:\/\/laplumedeloiseaulyre.com\/?page_id=7613\">Read more &rarr;<\/a><\/p>\n","protected":false},"author":1,"featured_media":0,"parent":0,"menu_order":0,"comment_status":"closed","ping_status":"closed","template":"","meta":{"spay_email":""},"jetpack_shortlink":"https:\/\/wp.me\/P4lzfC-1YN","_links":{"self":[{"href":"http:\/\/laplumedeloiseaulyre.com\/index.php?rest_route=\/wp\/v2\/pages\/7613"}],"collection":[{"href":"http:\/\/laplumedeloiseaulyre.com\/index.php?rest_route=\/wp\/v2\/pages"}],"about":[{"href":"http:\/\/laplumedeloiseaulyre.com\/index.php?rest_route=\/wp\/v2\/types\/page"}],"author":[{"embeddable":true,"href":"http:\/\/laplumedeloiseaulyre.com\/index.php?rest_route=\/wp\/v2\/users\/1"}],"replies":[{"embeddable":true,"href":"http:\/\/laplumedeloiseaulyre.com\/index.php?rest_route=%2Fwp%2Fv2%2Fcomments&post=7613"}],"version-history":[{"count":2,"href":"http:\/\/laplumedeloiseaulyre.com\/index.php?rest_route=\/wp\/v2\/pages\/7613\/revisions"}],"predecessor-version":[{"id":12644,"href":"http:\/\/laplumedeloiseaulyre.com\/index.php?rest_route=\/wp\/v2\/pages\/7613\/revisions\/12644"}],"wp:attachment":[{"href":"http:\/\/laplumedeloiseaulyre.com\/index.php?rest_route=%2Fwp%2Fv2%2Fmedia&parent=7613"}],"curies":[{"name":"wp","href":"https:\/\/api.w.org\/{rel}","templated":true}]}}