{"id":7604,"date":"2018-03-03T12:11:03","date_gmt":"2018-03-03T12:11:03","guid":{"rendered":"http:\/\/laplumedeloiseaulyre.com\/?page_id=7604"},"modified":"2018-03-03T12:11:03","modified_gmt":"2018-03-03T12:11:03","slug":"sycomore-ficus-sycomorus","status":"publish","type":"page","link":"http:\/\/laplumedeloiseaulyre.com\/?page_id=7604","title":{"rendered":"SYCOMORE Ficus sycomorus"},"content":{"rendered":"<p>Nous nous \u00e9tions endormis sous le pilastre<br \/>\nPrimitif d\u2019un Sycomore de Palmyre,<br \/>\nNous nous sommes r\u00e9veill\u00e9s dans le d\u00e9sastre<br \/>\nDes chars qui bombardaient des pierres martyres. <\/p>\n","protected":false},"excerpt":{"rendered":"<p>Nous nous \u00e9tions endormis sous le pilastre Primitif d\u2019un Sycomore de Palmyre, Nous nous sommes r\u00e9veill\u00e9s dans le d\u00e9sastre Des chars qui bombardaient des pierres martyres.<\/p>\n<p class=\"more-link-p\"><a class=\"more-link\" href=\"http:\/\/laplumedeloiseaulyre.com\/?page_id=7604\">Read more &rarr;<\/a><\/p>\n","protected":false},"author":1,"featured_media":0,"parent":0,"menu_order":0,"comment_status":"closed","ping_status":"closed","template":"","meta":{"spay_email":""},"jetpack_shortlink":"https:\/\/wp.me\/P4lzfC-1YE","_links":{"self":[{"href":"http:\/\/laplumedeloiseaulyre.com\/index.php?rest_route=\/wp\/v2\/pages\/7604"}],"collection":[{"href":"http:\/\/laplumedeloiseaulyre.com\/index.php?rest_route=\/wp\/v2\/pages"}],"about":[{"href":"http:\/\/laplumedeloiseaulyre.com\/index.php?rest_route=\/wp\/v2\/types\/page"}],"author":[{"embeddable":true,"href":"http:\/\/laplumedeloiseaulyre.com\/index.php?rest_route=\/wp\/v2\/users\/1"}],"replies":[{"embeddable":true,"href":"http:\/\/laplumedeloiseaulyre.com\/index.php?rest_route=%2Fwp%2Fv2%2Fcomments&post=7604"}],"version-history":[{"count":1,"href":"http:\/\/laplumedeloiseaulyre.com\/index.php?rest_route=\/wp\/v2\/pages\/7604\/revisions"}],"predecessor-version":[{"id":7605,"href":"http:\/\/laplumedeloiseaulyre.com\/index.php?rest_route=\/wp\/v2\/pages\/7604\/revisions\/7605"}],"wp:attachment":[{"href":"http:\/\/laplumedeloiseaulyre.com\/index.php?rest_route=%2Fwp%2Fv2%2Fmedia&parent=7604"}],"curies":[{"name":"wp","href":"https:\/\/api.w.org\/{rel}","templated":true}]}}