{"id":7602,"date":"2018-03-03T12:10:11","date_gmt":"2018-03-03T12:10:11","guid":{"rendered":"http:\/\/laplumedeloiseaulyre.com\/?page_id=7602"},"modified":"2018-03-03T12:10:11","modified_gmt":"2018-03-03T12:10:11","slug":"suzanne-aux-yeux-noirs-thunbergia-alata","status":"publish","type":"page","link":"http:\/\/laplumedeloiseaulyre.com\/?page_id=7602","title":{"rendered":"SUZANNE AUX YEUX NOIRS Thunbergia alata"},"content":{"rendered":"<p>Suzanne aux yeux noirs bougonne s\u2019\u00e9veille,<br \/>\nSe r\u00e9veille Suzanne chiffonn\u00e9e,<br \/>\nF\u00e2ch\u00e9e contre les grillons et abeilles<br \/>\nQui froissent sa robe d\u2019\u00e9namour\u00e9e. <\/p>\n","protected":false},"excerpt":{"rendered":"<p>Suzanne aux yeux noirs bougonne s\u2019\u00e9veille, Se r\u00e9veille Suzanne chiffonn\u00e9e, F\u00e2ch\u00e9e contre les grillons et abeilles Qui froissent sa robe d\u2019\u00e9namour\u00e9e.<\/p>\n<p class=\"more-link-p\"><a class=\"more-link\" href=\"http:\/\/laplumedeloiseaulyre.com\/?page_id=7602\">Read more &rarr;<\/a><\/p>\n","protected":false},"author":1,"featured_media":0,"parent":0,"menu_order":0,"comment_status":"closed","ping_status":"closed","template":"","meta":{"spay_email":""},"jetpack_shortlink":"https:\/\/wp.me\/P4lzfC-1YC","_links":{"self":[{"href":"http:\/\/laplumedeloiseaulyre.com\/index.php?rest_route=\/wp\/v2\/pages\/7602"}],"collection":[{"href":"http:\/\/laplumedeloiseaulyre.com\/index.php?rest_route=\/wp\/v2\/pages"}],"about":[{"href":"http:\/\/laplumedeloiseaulyre.com\/index.php?rest_route=\/wp\/v2\/types\/page"}],"author":[{"embeddable":true,"href":"http:\/\/laplumedeloiseaulyre.com\/index.php?rest_route=\/wp\/v2\/users\/1"}],"replies":[{"embeddable":true,"href":"http:\/\/laplumedeloiseaulyre.com\/index.php?rest_route=%2Fwp%2Fv2%2Fcomments&post=7602"}],"version-history":[{"count":1,"href":"http:\/\/laplumedeloiseaulyre.com\/index.php?rest_route=\/wp\/v2\/pages\/7602\/revisions"}],"predecessor-version":[{"id":7603,"href":"http:\/\/laplumedeloiseaulyre.com\/index.php?rest_route=\/wp\/v2\/pages\/7602\/revisions\/7603"}],"wp:attachment":[{"href":"http:\/\/laplumedeloiseaulyre.com\/index.php?rest_route=%2Fwp%2Fv2%2Fmedia&parent=7602"}],"curies":[{"name":"wp","href":"https:\/\/api.w.org\/{rel}","templated":true}]}}