{"id":7596,"date":"2018-03-03T12:06:46","date_gmt":"2018-03-03T12:06:46","guid":{"rendered":"http:\/\/laplumedeloiseaulyre.com\/?page_id=7596"},"modified":"2018-03-03T12:06:46","modified_gmt":"2018-03-03T12:06:46","slug":"stevia-stevia-rebaudiana","status":"publish","type":"page","link":"http:\/\/laplumedeloiseaulyre.com\/?page_id=7596","title":{"rendered":"ST\u00c9VIA Stevia rebaudiana"},"content":{"rendered":"<p>Di\u00e9t\u00e9ticienne, fille patent\u00e9e,<br \/>\nLa St\u00e9via fait une cure d\u00e9tox,<br \/>\nLisant les magazines de sant\u00e9,<br \/>\nJeune bobo-bio tr\u00e8s orthodoxe.<\/p>\n","protected":false},"excerpt":{"rendered":"<p>Di\u00e9t\u00e9ticienne, fille patent\u00e9e, La St\u00e9via fait une cure d\u00e9tox, Lisant les magazines de sant\u00e9, Jeune bobo-bio tr\u00e8s orthodoxe.<\/p>\n<p class=\"more-link-p\"><a class=\"more-link\" href=\"http:\/\/laplumedeloiseaulyre.com\/?page_id=7596\">Read more &rarr;<\/a><\/p>\n","protected":false},"author":1,"featured_media":0,"parent":0,"menu_order":0,"comment_status":"closed","ping_status":"closed","template":"","meta":{"spay_email":""},"jetpack_shortlink":"https:\/\/wp.me\/P4lzfC-1Yw","_links":{"self":[{"href":"http:\/\/laplumedeloiseaulyre.com\/index.php?rest_route=\/wp\/v2\/pages\/7596"}],"collection":[{"href":"http:\/\/laplumedeloiseaulyre.com\/index.php?rest_route=\/wp\/v2\/pages"}],"about":[{"href":"http:\/\/laplumedeloiseaulyre.com\/index.php?rest_route=\/wp\/v2\/types\/page"}],"author":[{"embeddable":true,"href":"http:\/\/laplumedeloiseaulyre.com\/index.php?rest_route=\/wp\/v2\/users\/1"}],"replies":[{"embeddable":true,"href":"http:\/\/laplumedeloiseaulyre.com\/index.php?rest_route=%2Fwp%2Fv2%2Fcomments&post=7596"}],"version-history":[{"count":1,"href":"http:\/\/laplumedeloiseaulyre.com\/index.php?rest_route=\/wp\/v2\/pages\/7596\/revisions"}],"predecessor-version":[{"id":7597,"href":"http:\/\/laplumedeloiseaulyre.com\/index.php?rest_route=\/wp\/v2\/pages\/7596\/revisions\/7597"}],"wp:attachment":[{"href":"http:\/\/laplumedeloiseaulyre.com\/index.php?rest_route=%2Fwp%2Fv2%2Fmedia&parent=7596"}],"curies":[{"name":"wp","href":"https:\/\/api.w.org\/{rel}","templated":true}]}}