{"id":7589,"date":"2018-03-03T11:53:10","date_gmt":"2018-03-03T11:53:10","guid":{"rendered":"http:\/\/laplumedeloiseaulyre.com\/?page_id=7589"},"modified":"2022-02-25T01:42:26","modified_gmt":"2022-02-25T01:42:26","slug":"statice-limonium-sinuatum","status":"publish","type":"page","link":"http:\/\/laplumedeloiseaulyre.com\/?page_id=7589","title":{"rendered":"STATICE Limonium sinuatum"},"content":{"rendered":"<p>Des cendres tombent sur le rustique parquet,<br \/>\nLes soeurs carm\u00e9lites ont coup\u00e9 la Statice.<br \/>\nLe Car\u00eame a pos\u00e9 sur elles son cachet<br \/>\nOn voit sur leurs fronts la fleur d\u2019une cicatrice.<\/p>\n","protected":false},"excerpt":{"rendered":"<p>Des cendres tombent sur le rustique parquet, Les soeurs carm\u00e9lites ont coup\u00e9 la Statice. Le Car\u00eame a pos\u00e9 sur elles son cachet On voit sur leurs fronts la fleur d\u2019une cicatrice.<\/p>\n<p class=\"more-link-p\"><a class=\"more-link\" href=\"http:\/\/laplumedeloiseaulyre.com\/?page_id=7589\">Read more &rarr;<\/a><\/p>\n","protected":false},"author":1,"featured_media":0,"parent":0,"menu_order":0,"comment_status":"closed","ping_status":"closed","template":"","meta":{"spay_email":""},"jetpack_shortlink":"https:\/\/wp.me\/P4lzfC-1Yp","_links":{"self":[{"href":"http:\/\/laplumedeloiseaulyre.com\/index.php?rest_route=\/wp\/v2\/pages\/7589"}],"collection":[{"href":"http:\/\/laplumedeloiseaulyre.com\/index.php?rest_route=\/wp\/v2\/pages"}],"about":[{"href":"http:\/\/laplumedeloiseaulyre.com\/index.php?rest_route=\/wp\/v2\/types\/page"}],"author":[{"embeddable":true,"href":"http:\/\/laplumedeloiseaulyre.com\/index.php?rest_route=\/wp\/v2\/users\/1"}],"replies":[{"embeddable":true,"href":"http:\/\/laplumedeloiseaulyre.com\/index.php?rest_route=%2Fwp%2Fv2%2Fcomments&post=7589"}],"version-history":[{"count":2,"href":"http:\/\/laplumedeloiseaulyre.com\/index.php?rest_route=\/wp\/v2\/pages\/7589\/revisions"}],"predecessor-version":[{"id":13734,"href":"http:\/\/laplumedeloiseaulyre.com\/index.php?rest_route=\/wp\/v2\/pages\/7589\/revisions\/13734"}],"wp:attachment":[{"href":"http:\/\/laplumedeloiseaulyre.com\/index.php?rest_route=%2Fwp%2Fv2%2Fmedia&parent=7589"}],"curies":[{"name":"wp","href":"https:\/\/api.w.org\/{rel}","templated":true}]}}