{"id":7587,"date":"2018-03-03T11:52:19","date_gmt":"2018-03-03T11:52:19","guid":{"rendered":"http:\/\/laplumedeloiseaulyre.com\/?page_id=7587"},"modified":"2018-03-03T11:52:19","modified_gmt":"2018-03-03T11:52:19","slug":"spiree-spiraea-salicifolia","status":"publish","type":"page","link":"http:\/\/laplumedeloiseaulyre.com\/?page_id=7587","title":{"rendered":"SPIR\u00c9E Spiraea salicifolia"},"content":{"rendered":"<p>Tous les chemins m\u00e8nent au r\u00e9cif des adieux,<br \/>\nTous les chemins m\u00e8nent aux sables incertains<br \/>\nMouvant en vagues et en cercles lumineux<br \/>\nComme la Spir\u00e9e inconsciente du destin.<\/p>\n","protected":false},"excerpt":{"rendered":"<p>Tous les chemins m\u00e8nent au r\u00e9cif des adieux, Tous les chemins m\u00e8nent aux sables incertains Mouvant en vagues et en cercles lumineux Comme la Spir\u00e9e inconsciente du destin.<\/p>\n<p class=\"more-link-p\"><a class=\"more-link\" href=\"http:\/\/laplumedeloiseaulyre.com\/?page_id=7587\">Read more &rarr;<\/a><\/p>\n","protected":false},"author":1,"featured_media":0,"parent":0,"menu_order":0,"comment_status":"closed","ping_status":"closed","template":"","meta":{"spay_email":""},"jetpack_shortlink":"https:\/\/wp.me\/P4lzfC-1Yn","_links":{"self":[{"href":"http:\/\/laplumedeloiseaulyre.com\/index.php?rest_route=\/wp\/v2\/pages\/7587"}],"collection":[{"href":"http:\/\/laplumedeloiseaulyre.com\/index.php?rest_route=\/wp\/v2\/pages"}],"about":[{"href":"http:\/\/laplumedeloiseaulyre.com\/index.php?rest_route=\/wp\/v2\/types\/page"}],"author":[{"embeddable":true,"href":"http:\/\/laplumedeloiseaulyre.com\/index.php?rest_route=\/wp\/v2\/users\/1"}],"replies":[{"embeddable":true,"href":"http:\/\/laplumedeloiseaulyre.com\/index.php?rest_route=%2Fwp%2Fv2%2Fcomments&post=7587"}],"version-history":[{"count":1,"href":"http:\/\/laplumedeloiseaulyre.com\/index.php?rest_route=\/wp\/v2\/pages\/7587\/revisions"}],"predecessor-version":[{"id":7588,"href":"http:\/\/laplumedeloiseaulyre.com\/index.php?rest_route=\/wp\/v2\/pages\/7587\/revisions\/7588"}],"wp:attachment":[{"href":"http:\/\/laplumedeloiseaulyre.com\/index.php?rest_route=%2Fwp%2Fv2%2Fmedia&parent=7587"}],"curies":[{"name":"wp","href":"https:\/\/api.w.org\/{rel}","templated":true}]}}