{"id":7583,"date":"2018-03-03T11:50:49","date_gmt":"2018-03-03T11:50:49","guid":{"rendered":"http:\/\/laplumedeloiseaulyre.com\/?page_id=7583"},"modified":"2021-07-25T14:45:13","modified_gmt":"2021-07-25T14:45:13","slug":"spergule-spergula-arvensis","status":"publish","type":"page","link":"http:\/\/laplumedeloiseaulyre.com\/?page_id=7583","title":{"rendered":"SPERGULE Spergula arvensis"},"content":{"rendered":"<p>Spinelle et Spergule se regardaient<br \/>\nDe travers comme deux chiens de fa\u00efence,<br \/>\nNe comprenant gu\u00e8re qu&rsquo;ils partageaient<br \/>\nPour le soleil une m\u00eame attirance.<\/p>\n","protected":false},"excerpt":{"rendered":"<p>Spinelle et Spergule se regardaient De travers comme deux chiens de fa\u00efence, Ne comprenant gu\u00e8re qu&rsquo;ils partageaient Pour le soleil une m\u00eame attirance.<\/p>\n<p class=\"more-link-p\"><a class=\"more-link\" href=\"http:\/\/laplumedeloiseaulyre.com\/?page_id=7583\">Read more &rarr;<\/a><\/p>\n","protected":false},"author":1,"featured_media":0,"parent":0,"menu_order":0,"comment_status":"closed","ping_status":"closed","template":"","meta":{"spay_email":""},"jetpack_shortlink":"https:\/\/wp.me\/P4lzfC-1Yj","_links":{"self":[{"href":"http:\/\/laplumedeloiseaulyre.com\/index.php?rest_route=\/wp\/v2\/pages\/7583"}],"collection":[{"href":"http:\/\/laplumedeloiseaulyre.com\/index.php?rest_route=\/wp\/v2\/pages"}],"about":[{"href":"http:\/\/laplumedeloiseaulyre.com\/index.php?rest_route=\/wp\/v2\/types\/page"}],"author":[{"embeddable":true,"href":"http:\/\/laplumedeloiseaulyre.com\/index.php?rest_route=\/wp\/v2\/users\/1"}],"replies":[{"embeddable":true,"href":"http:\/\/laplumedeloiseaulyre.com\/index.php?rest_route=%2Fwp%2Fv2%2Fcomments&post=7583"}],"version-history":[{"count":3,"href":"http:\/\/laplumedeloiseaulyre.com\/index.php?rest_route=\/wp\/v2\/pages\/7583\/revisions"}],"predecessor-version":[{"id":12641,"href":"http:\/\/laplumedeloiseaulyre.com\/index.php?rest_route=\/wp\/v2\/pages\/7583\/revisions\/12641"}],"wp:attachment":[{"href":"http:\/\/laplumedeloiseaulyre.com\/index.php?rest_route=%2Fwp%2Fv2%2Fmedia&parent=7583"}],"curies":[{"name":"wp","href":"https:\/\/api.w.org\/{rel}","templated":true}]}}