{"id":7572,"date":"2018-03-03T11:45:25","date_gmt":"2018-03-03T11:45:25","guid":{"rendered":"http:\/\/laplumedeloiseaulyre.com\/?page_id=7572"},"modified":"2021-07-01T21:08:53","modified_gmt":"2021-07-01T21:08:53","slug":"setaire-setaria-glauca","status":"publish","type":"page","link":"http:\/\/laplumedeloiseaulyre.com\/?page_id=7572","title":{"rendered":"S\u00c9TAIRE Setaria pumila"},"content":{"rendered":"<p>\u00d4 S\u00e9taire, terrible c\u0153ur de pierre<br \/>\nQuand deviendras-tu poac\u00e9e d\u2019excellence ?<br \/>\nFer glauque \u00e9touff\u00e9 de mauvaise terre<br \/>\nMais quand donc en toi germera la cl\u00e9mence ?<\/p>\n","protected":false},"excerpt":{"rendered":"<p>\u00d4 S\u00e9taire, terrible c\u0153ur de pierre Quand deviendras-tu poac\u00e9e d\u2019excellence ? Fer glauque \u00e9touff\u00e9 de mauvaise terre Mais quand donc en toi germera la cl\u00e9mence ?<\/p>\n<p class=\"more-link-p\"><a class=\"more-link\" href=\"http:\/\/laplumedeloiseaulyre.com\/?page_id=7572\">Read more &rarr;<\/a><\/p>\n","protected":false},"author":1,"featured_media":0,"parent":0,"menu_order":0,"comment_status":"closed","ping_status":"closed","template":"","meta":{"spay_email":""},"jetpack_shortlink":"https:\/\/wp.me\/P4lzfC-1Y8","_links":{"self":[{"href":"http:\/\/laplumedeloiseaulyre.com\/index.php?rest_route=\/wp\/v2\/pages\/7572"}],"collection":[{"href":"http:\/\/laplumedeloiseaulyre.com\/index.php?rest_route=\/wp\/v2\/pages"}],"about":[{"href":"http:\/\/laplumedeloiseaulyre.com\/index.php?rest_route=\/wp\/v2\/types\/page"}],"author":[{"embeddable":true,"href":"http:\/\/laplumedeloiseaulyre.com\/index.php?rest_route=\/wp\/v2\/users\/1"}],"replies":[{"embeddable":true,"href":"http:\/\/laplumedeloiseaulyre.com\/index.php?rest_route=%2Fwp%2Fv2%2Fcomments&post=7572"}],"version-history":[{"count":2,"href":"http:\/\/laplumedeloiseaulyre.com\/index.php?rest_route=\/wp\/v2\/pages\/7572\/revisions"}],"predecessor-version":[{"id":12489,"href":"http:\/\/laplumedeloiseaulyre.com\/index.php?rest_route=\/wp\/v2\/pages\/7572\/revisions\/12489"}],"wp:attachment":[{"href":"http:\/\/laplumedeloiseaulyre.com\/index.php?rest_route=%2Fwp%2Fv2%2Fmedia&parent=7572"}],"curies":[{"name":"wp","href":"https:\/\/api.w.org\/{rel}","templated":true}]}}