{"id":7568,"date":"2018-03-03T11:41:07","date_gmt":"2018-03-03T11:41:07","guid":{"rendered":"http:\/\/laplumedeloiseaulyre.com\/?page_id=7568"},"modified":"2018-03-03T11:41:07","modified_gmt":"2018-03-03T11:41:07","slug":"seringa-philadelphus-coronarius","status":"publish","type":"page","link":"http:\/\/laplumedeloiseaulyre.com\/?page_id=7568","title":{"rendered":"SERINGA Philadelphus coronarius"},"content":{"rendered":"<p>Dogaresse inclin\u00e9e la fleur de Seringa<br \/>\nS&rsquo;\u00e9namoure d&rsquo;\u00eatre le jasmin des po\u00e8tes.<br \/>\nPhilanthrope aux collerettes de taffetas<br \/>\nElle vibre au ressac de leurs plumes alertes.<\/p>\n","protected":false},"excerpt":{"rendered":"<p>Dogaresse inclin\u00e9e la fleur de Seringa S&rsquo;\u00e9namoure d&rsquo;\u00eatre le jasmin des po\u00e8tes. Philanthrope aux collerettes de taffetas Elle vibre au ressac de leurs plumes alertes.<\/p>\n<p class=\"more-link-p\"><a class=\"more-link\" href=\"http:\/\/laplumedeloiseaulyre.com\/?page_id=7568\">Read more &rarr;<\/a><\/p>\n","protected":false},"author":1,"featured_media":0,"parent":0,"menu_order":0,"comment_status":"closed","ping_status":"closed","template":"","meta":{"spay_email":""},"jetpack_shortlink":"https:\/\/wp.me\/P4lzfC-1Y4","_links":{"self":[{"href":"http:\/\/laplumedeloiseaulyre.com\/index.php?rest_route=\/wp\/v2\/pages\/7568"}],"collection":[{"href":"http:\/\/laplumedeloiseaulyre.com\/index.php?rest_route=\/wp\/v2\/pages"}],"about":[{"href":"http:\/\/laplumedeloiseaulyre.com\/index.php?rest_route=\/wp\/v2\/types\/page"}],"author":[{"embeddable":true,"href":"http:\/\/laplumedeloiseaulyre.com\/index.php?rest_route=\/wp\/v2\/users\/1"}],"replies":[{"embeddable":true,"href":"http:\/\/laplumedeloiseaulyre.com\/index.php?rest_route=%2Fwp%2Fv2%2Fcomments&post=7568"}],"version-history":[{"count":1,"href":"http:\/\/laplumedeloiseaulyre.com\/index.php?rest_route=\/wp\/v2\/pages\/7568\/revisions"}],"predecessor-version":[{"id":7569,"href":"http:\/\/laplumedeloiseaulyre.com\/index.php?rest_route=\/wp\/v2\/pages\/7568\/revisions\/7569"}],"wp:attachment":[{"href":"http:\/\/laplumedeloiseaulyre.com\/index.php?rest_route=%2Fwp%2Fv2%2Fmedia&parent=7568"}],"curies":[{"name":"wp","href":"https:\/\/api.w.org\/{rel}","templated":true}]}}