{"id":7564,"date":"2018-03-03T11:38:44","date_gmt":"2018-03-03T11:38:44","guid":{"rendered":"http:\/\/laplumedeloiseaulyre.com\/?page_id=7564"},"modified":"2018-03-03T11:38:44","modified_gmt":"2018-03-03T11:38:44","slug":"sensitive-mimosa-pudica","status":"publish","type":"page","link":"http:\/\/laplumedeloiseaulyre.com\/?page_id=7564","title":{"rendered":"SENSITIVE Mimosa pudica"},"content":{"rendered":"<p>Oui je suis heureuse que tu vives<br \/>\n\u00c9tranger dont je ne connais rien<br \/>\nTon \u00e2me comme la Sensitive<br \/>\nIgnor\u00e9e me parle d\u2019un jardin.<\/p>\n","protected":false},"excerpt":{"rendered":"<p>Oui je suis heureuse que tu vives \u00c9tranger dont je ne connais rien Ton \u00e2me comme la Sensitive Ignor\u00e9e me parle d\u2019un jardin.<\/p>\n<p class=\"more-link-p\"><a class=\"more-link\" href=\"http:\/\/laplumedeloiseaulyre.com\/?page_id=7564\">Read more &rarr;<\/a><\/p>\n","protected":false},"author":1,"featured_media":0,"parent":0,"menu_order":0,"comment_status":"closed","ping_status":"closed","template":"","meta":{"spay_email":""},"jetpack_shortlink":"https:\/\/wp.me\/P4lzfC-1Y0","_links":{"self":[{"href":"http:\/\/laplumedeloiseaulyre.com\/index.php?rest_route=\/wp\/v2\/pages\/7564"}],"collection":[{"href":"http:\/\/laplumedeloiseaulyre.com\/index.php?rest_route=\/wp\/v2\/pages"}],"about":[{"href":"http:\/\/laplumedeloiseaulyre.com\/index.php?rest_route=\/wp\/v2\/types\/page"}],"author":[{"embeddable":true,"href":"http:\/\/laplumedeloiseaulyre.com\/index.php?rest_route=\/wp\/v2\/users\/1"}],"replies":[{"embeddable":true,"href":"http:\/\/laplumedeloiseaulyre.com\/index.php?rest_route=%2Fwp%2Fv2%2Fcomments&post=7564"}],"version-history":[{"count":1,"href":"http:\/\/laplumedeloiseaulyre.com\/index.php?rest_route=\/wp\/v2\/pages\/7564\/revisions"}],"predecessor-version":[{"id":7565,"href":"http:\/\/laplumedeloiseaulyre.com\/index.php?rest_route=\/wp\/v2\/pages\/7564\/revisions\/7565"}],"wp:attachment":[{"href":"http:\/\/laplumedeloiseaulyre.com\/index.php?rest_route=%2Fwp%2Fv2%2Fmedia&parent=7564"}],"curies":[{"name":"wp","href":"https:\/\/api.w.org\/{rel}","templated":true}]}}