{"id":7562,"date":"2018-03-03T11:37:31","date_gmt":"2018-03-03T11:37:31","guid":{"rendered":"http:\/\/laplumedeloiseaulyre.com\/?page_id=7562"},"modified":"2021-07-01T21:07:29","modified_gmt":"2021-07-01T21:07:29","slug":"seneve-brassica-nigra","status":"publish","type":"page","link":"http:\/\/laplumedeloiseaulyre.com\/?page_id=7562","title":{"rendered":"S\u00c9NEV\u00c9 NOIR Brassica nigra"},"content":{"rendered":"<p>\u00c0 l&rsquo;exercice de foi il faudra<br \/>\nOb\u00e9ir et sans orgueil s&rsquo;incliner,<br \/>\nSe faire serviteur et parler bas :<br \/>\nAinsi va le destin du S\u00e9nev\u00e9.<\/p>\n","protected":false},"excerpt":{"rendered":"<p>\u00c0 l&rsquo;exercice de foi il faudra Ob\u00e9ir et sans orgueil s&rsquo;incliner, Se faire serviteur et parler bas : Ainsi va le destin du S\u00e9nev\u00e9.<\/p>\n<p class=\"more-link-p\"><a class=\"more-link\" href=\"http:\/\/laplumedeloiseaulyre.com\/?page_id=7562\">Read more &rarr;<\/a><\/p>\n","protected":false},"author":1,"featured_media":0,"parent":0,"menu_order":0,"comment_status":"closed","ping_status":"closed","template":"","meta":{"spay_email":""},"jetpack_shortlink":"https:\/\/wp.me\/P4lzfC-1XY","_links":{"self":[{"href":"http:\/\/laplumedeloiseaulyre.com\/index.php?rest_route=\/wp\/v2\/pages\/7562"}],"collection":[{"href":"http:\/\/laplumedeloiseaulyre.com\/index.php?rest_route=\/wp\/v2\/pages"}],"about":[{"href":"http:\/\/laplumedeloiseaulyre.com\/index.php?rest_route=\/wp\/v2\/types\/page"}],"author":[{"embeddable":true,"href":"http:\/\/laplumedeloiseaulyre.com\/index.php?rest_route=\/wp\/v2\/users\/1"}],"replies":[{"embeddable":true,"href":"http:\/\/laplumedeloiseaulyre.com\/index.php?rest_route=%2Fwp%2Fv2%2Fcomments&post=7562"}],"version-history":[{"count":2,"href":"http:\/\/laplumedeloiseaulyre.com\/index.php?rest_route=\/wp\/v2\/pages\/7562\/revisions"}],"predecessor-version":[{"id":12488,"href":"http:\/\/laplumedeloiseaulyre.com\/index.php?rest_route=\/wp\/v2\/pages\/7562\/revisions\/12488"}],"wp:attachment":[{"href":"http:\/\/laplumedeloiseaulyre.com\/index.php?rest_route=%2Fwp%2Fv2%2Fmedia&parent=7562"}],"curies":[{"name":"wp","href":"https:\/\/api.w.org\/{rel}","templated":true}]}}