{"id":7544,"date":"2018-03-03T10:35:47","date_gmt":"2018-03-03T10:35:47","guid":{"rendered":"http:\/\/laplumedeloiseaulyre.com\/?page_id=7544"},"modified":"2021-07-25T14:42:43","modified_gmt":"2021-07-25T14:42:43","slug":"schizostylis-lys-des-cafres-schizostylis-coccinea","status":"publish","type":"page","link":"http:\/\/laplumedeloiseaulyre.com\/?page_id=7544","title":{"rendered":"SCHIZOSTYLIS (LYS DES CAFRES) Hesperantha coccinea"},"content":{"rendered":"<p>B\u00e9ni sois-tu muet Schizostylis<br \/>\nQui, malgr\u00e9 toi, tra\u00e7a sans un regret<br \/>\nD&rsquo;un \u00e9clat d&rsquo;alfange la cicatrice<br \/>\nQui manquait \u00e0 mon c\u0153ur dur et mauvais.<\/p>\n","protected":false},"excerpt":{"rendered":"<p>B\u00e9ni sois-tu muet Schizostylis Qui, malgr\u00e9 toi, tra\u00e7a sans un regret D&rsquo;un \u00e9clat d&rsquo;alfange la cicatrice Qui manquait \u00e0 mon c\u0153ur dur et mauvais.<\/p>\n<p class=\"more-link-p\"><a class=\"more-link\" href=\"http:\/\/laplumedeloiseaulyre.com\/?page_id=7544\">Read more &rarr;<\/a><\/p>\n","protected":false},"author":1,"featured_media":0,"parent":0,"menu_order":0,"comment_status":"closed","ping_status":"closed","template":"","meta":{"spay_email":""},"jetpack_shortlink":"https:\/\/wp.me\/P4lzfC-1XG","_links":{"self":[{"href":"http:\/\/laplumedeloiseaulyre.com\/index.php?rest_route=\/wp\/v2\/pages\/7544"}],"collection":[{"href":"http:\/\/laplumedeloiseaulyre.com\/index.php?rest_route=\/wp\/v2\/pages"}],"about":[{"href":"http:\/\/laplumedeloiseaulyre.com\/index.php?rest_route=\/wp\/v2\/types\/page"}],"author":[{"embeddable":true,"href":"http:\/\/laplumedeloiseaulyre.com\/index.php?rest_route=\/wp\/v2\/users\/1"}],"replies":[{"embeddable":true,"href":"http:\/\/laplumedeloiseaulyre.com\/index.php?rest_route=%2Fwp%2Fv2%2Fcomments&post=7544"}],"version-history":[{"count":5,"href":"http:\/\/laplumedeloiseaulyre.com\/index.php?rest_route=\/wp\/v2\/pages\/7544\/revisions"}],"predecessor-version":[{"id":12639,"href":"http:\/\/laplumedeloiseaulyre.com\/index.php?rest_route=\/wp\/v2\/pages\/7544\/revisions\/12639"}],"wp:attachment":[{"href":"http:\/\/laplumedeloiseaulyre.com\/index.php?rest_route=%2Fwp%2Fv2%2Fmedia&parent=7544"}],"curies":[{"name":"wp","href":"https:\/\/api.w.org\/{rel}","templated":true}]}}