{"id":7542,"date":"2018-03-03T10:35:06","date_gmt":"2018-03-03T10:35:06","guid":{"rendered":"http:\/\/laplumedeloiseaulyre.com\/?page_id=7542"},"modified":"2022-02-25T01:37:00","modified_gmt":"2022-02-25T01:37:00","slug":"sceau-de-salomon-polygonatum-multiflorum","status":"publish","type":"page","link":"http:\/\/laplumedeloiseaulyre.com\/?page_id=7542","title":{"rendered":"SCEAU DE SALOMON Polygonatum multiflorum"},"content":{"rendered":"<p>C&rsquo;est au fid\u00e8le Sceau de Salomon<br \/>\nQue j&rsquo;ai redit ce cher amour secret<br \/>\nSurvivant en moi comme un doux<em> da\u00eemon<\/em><br \/>\nEt dont je ne puis d\u00e9lier le faix.<\/p>\n","protected":false},"excerpt":{"rendered":"<p>C&rsquo;est au fid\u00e8le Sceau de Salomon Que j&rsquo;ai redit ce cher amour secret Survivant en moi comme un doux da\u00eemon Et dont je ne puis d\u00e9lier le faix.<\/p>\n<p class=\"more-link-p\"><a class=\"more-link\" href=\"http:\/\/laplumedeloiseaulyre.com\/?page_id=7542\">Read more &rarr;<\/a><\/p>\n","protected":false},"author":1,"featured_media":0,"parent":0,"menu_order":0,"comment_status":"closed","ping_status":"closed","template":"","meta":{"spay_email":""},"jetpack_shortlink":"https:\/\/wp.me\/P4lzfC-1XE","_links":{"self":[{"href":"http:\/\/laplumedeloiseaulyre.com\/index.php?rest_route=\/wp\/v2\/pages\/7542"}],"collection":[{"href":"http:\/\/laplumedeloiseaulyre.com\/index.php?rest_route=\/wp\/v2\/pages"}],"about":[{"href":"http:\/\/laplumedeloiseaulyre.com\/index.php?rest_route=\/wp\/v2\/types\/page"}],"author":[{"embeddable":true,"href":"http:\/\/laplumedeloiseaulyre.com\/index.php?rest_route=\/wp\/v2\/users\/1"}],"replies":[{"embeddable":true,"href":"http:\/\/laplumedeloiseaulyre.com\/index.php?rest_route=%2Fwp%2Fv2%2Fcomments&post=7542"}],"version-history":[{"count":2,"href":"http:\/\/laplumedeloiseaulyre.com\/index.php?rest_route=\/wp\/v2\/pages\/7542\/revisions"}],"predecessor-version":[{"id":13728,"href":"http:\/\/laplumedeloiseaulyre.com\/index.php?rest_route=\/wp\/v2\/pages\/7542\/revisions\/13728"}],"wp:attachment":[{"href":"http:\/\/laplumedeloiseaulyre.com\/index.php?rest_route=%2Fwp%2Fv2%2Fmedia&parent=7542"}],"curies":[{"name":"wp","href":"https:\/\/api.w.org\/{rel}","templated":true}]}}