{"id":7526,"date":"2018-03-03T10:29:03","date_gmt":"2018-03-03T10:29:03","guid":{"rendered":"http:\/\/laplumedeloiseaulyre.com\/?page_id=7526"},"modified":"2022-02-25T01:28:45","modified_gmt":"2022-02-25T01:28:45","slug":"sapotille-manilkara-zapota","status":"publish","type":"page","link":"http:\/\/laplumedeloiseaulyre.com\/?page_id=7526","title":{"rendered":"SAPOTILLE Manilkara zapota"},"content":{"rendered":"<p>M\u00e8re Guenon re\u00e7oit P\u00e8re Mandrille<br \/>\nSous un grotesque parasol de paille<br \/>\nSinge et gorille en grimaces ripaillent<br \/>\nSagouin chapardeur mord la Sapotille.<\/p>\n","protected":false},"excerpt":{"rendered":"<p>M\u00e8re Guenon re\u00e7oit P\u00e8re Mandrille Sous un grotesque parasol de paille Singe et gorille en grimaces ripaillent Sagouin chapardeur mord la Sapotille.<\/p>\n<p class=\"more-link-p\"><a class=\"more-link\" href=\"http:\/\/laplumedeloiseaulyre.com\/?page_id=7526\">Read more &rarr;<\/a><\/p>\n","protected":false},"author":1,"featured_media":0,"parent":0,"menu_order":0,"comment_status":"closed","ping_status":"closed","template":"","meta":{"spay_email":""},"jetpack_shortlink":"https:\/\/wp.me\/P4lzfC-1Xo","_links":{"self":[{"href":"http:\/\/laplumedeloiseaulyre.com\/index.php?rest_route=\/wp\/v2\/pages\/7526"}],"collection":[{"href":"http:\/\/laplumedeloiseaulyre.com\/index.php?rest_route=\/wp\/v2\/pages"}],"about":[{"href":"http:\/\/laplumedeloiseaulyre.com\/index.php?rest_route=\/wp\/v2\/types\/page"}],"author":[{"embeddable":true,"href":"http:\/\/laplumedeloiseaulyre.com\/index.php?rest_route=\/wp\/v2\/users\/1"}],"replies":[{"embeddable":true,"href":"http:\/\/laplumedeloiseaulyre.com\/index.php?rest_route=%2Fwp%2Fv2%2Fcomments&post=7526"}],"version-history":[{"count":2,"href":"http:\/\/laplumedeloiseaulyre.com\/index.php?rest_route=\/wp\/v2\/pages\/7526\/revisions"}],"predecessor-version":[{"id":13721,"href":"http:\/\/laplumedeloiseaulyre.com\/index.php?rest_route=\/wp\/v2\/pages\/7526\/revisions\/13721"}],"wp:attachment":[{"href":"http:\/\/laplumedeloiseaulyre.com\/index.php?rest_route=%2Fwp%2Fv2%2Fmedia&parent=7526"}],"curies":[{"name":"wp","href":"https:\/\/api.w.org\/{rel}","templated":true}]}}