{"id":7517,"date":"2018-03-03T00:18:19","date_gmt":"2018-03-03T00:18:19","guid":{"rendered":"http:\/\/laplumedeloiseaulyre.com\/?page_id=7517"},"modified":"2018-06-23T19:48:04","modified_gmt":"2018-06-23T19:48:04","slug":"vigne-vierge-parthenocissus-quinquefolia","status":"publish","type":"page","link":"http:\/\/laplumedeloiseaulyre.com\/?page_id=7517","title":{"rendered":"VIGNE VIERGE  Parthenocissus quinquefolia"},"content":{"rendered":"<p>Malheur \u00e0 la Vigne Vierge born\u00e9e<br \/>\nQui s\u2019amouracha d\u2019un phare et d\u2019un mur,<br \/>\nToujours plus st\u00e9rile, toujours bern\u00e9e<br \/>\n\u00c0 force de ne vouloir \u00eatre m\u00fbre.<\/p>\n<p><span style=\"color: #339966;\"><strong>(English) VIRGINIA CREEPER <em>Parthenocissus quinquefolia<\/em><\/strong><\/span><\/p>\n<p><span style=\"color: #339966;\">Woe to the stubborn so called Virginia creeper<\/span><br \/>\n<span style=\"color: #339966;\"> Clinging lovelorn to a wall<\/span><br \/>\n<span style=\"color: #339966;\"> Seemingly sterile, deluded<\/span><br \/>\n<span style=\"color: #339966;\"> And blossoming discreetly.<\/span><\/p>\n<p><span style=\"color: #339966;\">\u00a9traduction David Lowe<\/span><\/p>\n","protected":false},"excerpt":{"rendered":"<p>Malheur \u00e0 la Vigne Vierge born\u00e9e Qui s\u2019amouracha d\u2019un phare et d\u2019un mur, Toujours plus st\u00e9rile, toujours bern\u00e9e \u00c0 force de ne vouloir \u00eatre m\u00fbre. (English) VIRGINIA CREEPER Parthenocissus quinquefolia Woe to the stubborn so called Virginia creeper Clinging lovelorn&hellip;<\/p>\n<p class=\"more-link-p\"><a class=\"more-link\" href=\"http:\/\/laplumedeloiseaulyre.com\/?page_id=7517\">Read more &rarr;<\/a><\/p>\n","protected":false},"author":1,"featured_media":0,"parent":0,"menu_order":0,"comment_status":"closed","ping_status":"closed","template":"","meta":{"spay_email":""},"jetpack_shortlink":"https:\/\/wp.me\/P4lzfC-1Xf","_links":{"self":[{"href":"http:\/\/laplumedeloiseaulyre.com\/index.php?rest_route=\/wp\/v2\/pages\/7517"}],"collection":[{"href":"http:\/\/laplumedeloiseaulyre.com\/index.php?rest_route=\/wp\/v2\/pages"}],"about":[{"href":"http:\/\/laplumedeloiseaulyre.com\/index.php?rest_route=\/wp\/v2\/types\/page"}],"author":[{"embeddable":true,"href":"http:\/\/laplumedeloiseaulyre.com\/index.php?rest_route=\/wp\/v2\/users\/1"}],"replies":[{"embeddable":true,"href":"http:\/\/laplumedeloiseaulyre.com\/index.php?rest_route=%2Fwp%2Fv2%2Fcomments&post=7517"}],"version-history":[{"count":5,"href":"http:\/\/laplumedeloiseaulyre.com\/index.php?rest_route=\/wp\/v2\/pages\/7517\/revisions"}],"predecessor-version":[{"id":8142,"href":"http:\/\/laplumedeloiseaulyre.com\/index.php?rest_route=\/wp\/v2\/pages\/7517\/revisions\/8142"}],"wp:attachment":[{"href":"http:\/\/laplumedeloiseaulyre.com\/index.php?rest_route=%2Fwp%2Fv2%2Fmedia&parent=7517"}],"curies":[{"name":"wp","href":"https:\/\/api.w.org\/{rel}","templated":true}]}}