{"id":7512,"date":"2018-03-03T00:16:29","date_gmt":"2018-03-03T00:16:29","guid":{"rendered":"http:\/\/laplumedeloiseaulyre.com\/?page_id=7512"},"modified":"2018-03-03T00:16:29","modified_gmt":"2018-03-03T00:16:29","slug":"viorne-viburnum-tinus","status":"publish","type":"page","link":"http:\/\/laplumedeloiseaulyre.com\/?page_id=7512","title":{"rendered":"VIORNE Viburnum tinus"},"content":{"rendered":"<p>Volage amour s&rsquo;est enfui \u00e0 pas d&rsquo;aigle<br \/>\nAussi cruel et narquois que ses fl\u00e8ches,<br \/>\nAussi m\u00e9chant que la Viorne rebelle<br \/>\nPortant sa chandelle sans feu ni m\u00e8che. <\/p>\n","protected":false},"excerpt":{"rendered":"<p>Volage amour s&rsquo;est enfui \u00e0 pas d&rsquo;aigle Aussi cruel et narquois que ses fl\u00e8ches, Aussi m\u00e9chant que la Viorne rebelle Portant sa chandelle sans feu ni m\u00e8che.<\/p>\n<p class=\"more-link-p\"><a class=\"more-link\" href=\"http:\/\/laplumedeloiseaulyre.com\/?page_id=7512\">Read more &rarr;<\/a><\/p>\n","protected":false},"author":1,"featured_media":0,"parent":0,"menu_order":0,"comment_status":"closed","ping_status":"closed","template":"","meta":{"spay_email":""},"jetpack_shortlink":"https:\/\/wp.me\/P4lzfC-1Xa","_links":{"self":[{"href":"http:\/\/laplumedeloiseaulyre.com\/index.php?rest_route=\/wp\/v2\/pages\/7512"}],"collection":[{"href":"http:\/\/laplumedeloiseaulyre.com\/index.php?rest_route=\/wp\/v2\/pages"}],"about":[{"href":"http:\/\/laplumedeloiseaulyre.com\/index.php?rest_route=\/wp\/v2\/types\/page"}],"author":[{"embeddable":true,"href":"http:\/\/laplumedeloiseaulyre.com\/index.php?rest_route=\/wp\/v2\/users\/1"}],"replies":[{"embeddable":true,"href":"http:\/\/laplumedeloiseaulyre.com\/index.php?rest_route=%2Fwp%2Fv2%2Fcomments&post=7512"}],"version-history":[{"count":1,"href":"http:\/\/laplumedeloiseaulyre.com\/index.php?rest_route=\/wp\/v2\/pages\/7512\/revisions"}],"predecessor-version":[{"id":7513,"href":"http:\/\/laplumedeloiseaulyre.com\/index.php?rest_route=\/wp\/v2\/pages\/7512\/revisions\/7513"}],"wp:attachment":[{"href":"http:\/\/laplumedeloiseaulyre.com\/index.php?rest_route=%2Fwp%2Fv2%2Fmedia&parent=7512"}],"curies":[{"name":"wp","href":"https:\/\/api.w.org\/{rel}","templated":true}]}}