{"id":7504,"date":"2018-03-03T00:11:56","date_gmt":"2018-03-03T00:11:56","guid":{"rendered":"http:\/\/laplumedeloiseaulyre.com\/?page_id=7504"},"modified":"2021-07-01T21:33:28","modified_gmt":"2021-07-01T21:33:28","slug":"weigela-weigela","status":"publish","type":"page","link":"http:\/\/laplumedeloiseaulyre.com\/?page_id=7504","title":{"rendered":"WEIG\u00c9LIA Weigela"},"content":{"rendered":"<p>Caprifoliac\u00e9e aux jub\u00e9s m\u00e9tamorphiques,<br \/>\nLe c\u0153ur du Weig\u00e9lia est sculpt\u00e9 de chamade<br \/>\nIl chante le <em>Pange Lingua <\/em>d\u2019un ton nomade<br \/>\nQuand vient l\u2019\u00e9t\u00e9 sur ses voussures botaniques.<\/p>\n","protected":false},"excerpt":{"rendered":"<p>Caprifoliac\u00e9e aux jub\u00e9s m\u00e9tamorphiques, Le c\u0153ur du Weig\u00e9lia est sculpt\u00e9 de chamade Il chante le Pange Lingua d\u2019un ton nomade Quand vient l\u2019\u00e9t\u00e9 sur ses voussures botaniques.<\/p>\n<p class=\"more-link-p\"><a class=\"more-link\" href=\"http:\/\/laplumedeloiseaulyre.com\/?page_id=7504\">Read more &rarr;<\/a><\/p>\n","protected":false},"author":1,"featured_media":0,"parent":0,"menu_order":0,"comment_status":"closed","ping_status":"closed","template":"","meta":{"spay_email":""},"jetpack_shortlink":"https:\/\/wp.me\/P4lzfC-1X2","_links":{"self":[{"href":"http:\/\/laplumedeloiseaulyre.com\/index.php?rest_route=\/wp\/v2\/pages\/7504"}],"collection":[{"href":"http:\/\/laplumedeloiseaulyre.com\/index.php?rest_route=\/wp\/v2\/pages"}],"about":[{"href":"http:\/\/laplumedeloiseaulyre.com\/index.php?rest_route=\/wp\/v2\/types\/page"}],"author":[{"embeddable":true,"href":"http:\/\/laplumedeloiseaulyre.com\/index.php?rest_route=\/wp\/v2\/users\/1"}],"replies":[{"embeddable":true,"href":"http:\/\/laplumedeloiseaulyre.com\/index.php?rest_route=%2Fwp%2Fv2%2Fcomments&post=7504"}],"version-history":[{"count":2,"href":"http:\/\/laplumedeloiseaulyre.com\/index.php?rest_route=\/wp\/v2\/pages\/7504\/revisions"}],"predecessor-version":[{"id":12498,"href":"http:\/\/laplumedeloiseaulyre.com\/index.php?rest_route=\/wp\/v2\/pages\/7504\/revisions\/12498"}],"wp:attachment":[{"href":"http:\/\/laplumedeloiseaulyre.com\/index.php?rest_route=%2Fwp%2Fv2%2Fmedia&parent=7504"}],"curies":[{"name":"wp","href":"https:\/\/api.w.org\/{rel}","templated":true}]}}