{"id":7490,"date":"2018-03-03T00:00:56","date_gmt":"2018-03-03T00:00:56","guid":{"rendered":"http:\/\/laplumedeloiseaulyre.com\/?page_id=7490"},"modified":"2018-03-03T00:00:56","modified_gmt":"2018-03-03T00:00:56","slug":"zizanie-zizania-aquatica","status":"publish","type":"page","link":"http:\/\/laplumedeloiseaulyre.com\/?page_id=7490","title":{"rendered":"ZIZANIE Zizania aquatica"},"content":{"rendered":"<p>C&rsquo;\u00e9tait toi, renoncement qui m&rsquo;appris<br \/>\nQu&rsquo;en ne voulant rien, tout nous poss\u00e9dons,<br \/>\nQu&rsquo;en n&rsquo;exigeant rien nous obtenons vie,<br \/>\nQu&rsquo;en toute Zizanie na\u00eet r\u00e9demption.<\/p>\n","protected":false},"excerpt":{"rendered":"<p>C&rsquo;\u00e9tait toi, renoncement qui m&rsquo;appris Qu&rsquo;en ne voulant rien, tout nous poss\u00e9dons, Qu&rsquo;en n&rsquo;exigeant rien nous obtenons vie, Qu&rsquo;en toute Zizanie na\u00eet r\u00e9demption.<\/p>\n<p class=\"more-link-p\"><a class=\"more-link\" href=\"http:\/\/laplumedeloiseaulyre.com\/?page_id=7490\">Read more &rarr;<\/a><\/p>\n","protected":false},"author":1,"featured_media":0,"parent":0,"menu_order":0,"comment_status":"closed","ping_status":"closed","template":"","meta":{"spay_email":""},"jetpack_shortlink":"https:\/\/wp.me\/P4lzfC-1WO","_links":{"self":[{"href":"http:\/\/laplumedeloiseaulyre.com\/index.php?rest_route=\/wp\/v2\/pages\/7490"}],"collection":[{"href":"http:\/\/laplumedeloiseaulyre.com\/index.php?rest_route=\/wp\/v2\/pages"}],"about":[{"href":"http:\/\/laplumedeloiseaulyre.com\/index.php?rest_route=\/wp\/v2\/types\/page"}],"author":[{"embeddable":true,"href":"http:\/\/laplumedeloiseaulyre.com\/index.php?rest_route=\/wp\/v2\/users\/1"}],"replies":[{"embeddable":true,"href":"http:\/\/laplumedeloiseaulyre.com\/index.php?rest_route=%2Fwp%2Fv2%2Fcomments&post=7490"}],"version-history":[{"count":1,"href":"http:\/\/laplumedeloiseaulyre.com\/index.php?rest_route=\/wp\/v2\/pages\/7490\/revisions"}],"predecessor-version":[{"id":7491,"href":"http:\/\/laplumedeloiseaulyre.com\/index.php?rest_route=\/wp\/v2\/pages\/7490\/revisions\/7491"}],"wp:attachment":[{"href":"http:\/\/laplumedeloiseaulyre.com\/index.php?rest_route=%2Fwp%2Fv2%2Fmedia&parent=7490"}],"curies":[{"name":"wp","href":"https:\/\/api.w.org\/{rel}","templated":true}]}}